{"id":6858,"date":"2026-04-23T08:26:21","date_gmt":"2026-04-23T08:26:21","guid":{"rendered":"https:\/\/senseexperience.es\/casandra\/"},"modified":"2026-04-25T11:02:27","modified_gmt":"2026-04-25T11:02:27","slug":"casandra","status":"publish","type":"page","link":"https:\/\/senseexperience.es\/it\/casandra\/","title":{"rendered":"Casandra"},"content":{"rendered":"\t\t<div data-elementor-type=\"wp-page\" data-elementor-id=\"6858\" class=\"elementor elementor-6858 elementor-6690\" data-elementor-post-type=\"page\">\n\t\t\t\t<div class=\"elementor-element elementor-element-451ba04 e-flex e-con-boxed e-con e-parent\" data-id=\"451ba04\" data-element_type=\"container\">\n\t\t\t\t\t<div class=\"e-con-inner\">\n\t\t<div class=\"elementor-element elementor-element-280ebf9 e-con-full e-flex e-con e-child\" data-id=\"280ebf9\" data-element_type=\"container\">\n\t\t\t\t<div class=\"elementor-element elementor-element-b5fe4f7 elementor-widget elementor-widget-heading\" data-id=\"b5fe4f7\" data-element_type=\"widget\" data-widget_type=\"heading.default\">\n\t\t\t\t<div class=\"elementor-widget-container\">\n\t\t\t\t\t<h3 class=\"elementor-heading-title elementor-size-default\">Casandra <\/h3>\t\t\t\t<\/div>\n\t\t\t\t<\/div>\n\t\t\t\t<div class=\"elementor-element elementor-element-8f9ace0 elementor-widget-divider--view-line elementor-widget elementor-widget-divider\" data-id=\"8f9ace0\" data-element_type=\"widget\" data-widget_type=\"divider.default\">\n\t\t\t\t<div class=\"elementor-widget-container\">\n\t\t\t\t\t\t\t<div class=\"elementor-divider\">\n\t\t\t<span class=\"elementor-divider-separator\">\n\t\t\t\t\t\t<\/span>\n\t\t<\/div>\n\t\t\t\t\t\t<\/div>\n\t\t\t\t<\/div>\n\t\t<div class=\"elementor-element elementor-element-c639442 e-con-full e-flex e-con e-child\" data-id=\"c639442\" data-element_type=\"container\">\n\t\t\t\t<div class=\"elementor-element elementor-element-6731e29 elementor-widget elementor-widget-image\" data-id=\"6731e29\" data-element_type=\"widget\" data-widget_type=\"image.default\">\n\t\t\t\t<div class=\"elementor-widget-container\">\n\t\t\t\t\t\t\t\t\t\t\t\t\t\t\t<img fetchpriority=\"high\" decoding=\"async\" width=\"683\" height=\"1024\" src=\"https:\/\/senseexperience.es\/wp-content\/uploads\/2026\/04\/MG_6586-FINAL-683x1024.jpg\" class=\"attachment-large size-large wp-image-6717\" alt=\"Masaje erotico madrid parejas y mujeres\" srcset=\"https:\/\/senseexperience.es\/wp-content\/uploads\/2026\/04\/MG_6586-FINAL-683x1024.jpg 683w, https:\/\/senseexperience.es\/wp-content\/uploads\/2026\/04\/MG_6586-FINAL-200x300.jpg 200w, https:\/\/senseexperience.es\/wp-content\/uploads\/2026\/04\/MG_6586-FINAL-768x1152.jpg 768w, https:\/\/senseexperience.es\/wp-content\/uploads\/2026\/04\/MG_6586-FINAL-1024x1536.jpg 1024w, https:\/\/senseexperience.es\/wp-content\/uploads\/2026\/04\/MG_6586-FINAL-1365x2048.jpg 1365w, https:\/\/senseexperience.es\/wp-content\/uploads\/2026\/04\/MG_6586-FINAL-scaled.jpg 1706w\" sizes=\"(max-width: 683px) 100vw, 683px\" \/>\t\t\t\t\t\t\t\t\t\t\t\t\t\t\t<\/div>\n\t\t\t\t<\/div>\n\t\t\t\t<div class=\"elementor-element elementor-element-2ef8b2f elementor-widget elementor-widget-image\" data-id=\"2ef8b2f\" data-element_type=\"widget\" data-widget_type=\"image.default\">\n\t\t\t\t<div class=\"elementor-widget-container\">\n\t\t\t\t\t\t\t\t\t\t\t\t\t\t\t<img decoding=\"async\" width=\"683\" height=\"1024\" src=\"https:\/\/senseexperience.es\/wp-content\/uploads\/2026\/04\/MG_6451-FINAL-1-683x1024.jpg\" class=\"attachment-large size-large wp-image-6712\" alt=\"Masaje erotico madrid parejas y mujeres\" srcset=\"https:\/\/senseexperience.es\/wp-content\/uploads\/2026\/04\/MG_6451-FINAL-1-683x1024.jpg 683w, https:\/\/senseexperience.es\/wp-content\/uploads\/2026\/04\/MG_6451-FINAL-1-200x300.jpg 200w, https:\/\/senseexperience.es\/wp-content\/uploads\/2026\/04\/MG_6451-FINAL-1-768x1152.jpg 768w, https:\/\/senseexperience.es\/wp-content\/uploads\/2026\/04\/MG_6451-FINAL-1-1024x1536.jpg 1024w, https:\/\/senseexperience.es\/wp-content\/uploads\/2026\/04\/MG_6451-FINAL-1-1365x2048.jpg 1365w, https:\/\/senseexperience.es\/wp-content\/uploads\/2026\/04\/MG_6451-FINAL-1-scaled.jpg 1707w\" sizes=\"(max-width: 683px) 100vw, 683px\" \/>\t\t\t\t\t\t\t\t\t\t\t\t\t\t\t<\/div>\n\t\t\t\t<\/div>\n\t\t\t\t<div class=\"elementor-element elementor-element-a54ed1b elementor-widget elementor-widget-image\" data-id=\"a54ed1b\" data-element_type=\"widget\" data-widget_type=\"image.default\">\n\t\t\t\t<div class=\"elementor-widget-container\">\n\t\t\t\t\t\t\t\t\t\t\t\t\t\t\t<img decoding=\"async\" width=\"683\" height=\"1024\" src=\"https:\/\/senseexperience.es\/wp-content\/uploads\/2026\/04\/MG_6391-FINAL-683x1024.jpg\" class=\"attachment-large size-large wp-image-6707\" alt=\"Masaje erotico madrid parejas y mujeres\" srcset=\"https:\/\/senseexperience.es\/wp-content\/uploads\/2026\/04\/MG_6391-FINAL-683x1024.jpg 683w, https:\/\/senseexperience.es\/wp-content\/uploads\/2026\/04\/MG_6391-FINAL-200x300.jpg 200w, https:\/\/senseexperience.es\/wp-content\/uploads\/2026\/04\/MG_6391-FINAL-768x1152.jpg 768w, https:\/\/senseexperience.es\/wp-content\/uploads\/2026\/04\/MG_6391-FINAL-1024x1536.jpg 1024w, https:\/\/senseexperience.es\/wp-content\/uploads\/2026\/04\/MG_6391-FINAL-1365x2048.jpg 1365w, https:\/\/senseexperience.es\/wp-content\/uploads\/2026\/04\/MG_6391-FINAL-scaled.jpg 1707w\" sizes=\"(max-width: 683px) 100vw, 683px\" \/>\t\t\t\t\t\t\t\t\t\t\t\t\t\t\t<\/div>\n\t\t\t\t<\/div>\n\t\t\t\t<div class=\"elementor-element elementor-element-591087c elementor-widget elementor-widget-image\" data-id=\"591087c\" data-element_type=\"widget\" data-widget_type=\"image.default\">\n\t\t\t\t<div class=\"elementor-widget-container\">\n\t\t\t\t\t\t\t\t\t\t\t\t\t\t\t<img loading=\"lazy\" decoding=\"async\" width=\"683\" height=\"1024\" src=\"https:\/\/senseexperience.es\/wp-content\/uploads\/2026\/04\/MG_6611-final-683x1024.jpg\" class=\"attachment-large size-large wp-image-6726\" alt=\"Masaje erotico madrid parejas y mujeres\" srcset=\"https:\/\/senseexperience.es\/wp-content\/uploads\/2026\/04\/MG_6611-final-683x1024.jpg 683w, https:\/\/senseexperience.es\/wp-content\/uploads\/2026\/04\/MG_6611-final-200x300.jpg 200w, https:\/\/senseexperience.es\/wp-content\/uploads\/2026\/04\/MG_6611-final-768x1152.jpg 768w, https:\/\/senseexperience.es\/wp-content\/uploads\/2026\/04\/MG_6611-final-1024x1536.jpg 1024w, https:\/\/senseexperience.es\/wp-content\/uploads\/2026\/04\/MG_6611-final-1365x2048.jpg 1365w, https:\/\/senseexperience.es\/wp-content\/uploads\/2026\/04\/MG_6611-final-scaled.jpg 1707w\" sizes=\"(max-width: 683px) 100vw, 683px\" \/>\t\t\t\t\t\t\t\t\t\t\t\t\t\t\t<\/div>\n\t\t\t\t<\/div>\n\t\t\t\t<\/div>\n\t\t\t\t<div class=\"elementor-element elementor-element-80e3568 elementor-widget elementor-widget-text-editor\" data-id=\"80e3568\" data-element_type=\"widget\" data-widget_type=\"text-editor.default\">\n\t\t\t\t<div class=\"elementor-widget-container\">\n\t\t\t\t\t\t\t\t\t<p>Cassandra \u00e8 una giovane donna spagnola che risveglia il desiderio con un solo sguardo. La sua sensualit\u00e0 \u00e8 naturale, eppure profondamente provocante: ogni gesto, ogni sorriso, ogni movimento \u00e8 carico di una tensione irresistibile che invita ad avvicinarsi\u2026 e a non voler pi\u00f9 andarsene.<\/p><p>La sua presenza avvolge, seduce e gioca con i sensi, creando un&#8217;atmosfera intima dove la pelle freme e il tempo sembra fermarsi. Affabile, dolce e al tempo stesso intensamente suggestiva, Cassandra sa come generare quella connessione speciale che trasforma ogni incontro in un&#8217;esperienza ricca di emozioni, piacere e fantasia.<\/p><p>Con carezze delicate, sguardi profondi e un&#8217;energia che fluisce con eleganza, offre un viaggio sensoriale dove l&#8217;unico limite \u00e8 la vostra immaginazione. Discreta, appassionata e totalmente dedita alla creazione di momenti unici, la sua essenza lascia un&#8217;impressione indelebile.<\/p>\t\t\t\t\t\t\t\t<\/div>\n\t\t\t\t<\/div>\n\t\t\t\t<\/div>\n\t\t\t\t\t<\/div>\n\t\t\t\t<\/div>\n\t\t\t\t<\/div>\n\t\t","protected":false},"excerpt":{"rendered":"<p>Casandra Cassandra \u00e8 una giovane donna spagnola che risveglia il desiderio con un solo sguardo. La sua sensualit\u00e0 \u00e8 naturale, eppure profondamente provocante: ogni gesto, ogni sorriso, ogni movimento \u00e8 carico di una tensione irresistibile che invita ad avvicinarsi\u2026 e a non voler pi\u00f9 andarsene. La sua presenza avvolge, seduce e gioca con i sensi, [&hellip;]<\/p>\n","protected":false},"author":1,"featured_media":0,"parent":0,"menu_order":0,"comment_status":"closed","ping_status":"closed","template":"","meta":{"footnotes":""},"class_list":["post-6858","page","type-page","status-publish","hentry"],"_links":{"self":[{"href":"https:\/\/senseexperience.es\/it\/wp-json\/wp\/v2\/pages\/6858","targetHints":{"allow":["GET"]}}],"collection":[{"href":"https:\/\/senseexperience.es\/it\/wp-json\/wp\/v2\/pages"}],"about":[{"href":"https:\/\/senseexperience.es\/it\/wp-json\/wp\/v2\/types\/page"}],"author":[{"embeddable":true,"href":"https:\/\/senseexperience.es\/it\/wp-json\/wp\/v2\/users\/1"}],"replies":[{"embeddable":true,"href":"https:\/\/senseexperience.es\/it\/wp-json\/wp\/v2\/comments?post=6858"}],"version-history":[{"count":7,"href":"https:\/\/senseexperience.es\/it\/wp-json\/wp\/v2\/pages\/6858\/revisions"}],"predecessor-version":[{"id":6895,"href":"https:\/\/senseexperience.es\/it\/wp-json\/wp\/v2\/pages\/6858\/revisions\/6895"}],"wp:attachment":[{"href":"https:\/\/senseexperience.es\/it\/wp-json\/wp\/v2\/media?parent=6858"}],"curies":[{"name":"wp","href":"https:\/\/api.w.org\/{rel}","templated":true}]}}