{"id":6072,"date":"2026-01-19T13:43:38","date_gmt":"2026-01-19T13:43:38","guid":{"rendered":"https:\/\/senseexperience.es\/sofia\/"},"modified":"2026-04-21T18:19:34","modified_gmt":"2026-04-21T18:19:34","slug":"sofia","status":"publish","type":"page","link":"https:\/\/senseexperience.es\/it\/sofia\/","title":{"rendered":"Sofia"},"content":{"rendered":"\t\t<div data-elementor-type=\"wp-page\" data-elementor-id=\"6072\" class=\"elementor elementor-6072 elementor-6029\" data-elementor-post-type=\"page\">\n\t\t\t\t<div class=\"elementor-element elementor-element-ac7d2f5 e-flex e-con-boxed e-con e-parent\" data-id=\"ac7d2f5\" data-element_type=\"container\">\n\t\t\t\t\t<div class=\"e-con-inner\">\n\t\t<div class=\"elementor-element elementor-element-cafe01b e-con-full e-flex e-con e-child\" data-id=\"cafe01b\" data-element_type=\"container\">\n\t\t\t\t<div class=\"elementor-element elementor-element-fbb15f3 elementor-widget elementor-widget-heading\" data-id=\"fbb15f3\" data-element_type=\"widget\" data-widget_type=\"heading.default\">\n\t\t\t\t<div class=\"elementor-widget-container\">\n\t\t\t\t\t<h3 class=\"elementor-heading-title elementor-size-default\">Sofia \ud83c\uddf2\ud83c\uddfd<\/h3>\t\t\t\t<\/div>\n\t\t\t\t<\/div>\n\t\t\t\t<div class=\"elementor-element elementor-element-8f72e37 elementor-widget-divider--view-line elementor-widget elementor-widget-divider\" data-id=\"8f72e37\" data-element_type=\"widget\" data-widget_type=\"divider.default\">\n\t\t\t\t<div class=\"elementor-widget-container\">\n\t\t\t\t\t\t\t<div class=\"elementor-divider\">\n\t\t\t<span class=\"elementor-divider-separator\">\n\t\t\t\t\t\t<\/span>\n\t\t<\/div>\n\t\t\t\t\t\t<\/div>\n\t\t\t\t<\/div>\n\t\t<div class=\"elementor-element elementor-element-25bffca e-con-full e-flex e-con e-child\" data-id=\"25bffca\" data-element_type=\"container\">\n\t\t\t\t<div class=\"elementor-element elementor-element-f6f586b elementor-widget elementor-widget-image\" data-id=\"f6f586b\" data-element_type=\"widget\" data-widget_type=\"image.default\">\n\t\t\t\t<div class=\"elementor-widget-container\">\n\t\t\t\t\t\t\t\t\t\t\t\t\t\t\t\t\t\t\t\t\t\t\t\t\t\t\t\t\t\t<\/div>\n\t\t\t\t<\/div>\n\t\t\t\t<div class=\"elementor-element elementor-element-698a757 elementor-widget elementor-widget-image\" data-id=\"698a757\" data-element_type=\"widget\" data-widget_type=\"image.default\">\n\t\t\t\t<div class=\"elementor-widget-container\">\n\t\t\t\t\t\t\t\t\t\t\t\t\t\t\t<img fetchpriority=\"high\" decoding=\"async\" width=\"682\" height=\"1024\" src=\"https:\/\/senseexperience.es\/wp-content\/uploads\/2026\/01\/WhatsApp-Image-2026-01-18-at-19.06.27-4-Edited-1-682x1024.jpg\" class=\"attachment-large size-large wp-image-6006\" alt=\"Masaje erotico madrid parejas y mujeres\" srcset=\"https:\/\/senseexperience.es\/wp-content\/uploads\/2026\/01\/WhatsApp-Image-2026-01-18-at-19.06.27-4-Edited-1-682x1024.jpg 682w, https:\/\/senseexperience.es\/wp-content\/uploads\/2026\/01\/WhatsApp-Image-2026-01-18-at-19.06.27-4-Edited-1-200x300.jpg 200w, https:\/\/senseexperience.es\/wp-content\/uploads\/2026\/01\/WhatsApp-Image-2026-01-18-at-19.06.27-4-Edited-1-768x1153.jpg 768w, https:\/\/senseexperience.es\/wp-content\/uploads\/2026\/01\/WhatsApp-Image-2026-01-18-at-19.06.27-4-Edited-1-1023x1536.jpg 1023w, https:\/\/senseexperience.es\/wp-content\/uploads\/2026\/01\/WhatsApp-Image-2026-01-18-at-19.06.27-4-Edited-1.jpg 1066w\" sizes=\"(max-width: 682px) 100vw, 682px\" \/>\t\t\t\t\t\t\t\t\t\t\t\t\t\t\t<\/div>\n\t\t\t\t<\/div>\n\t\t\t\t<div class=\"elementor-element elementor-element-8afc022 elementor-widget elementor-widget-image\" data-id=\"8afc022\" data-element_type=\"widget\" data-widget_type=\"image.default\">\n\t\t\t\t<div class=\"elementor-widget-container\">\n\t\t\t\t\t\t\t\t\t\t\t\t\t\t\t<img decoding=\"async\" width=\"682\" height=\"1024\" src=\"https:\/\/senseexperience.es\/wp-content\/uploads\/2026\/01\/WhatsApp-Image-2026-01-18-at-19.06.27-3-Edited-1-682x1024.jpg\" class=\"attachment-large size-large wp-image-6011\" alt=\"Masaje erotico madrid parejas y mujeres\" srcset=\"https:\/\/senseexperience.es\/wp-content\/uploads\/2026\/01\/WhatsApp-Image-2026-01-18-at-19.06.27-3-Edited-1-682x1024.jpg 682w, https:\/\/senseexperience.es\/wp-content\/uploads\/2026\/01\/WhatsApp-Image-2026-01-18-at-19.06.27-3-Edited-1-200x300.jpg 200w, https:\/\/senseexperience.es\/wp-content\/uploads\/2026\/01\/WhatsApp-Image-2026-01-18-at-19.06.27-3-Edited-1-768x1153.jpg 768w, https:\/\/senseexperience.es\/wp-content\/uploads\/2026\/01\/WhatsApp-Image-2026-01-18-at-19.06.27-3-Edited-1-1023x1536.jpg 1023w, https:\/\/senseexperience.es\/wp-content\/uploads\/2026\/01\/WhatsApp-Image-2026-01-18-at-19.06.27-3-Edited-1.jpg 1066w\" sizes=\"(max-width: 682px) 100vw, 682px\" \/>\t\t\t\t\t\t\t\t\t\t\t\t\t\t\t<\/div>\n\t\t\t\t<\/div>\n\t\t\t\t<div class=\"elementor-element elementor-element-1f5a2ff elementor-widget elementor-widget-image\" data-id=\"1f5a2ff\" data-element_type=\"widget\" data-widget_type=\"image.default\">\n\t\t\t\t<div class=\"elementor-widget-container\">\n\t\t\t\t\t\t\t\t\t\t\t\t\t\t\t<img decoding=\"async\" width=\"682\" height=\"1024\" src=\"https:\/\/senseexperience.es\/wp-content\/uploads\/2026\/01\/WhatsApp-Image-2026-01-18-at-19.06.27-2-Edited-1-682x1024.jpg\" class=\"attachment-large size-large wp-image-6016\" alt=\"Masaje erotico madrid parejas y mujeres\" srcset=\"https:\/\/senseexperience.es\/wp-content\/uploads\/2026\/01\/WhatsApp-Image-2026-01-18-at-19.06.27-2-Edited-1-682x1024.jpg 682w, https:\/\/senseexperience.es\/wp-content\/uploads\/2026\/01\/WhatsApp-Image-2026-01-18-at-19.06.27-2-Edited-1-200x300.jpg 200w, https:\/\/senseexperience.es\/wp-content\/uploads\/2026\/01\/WhatsApp-Image-2026-01-18-at-19.06.27-2-Edited-1-768x1153.jpg 768w, https:\/\/senseexperience.es\/wp-content\/uploads\/2026\/01\/WhatsApp-Image-2026-01-18-at-19.06.27-2-Edited-1-1023x1536.jpg 1023w, https:\/\/senseexperience.es\/wp-content\/uploads\/2026\/01\/WhatsApp-Image-2026-01-18-at-19.06.27-2-Edited-1.jpg 1066w\" sizes=\"(max-width: 682px) 100vw, 682px\" \/>\t\t\t\t\t\t\t\t\t\t\t\t\t\t\t<\/div>\n\t\t\t\t<\/div>\n\t\t\t\t<\/div>\n\t\t\t\t<div class=\"elementor-element elementor-element-a0aeb46 elementor-widget elementor-widget-text-editor\" data-id=\"a0aeb46\" data-element_type=\"widget\" data-widget_type=\"text-editor.default\">\n\t\t\t\t<div class=\"elementor-widget-container\">\n\t\t\t\t\t\t\t\t\t<div id=\"jw-element-421755118\" class=\"jw-tree-node jw-element jw-image-text\" data-jw-element-id=\"421755118\"><div class=\"jw-element-imagetext-text\"><div id=\"jw-element-421759247\" class=\"jw-tree-node jw-element jw-image-text\" data-jw-element-id=\"421759247\"><div class=\"jw-element-imagetext-text\"><p data-start=\"167\" data-end=\"244\"><strong data-start=\"167\" data-end=\"244\">Sof\u00eda \u2013 Morena Mexicana | Masajes Er\u00f3ticos en Madrid con Calidez y Pasi\u00f3n<\/strong><\/p><p data-start=\"167\" data-end=\"244\"><strong data-start=\"167\" data-end=\"244\">\u00a0<\/strong><\/p><p data-start=\"246\" data-end=\"559\">Conoce a <strong data-start=\"255\" data-end=\"264\">Sof\u00eda<\/strong>, una <strong data-start=\"270\" data-end=\"289\">morena mexicana<\/strong> de belleza intensa, mirada profunda y <strong data-start=\"328\" data-end=\"346\">cuerpo natural<\/strong> que transmite cercan\u00eda y deseo desde el primer momento. Su energ\u00eda es c\u00e1lida, envolvente y aut\u00e9ntica, ideal para quienes buscan una experiencia de <strong data-start=\"494\" data-end=\"522\">masaje er\u00f3tico en Madrid<\/strong> con conexi\u00f3n real y trato exquisito.<\/p><p data-start=\"561\" data-end=\"890\">Especialista en <strong data-start=\"577\" data-end=\"611\">masaje er\u00f3tico cuerpo a cuerpo<\/strong>, Sof\u00eda combina movimientos lentos, toques sensuales y una presencia femenina que invita al relax absoluto y al disfrute consciente. Cada sesi\u00f3n est\u00e1 pensada para liberar tensiones, despertar los sentidos y crear un ambiente \u00edntimo, sin prisas y con total atenci\u00f3n personalizada.<\/p><p data-start=\"892\" data-end=\"1116\">Atiende en un <strong data-start=\"906\" data-end=\"957\">espacio privado, higi\u00e9nico y discreto en Madrid<\/strong>, perfecto para desconectar y dejarse llevar. Disponible tambi\u00e9n para <strong data-start=\"1027\" data-end=\"1071\">masajes er\u00f3ticos en hoteles de categor\u00eda<\/strong>, siempre con elegancia, respeto y trato VIP.<\/p><p data-start=\"1118\" data-end=\"1241\"><strong data-start=\"1118\" data-end=\"1127\">\u00a0<\/strong><\/p><p data-start=\"1118\" data-end=\"1241\"><strong data-start=\"1118\" data-end=\"1127\">Sof\u00eda<\/strong><br data-start=\"1127\" data-end=\"1130\" \/>Morena al tacto, intensa en sensaciones.<br data-start=\"1170\" data-end=\"1173\" \/>Masajes er\u00f3ticos en Madrid con sabor mexicano y sensualidad natural.<\/p><\/div><\/div><\/div><\/div>\t\t\t\t\t\t\t\t<\/div>\n\t\t\t\t<\/div>\n\t\t\t\t<\/div>\n\t\t\t\t\t<\/div>\n\t\t\t\t<\/div>\n\t\t\t\t<\/div>\n\t\t","protected":false},"excerpt":{"rendered":"<p>Sofia \ud83c\uddf2\ud83c\uddfd Sof\u00eda \u2013 Morena Mexicana | Masajes Er\u00f3ticos en Madrid con Calidez y Pasi\u00f3n \u00a0 Conoce a Sof\u00eda, una morena mexicana de belleza intensa, mirada profunda y cuerpo natural que transmite cercan\u00eda y deseo desde el primer momento. Su energ\u00eda es c\u00e1lida, envolvente y aut\u00e9ntica, ideal para quienes buscan una experiencia de masaje er\u00f3tico [&hellip;]<\/p>\n","protected":false},"author":1,"featured_media":0,"parent":0,"menu_order":0,"comment_status":"closed","ping_status":"closed","template":"","meta":{"footnotes":""},"class_list":["post-6072","page","type-page","status-publish","hentry"],"_links":{"self":[{"href":"https:\/\/senseexperience.es\/it\/wp-json\/wp\/v2\/pages\/6072","targetHints":{"allow":["GET"]}}],"collection":[{"href":"https:\/\/senseexperience.es\/it\/wp-json\/wp\/v2\/pages"}],"about":[{"href":"https:\/\/senseexperience.es\/it\/wp-json\/wp\/v2\/types\/page"}],"author":[{"embeddable":true,"href":"https:\/\/senseexperience.es\/it\/wp-json\/wp\/v2\/users\/1"}],"replies":[{"embeddable":true,"href":"https:\/\/senseexperience.es\/it\/wp-json\/wp\/v2\/comments?post=6072"}],"version-history":[{"count":19,"href":"https:\/\/senseexperience.es\/it\/wp-json\/wp\/v2\/pages\/6072\/revisions"}],"predecessor-version":[{"id":6576,"href":"https:\/\/senseexperience.es\/it\/wp-json\/wp\/v2\/pages\/6072\/revisions\/6576"}],"wp:attachment":[{"href":"https:\/\/senseexperience.es\/it\/wp-json\/wp\/v2\/media?parent=6072"}],"curies":[{"name":"wp","href":"https:\/\/api.w.org\/{rel}","templated":true}]}}