{"id":4541,"date":"2025-08-10T23:12:47","date_gmt":"2025-08-10T23:12:47","guid":{"rendered":"https:\/\/senseexperience.es\/lorena\/"},"modified":"2025-08-10T23:16:52","modified_gmt":"2025-08-10T23:16:52","slug":"lorena","status":"publish","type":"page","link":"https:\/\/senseexperience.es\/it\/lorena\/","title":{"rendered":"Lorena"},"content":{"rendered":"\t\t<div data-elementor-type=\"wp-page\" data-elementor-id=\"4541\" class=\"elementor elementor-4541 elementor-4527\" data-elementor-post-type=\"page\">\n\t\t\t\t<div class=\"elementor-element elementor-element-3ceab4c e-flex e-con-boxed e-con e-parent\" data-id=\"3ceab4c\" data-element_type=\"container\">\n\t\t\t\t\t<div class=\"e-con-inner\">\n\t\t<div class=\"elementor-element elementor-element-b01f72e e-con-full e-flex e-con e-child\" data-id=\"b01f72e\" data-element_type=\"container\">\n\t\t\t\t<div class=\"elementor-element elementor-element-228f668 elementor-widget elementor-widget-heading\" data-id=\"228f668\" data-element_type=\"widget\" data-widget_type=\"heading.default\">\n\t\t\t\t<div class=\"elementor-widget-container\">\n\t\t\t\t\t<h3 class=\"elementor-heading-title elementor-size-default\">Lorena \ud83c\udde7\ud83c\uddf7<\/h3>\t\t\t\t<\/div>\n\t\t\t\t<\/div>\n\t\t<div class=\"elementor-element elementor-element-6c51a5c e-con-full e-flex e-con e-child\" data-id=\"6c51a5c\" data-element_type=\"container\">\n\t\t\t\t<div class=\"elementor-element elementor-element-10b51e6 elementor-widget elementor-widget-image\" data-id=\"10b51e6\" data-element_type=\"widget\" data-widget_type=\"image.default\">\n\t\t\t\t<div class=\"elementor-widget-container\">\n\t\t\t\t\t\t\t\t\t\t\t\t\t\t\t<img fetchpriority=\"high\" decoding=\"async\" width=\"708\" height=\"1024\" src=\"https:\/\/senseexperience.es\/wp-content\/uploads\/2025\/06\/f5f2b282-f5c1-4230-944c-c0daddaca143-708x1024.jpg\" class=\"attachment-large size-large wp-image-3098\" alt=\"Masaje erotico madrid Nuru body to body\" srcset=\"https:\/\/senseexperience.es\/wp-content\/uploads\/2025\/06\/f5f2b282-f5c1-4230-944c-c0daddaca143-708x1024.jpg 708w, https:\/\/senseexperience.es\/wp-content\/uploads\/2025\/06\/f5f2b282-f5c1-4230-944c-c0daddaca143-207x300.jpg 207w, https:\/\/senseexperience.es\/wp-content\/uploads\/2025\/06\/f5f2b282-f5c1-4230-944c-c0daddaca143-768x1111.jpg 768w, https:\/\/senseexperience.es\/wp-content\/uploads\/2025\/06\/f5f2b282-f5c1-4230-944c-c0daddaca143-1062x1536.jpg 1062w, https:\/\/senseexperience.es\/wp-content\/uploads\/2025\/06\/f5f2b282-f5c1-4230-944c-c0daddaca143.jpg 1106w\" sizes=\"(max-width: 708px) 100vw, 708px\" \/>\t\t\t\t\t\t\t\t\t\t\t\t\t\t\t<\/div>\n\t\t\t\t<\/div>\n\t\t\t\t<div class=\"elementor-element elementor-element-e0d7b58 elementor-widget elementor-widget-image\" data-id=\"e0d7b58\" data-element_type=\"widget\" data-widget_type=\"image.default\">\n\t\t\t\t<div class=\"elementor-widget-container\">\n\t\t\t\t\t\t\t\t\t\t\t\t\t\t\t<img decoding=\"async\" width=\"690\" height=\"1024\" src=\"https:\/\/senseexperience.es\/wp-content\/uploads\/2025\/06\/45bd0fb6-8fd6-40c5-a87c-d595835ec7e5-690x1024.jpg\" class=\"attachment-large size-large wp-image-3083\" alt=\"Masaje erotico madrid Nuru body to body\" srcset=\"https:\/\/senseexperience.es\/wp-content\/uploads\/2025\/06\/45bd0fb6-8fd6-40c5-a87c-d595835ec7e5-690x1024.jpg 690w, https:\/\/senseexperience.es\/wp-content\/uploads\/2025\/06\/45bd0fb6-8fd6-40c5-a87c-d595835ec7e5-202x300.jpg 202w, https:\/\/senseexperience.es\/wp-content\/uploads\/2025\/06\/45bd0fb6-8fd6-40c5-a87c-d595835ec7e5-768x1140.jpg 768w, https:\/\/senseexperience.es\/wp-content\/uploads\/2025\/06\/45bd0fb6-8fd6-40c5-a87c-d595835ec7e5-1035x1536.jpg 1035w, https:\/\/senseexperience.es\/wp-content\/uploads\/2025\/06\/45bd0fb6-8fd6-40c5-a87c-d595835ec7e5.jpg 1078w\" sizes=\"(max-width: 690px) 100vw, 690px\" \/>\t\t\t\t\t\t\t\t\t\t\t\t\t\t\t<\/div>\n\t\t\t\t<\/div>\n\t\t\t\t<div class=\"elementor-element elementor-element-19c2426 elementor-widget elementor-widget-image\" data-id=\"19c2426\" data-element_type=\"widget\" data-widget_type=\"image.default\">\n\t\t\t\t<div class=\"elementor-widget-container\">\n\t\t\t\t\t\t\t\t\t\t\t\t\t\t\t<img decoding=\"async\" width=\"666\" height=\"1024\" src=\"https:\/\/senseexperience.es\/wp-content\/uploads\/2025\/06\/8e380119-0065-425c-b58e-756e9431e00c-666x1024.jpg\" class=\"attachment-large size-large wp-image-3078\" alt=\"Masaje erotico madrid Nuru body to body\" srcset=\"https:\/\/senseexperience.es\/wp-content\/uploads\/2025\/06\/8e380119-0065-425c-b58e-756e9431e00c-666x1024.jpg 666w, https:\/\/senseexperience.es\/wp-content\/uploads\/2025\/06\/8e380119-0065-425c-b58e-756e9431e00c-195x300.jpg 195w, https:\/\/senseexperience.es\/wp-content\/uploads\/2025\/06\/8e380119-0065-425c-b58e-756e9431e00c-768x1182.jpg 768w, https:\/\/senseexperience.es\/wp-content\/uploads\/2025\/06\/8e380119-0065-425c-b58e-756e9431e00c-998x1536.jpg 998w, https:\/\/senseexperience.es\/wp-content\/uploads\/2025\/06\/8e380119-0065-425c-b58e-756e9431e00c.jpg 1040w\" sizes=\"(max-width: 666px) 100vw, 666px\" \/>\t\t\t\t\t\t\t\t\t\t\t\t\t\t\t<\/div>\n\t\t\t\t<\/div>\n\t\t\t\t<div class=\"elementor-element elementor-element-80150b4 elementor-widget elementor-widget-image\" data-id=\"80150b4\" data-element_type=\"widget\" data-widget_type=\"image.default\">\n\t\t\t\t<div class=\"elementor-widget-container\">\n\t\t\t\t\t\t\t\t\t\t\t\t\t\t\t<img loading=\"lazy\" decoding=\"async\" width=\"721\" height=\"1024\" src=\"https:\/\/senseexperience.es\/wp-content\/uploads\/2025\/06\/81f8e183-3843-4930-b697-2f8c18a37be9-721x1024.jpg\" class=\"attachment-large size-large wp-image-3093\" alt=\"Masaje erotico madrid Nuru body to body\" srcset=\"https:\/\/senseexperience.es\/wp-content\/uploads\/2025\/06\/81f8e183-3843-4930-b697-2f8c18a37be9-721x1024.jpg 721w, https:\/\/senseexperience.es\/wp-content\/uploads\/2025\/06\/81f8e183-3843-4930-b697-2f8c18a37be9-211x300.jpg 211w, https:\/\/senseexperience.es\/wp-content\/uploads\/2025\/06\/81f8e183-3843-4930-b697-2f8c18a37be9-768x1091.jpg 768w, https:\/\/senseexperience.es\/wp-content\/uploads\/2025\/06\/81f8e183-3843-4930-b697-2f8c18a37be9-1081x1536.jpg 1081w, https:\/\/senseexperience.es\/wp-content\/uploads\/2025\/06\/81f8e183-3843-4930-b697-2f8c18a37be9.jpg 1126w\" sizes=\"(max-width: 721px) 100vw, 721px\" \/>\t\t\t\t\t\t\t\t\t\t\t\t\t\t\t<\/div>\n\t\t\t\t<\/div>\n\t\t\t\t<\/div>\n\t\t\t\t<div class=\"elementor-element elementor-element-f578cc4 elementor-widget elementor-widget-text-editor\" data-id=\"f578cc4\" data-element_type=\"widget\" data-widget_type=\"text-editor.default\">\n\t\t\t\t<div class=\"elementor-widget-container\">\n\t\t\t\t\t\t\t\t\t<div id=\"jw-element-421755118\" class=\"jw-tree-node jw-element jw-image-text\" data-jw-element-id=\"421755118\"><div class=\"jw-element-imagetext-text\"><p data-start=\"212\" data-end=\"280\"><strong data-start=\"212\" data-end=\"280\">Lorena \u2013 Masajista Er\u00f3tica de Lujo | Joven, Tatuada y Apasionada<\/strong><\/p><p data-start=\"212\" data-end=\"280\"><strong data-start=\"212\" data-end=\"280\"> <\/strong><\/p><p data-start=\"282\" data-end=\"610\">D\u00e9jate seducir por <strong data-start=\"301\" data-end=\"311\">Lorena<\/strong>, una <strong data-start=\"317\" data-end=\"338\">masajista er\u00f3tica<\/strong> joven, <strong data-start=\"346\" data-end=\"359\">guap\u00edsima<\/strong> y con una actitud <strong data-start=\"378\" data-end=\"390\">atrevida<\/strong> que desborda sensualidad. Con un cuerpo de esc\u00e1ndalo decorado con <strong data-start=\"457\" data-end=\"480\">tatuajes sugerentes<\/strong>, Lorena ofrece una experiencia \u00fanica donde el <strong data-start=\"527\" data-end=\"537\">placer<\/strong>, la <strong data-start=\"542\" data-end=\"557\">complicidad<\/strong> y el <strong data-start=\"563\" data-end=\"581\">morbo elegante<\/strong> se combinan a la perfecci\u00f3n. <\/p><p data-start=\"612\" data-end=\"959\">Especialista en <strong data-start=\"628\" data-end=\"655\">masajes cuerpo a cuerpo<\/strong>, <strong data-start=\"657\" data-end=\"670\">t\u00e1ntricos<\/strong> y <strong data-start=\"673\" data-end=\"687\">sensitivos<\/strong>, sus manos expertas te guiar\u00e1n a trav\u00e9s de una experiencia <strong data-start=\"747\" data-end=\"760\">exclusiva<\/strong>, cargada de <strong data-start=\"773\" data-end=\"791\">energ\u00eda sexual<\/strong> y <strong data-start=\"794\" data-end=\"814\">conexi\u00f3n intensa<\/strong>. Siempre con trato <strong data-start=\"834\" data-end=\"841\">VIP<\/strong>, discreto y personalizado, Lorena es ideal para quienes buscan una <strong data-start=\"909\" data-end=\"926\">fantas\u00eda real<\/strong> envuelta en <strong data-start=\"939\" data-end=\"958\">lujo y erotismo<\/strong>. <\/p><p data-start=\"961\" data-end=\"1086\">Disponible en apartamento privado de alto nivel o para desplazamientos selectos. Solo para caballeros educados y respetuosos. <\/p><p data-start=\"1088\" data-end=\"1152\"> <\/p><p data-start=\"1088\" data-end=\"1152\"><strong data-start=\"1088\" data-end=\"1152\">Lorena \u2013 El arte del masaje er\u00f3tico llevado al m\u00e1ximo nivel.<\/strong><\/p><\/div><\/div>\t\t\t\t\t\t\t\t<\/div>\n\t\t\t\t<\/div>\n\t\t\t\t<\/div>\n\t\t\t\t\t<\/div>\n\t\t\t\t<\/div>\n\t\t\t\t<\/div>\n\t\t","protected":false},"excerpt":{"rendered":"<p>Lorena \ud83c\udde7\ud83c\uddf7 Lorena \u2013 Masajista Er\u00f3tica de Lujo | Joven, Tatuada y Apasionada D\u00e9jate seducir por Lorena, una masajista er\u00f3tica joven, guap\u00edsima y con una actitud atrevida que desborda sensualidad. Con un cuerpo de esc\u00e1ndalo decorado con tatuajes sugerentes, Lorena ofrece una experiencia \u00fanica donde el placer, la complicidad y el morbo elegante se combinan [&hellip;]<\/p>\n","protected":false},"author":1,"featured_media":0,"parent":0,"menu_order":0,"comment_status":"closed","ping_status":"closed","template":"","meta":{"footnotes":""},"class_list":["post-4541","page","type-page","status-publish","hentry"],"_links":{"self":[{"href":"https:\/\/senseexperience.es\/it\/wp-json\/wp\/v2\/pages\/4541","targetHints":{"allow":["GET"]}}],"collection":[{"href":"https:\/\/senseexperience.es\/it\/wp-json\/wp\/v2\/pages"}],"about":[{"href":"https:\/\/senseexperience.es\/it\/wp-json\/wp\/v2\/types\/page"}],"author":[{"embeddable":true,"href":"https:\/\/senseexperience.es\/it\/wp-json\/wp\/v2\/users\/1"}],"replies":[{"embeddable":true,"href":"https:\/\/senseexperience.es\/it\/wp-json\/wp\/v2\/comments?post=4541"}],"version-history":[{"count":1,"href":"https:\/\/senseexperience.es\/it\/wp-json\/wp\/v2\/pages\/4541\/revisions"}],"predecessor-version":[{"id":4542,"href":"https:\/\/senseexperience.es\/it\/wp-json\/wp\/v2\/pages\/4541\/revisions\/4542"}],"wp:attachment":[{"href":"https:\/\/senseexperience.es\/it\/wp-json\/wp\/v2\/media?parent=4541"}],"curies":[{"name":"wp","href":"https:\/\/api.w.org\/{rel}","templated":true}]}}