{"id":1683,"date":"2025-02-17T02:30:15","date_gmt":"2025-02-17T02:30:15","guid":{"rendered":"https:\/\/senseexperience.es\/theo\/"},"modified":"2025-02-17T02:30:15","modified_gmt":"2025-02-17T02:30:15","slug":"theo","status":"publish","type":"page","link":"https:\/\/senseexperience.es\/it\/theo\/","title":{"rendered":"Theo"},"content":{"rendered":"\t\t<div data-elementor-type=\"wp-page\" data-elementor-id=\"1683\" class=\"elementor elementor-1683 elementor-321\" data-elementor-post-type=\"page\">\n\t\t\t\t<div class=\"elementor-element elementor-element-2199fda e-flex e-con-boxed e-con e-parent\" data-id=\"2199fda\" data-element_type=\"container\">\n\t\t\t\t\t<div class=\"e-con-inner\">\n\t\t<div class=\"elementor-element elementor-element-cbf314a e-con-full e-flex e-con e-child\" data-id=\"cbf314a\" data-element_type=\"container\">\n\t\t\t\t<div class=\"elementor-element elementor-element-3be3bba elementor-widget elementor-widget-heading\" data-id=\"3be3bba\" data-element_type=\"widget\" data-widget_type=\"heading.default\">\n\t\t\t\t<div class=\"elementor-widget-container\">\n\t\t\t\t\t<h3 class=\"elementor-heading-title elementor-size-default\">Theo<\/h3>\t\t\t\t<\/div>\n\t\t\t\t<\/div>\n\t\t\t\t<div class=\"elementor-element elementor-element-5fcda55 elementor-widget-divider--view-line elementor-widget elementor-widget-divider\" data-id=\"5fcda55\" data-element_type=\"widget\" data-widget_type=\"divider.default\">\n\t\t\t\t<div class=\"elementor-widget-container\">\n\t\t\t\t\t\t\t<div class=\"elementor-divider\">\n\t\t\t<span class=\"elementor-divider-separator\">\n\t\t\t\t\t\t<\/span>\n\t\t<\/div>\n\t\t\t\t\t\t<\/div>\n\t\t\t\t<\/div>\n\t\t<div class=\"elementor-element elementor-element-3a8b72b e-con-full e-flex e-con e-child\" data-id=\"3a8b72b\" data-element_type=\"container\">\n\t\t\t\t<div class=\"elementor-element elementor-element-034df4c elementor-widget elementor-widget-image\" data-id=\"034df4c\" data-element_type=\"widget\" data-widget_type=\"image.default\">\n\t\t\t\t<div class=\"elementor-widget-container\">\n\t\t\t\t\t\t\t\t\t\t\t\t\t\t\t<img fetchpriority=\"high\" decoding=\"async\" width=\"709\" height=\"1024\" src=\"https:\/\/senseexperience.es\/wp-content\/uploads\/2025\/02\/the1-709x1024.webp\" class=\"attachment-large size-large wp-image-1599\" alt=\"\" srcset=\"https:\/\/senseexperience.es\/wp-content\/uploads\/2025\/02\/the1-709x1024.webp 709w, https:\/\/senseexperience.es\/wp-content\/uploads\/2025\/02\/the1-208x300.webp 208w, https:\/\/senseexperience.es\/wp-content\/uploads\/2025\/02\/the1-768x1109.webp 768w, https:\/\/senseexperience.es\/wp-content\/uploads\/2025\/02\/the1.webp 800w\" sizes=\"(max-width: 709px) 100vw, 709px\" \/>\t\t\t\t\t\t\t\t\t\t\t\t\t\t\t<\/div>\n\t\t\t\t<\/div>\n\t\t\t\t<div class=\"elementor-element elementor-element-852b4f7 elementor-widget elementor-widget-image\" data-id=\"852b4f7\" data-element_type=\"widget\" data-widget_type=\"image.default\">\n\t\t\t\t<div class=\"elementor-widget-container\">\n\t\t\t\t\t\t\t\t\t\t\t\t\t\t\t<img decoding=\"async\" width=\"709\" height=\"1024\" src=\"https:\/\/senseexperience.es\/wp-content\/uploads\/2025\/02\/the2-709x1024.webp\" class=\"attachment-large size-large wp-image-1600\" alt=\"\" srcset=\"https:\/\/senseexperience.es\/wp-content\/uploads\/2025\/02\/the2-709x1024.webp 709w, https:\/\/senseexperience.es\/wp-content\/uploads\/2025\/02\/the2-208x300.webp 208w, https:\/\/senseexperience.es\/wp-content\/uploads\/2025\/02\/the2-768x1109.webp 768w, https:\/\/senseexperience.es\/wp-content\/uploads\/2025\/02\/the2.webp 800w\" sizes=\"(max-width: 709px) 100vw, 709px\" \/>\t\t\t\t\t\t\t\t\t\t\t\t\t\t\t<\/div>\n\t\t\t\t<\/div>\n\t\t\t\t<div class=\"elementor-element elementor-element-e9707cd elementor-widget elementor-widget-image\" data-id=\"e9707cd\" data-element_type=\"widget\" data-widget_type=\"image.default\">\n\t\t\t\t<div class=\"elementor-widget-container\">\n\t\t\t\t\t\t\t\t\t\t\t\t\t\t\t<img decoding=\"async\" width=\"728\" height=\"1024\" src=\"https:\/\/senseexperience.es\/wp-content\/uploads\/2025\/02\/the3-728x1024.webp\" class=\"attachment-large size-large wp-image-1601\" alt=\"\" srcset=\"https:\/\/senseexperience.es\/wp-content\/uploads\/2025\/02\/the3-728x1024.webp 728w, https:\/\/senseexperience.es\/wp-content\/uploads\/2025\/02\/the3-213x300.webp 213w, https:\/\/senseexperience.es\/wp-content\/uploads\/2025\/02\/the3-768x1080.webp 768w, https:\/\/senseexperience.es\/wp-content\/uploads\/2025\/02\/the3.webp 799w\" sizes=\"(max-width: 728px) 100vw, 728px\" \/>\t\t\t\t\t\t\t\t\t\t\t\t\t\t\t<\/div>\n\t\t\t\t<\/div>\n\t\t\t\t<div class=\"elementor-element elementor-element-b5c6f7b elementor-widget elementor-widget-image\" data-id=\"b5c6f7b\" data-element_type=\"widget\" data-widget_type=\"image.default\">\n\t\t\t\t<div class=\"elementor-widget-container\">\n\t\t\t\t\t\t\t\t\t\t\t\t\t\t\t<img loading=\"lazy\" decoding=\"async\" width=\"709\" height=\"1024\" src=\"https:\/\/senseexperience.es\/wp-content\/uploads\/2025\/02\/the4-709x1024.webp\" class=\"attachment-large size-large wp-image-1602\" alt=\"\" srcset=\"https:\/\/senseexperience.es\/wp-content\/uploads\/2025\/02\/the4-709x1024.webp 709w, https:\/\/senseexperience.es\/wp-content\/uploads\/2025\/02\/the4-208x300.webp 208w, https:\/\/senseexperience.es\/wp-content\/uploads\/2025\/02\/the4-768x1109.webp 768w, https:\/\/senseexperience.es\/wp-content\/uploads\/2025\/02\/the4.webp 800w\" sizes=\"(max-width: 709px) 100vw, 709px\" \/>\t\t\t\t\t\t\t\t\t\t\t\t\t\t\t<\/div>\n\t\t\t\t<\/div>\n\t\t\t\t<\/div>\n\t\t\t\t<div class=\"elementor-element elementor-element-f1c68b5 elementor-widget elementor-widget-text-editor\" data-id=\"f1c68b5\" data-element_type=\"widget\" data-widget_type=\"text-editor.default\">\n\t\t\t\t<div class=\"elementor-widget-container\">\n\t\t\t\t\t\t\t\t\t<div id=\"jw-element-421755118\" class=\"jw-tree-node jw-element jw-image-text\" data-jw-element-id=\"421755118\"><div class=\"jw-element-imagetext-text\"><div id=\"jw-element-421759247\" class=\"jw-tree-node jw-element jw-image-text\" data-jw-element-id=\"421759247\"><div class=\"jw-element-imagetext-text\"><p>Theo Masajista masculino para hombres, mujeres y parejas<\/p><p>\u00a0<\/p><p class=\"\">\u00c9l es nuestro espectacular\u00a0<strong>masajista masculino<\/strong>\u00a0que te deslumbrar\u00e1 no solo por su espectacular f\u00edsico, sino tambi\u00e9n por su simpat\u00eda y sensualidad. Este joven masajista er\u00f3tico cuenta con una amplia experiencia en el mundo de los masajes t\u00e1ntricos, por lo que conoce a la perfecci\u00f3n como relajar a la vez que estimular cada cent\u00edmetro de tu piel despertando las sensaciones m\u00e1s intensas y apasionantes que jam\u00e1s hayas vivido. Sum\u00e9rgete en un mundo de fantasias junto a \u00e9l y vive una experiencia inigualable.<\/p><\/div><\/div><\/div><\/div>\t\t\t\t\t\t\t\t<\/div>\n\t\t\t\t<\/div>\n\t\t\t\t<\/div>\n\t\t\t\t\t<\/div>\n\t\t\t\t<\/div>\n\t\t\t\t<\/div>\n\t\t","protected":false},"excerpt":{"rendered":"","protected":false},"author":1,"featured_media":0,"parent":0,"menu_order":0,"comment_status":"closed","ping_status":"closed","template":"elementor_header_footer","meta":{"footnotes":""},"class_list":["post-1683","page","type-page","status-publish","hentry"],"_links":{"self":[{"href":"https:\/\/senseexperience.es\/it\/wp-json\/wp\/v2\/pages\/1683","targetHints":{"allow":["GET"]}}],"collection":[{"href":"https:\/\/senseexperience.es\/it\/wp-json\/wp\/v2\/pages"}],"about":[{"href":"https:\/\/senseexperience.es\/it\/wp-json\/wp\/v2\/types\/page"}],"author":[{"embeddable":true,"href":"https:\/\/senseexperience.es\/it\/wp-json\/wp\/v2\/users\/1"}],"replies":[{"embeddable":true,"href":"https:\/\/senseexperience.es\/it\/wp-json\/wp\/v2\/comments?post=1683"}],"version-history":[{"count":0,"href":"https:\/\/senseexperience.es\/it\/wp-json\/wp\/v2\/pages\/1683\/revisions"}],"wp:attachment":[{"href":"https:\/\/senseexperience.es\/it\/wp-json\/wp\/v2\/media?parent=1683"}],"curies":[{"name":"wp","href":"https:\/\/api.w.org\/{rel}","templated":true}]}}