{"id":1620,"date":"2025-02-17T03:02:33","date_gmt":"2025-02-17T03:02:33","guid":{"rendered":"https:\/\/senseexperience.es\/donne\/"},"modified":"2025-03-07T16:18:20","modified_gmt":"2025-03-07T16:18:20","slug":"donne","status":"publish","type":"page","link":"https:\/\/senseexperience.es\/it\/donne\/","title":{"rendered":"Donne"},"content":{"rendered":"\t\t<div data-elementor-type=\"wp-page\" data-elementor-id=\"1620\" class=\"elementor elementor-1620 elementor-351\" data-elementor-post-type=\"page\">\n\t\t\t\t<div class=\"elementor-element elementor-element-656e11c e-flex e-con-boxed e-con e-parent\" data-id=\"656e11c\" data-element_type=\"container\">\n\t\t\t\t\t<div class=\"e-con-inner\">\n\t\t<div class=\"elementor-element elementor-element-6dbc6fc e-con-full e-flex e-con e-child\" data-id=\"6dbc6fc\" data-element_type=\"container\">\n\t\t\t\t<div class=\"elementor-element elementor-element-d55f495 elementor-widget elementor-widget-heading\" data-id=\"d55f495\" data-element_type=\"widget\" data-widget_type=\"heading.default\">\n\t\t\t\t<div class=\"elementor-widget-container\">\n\t\t\t\t\t<h3 class=\"elementor-heading-title elementor-size-default\">MASSAGGIO TANTRICO PER DONNE<\/h3>\t\t\t\t<\/div>\n\t\t\t\t<\/div>\n\t\t\t\t<div class=\"elementor-element elementor-element-ecab283 elementor-widget-divider--view-line elementor-widget elementor-widget-divider\" data-id=\"ecab283\" data-element_type=\"widget\" data-widget_type=\"divider.default\">\n\t\t\t\t<div class=\"elementor-widget-container\">\n\t\t\t\t\t\t\t<div class=\"elementor-divider\">\n\t\t\t<span class=\"elementor-divider-separator\">\n\t\t\t\t\t\t<\/span>\n\t\t<\/div>\n\t\t\t\t\t\t<\/div>\n\t\t\t\t<\/div>\n\t\t\t\t<\/div>\n\t\t<div class=\"elementor-element elementor-element-2593843 e-con-full e-flex e-con e-child\" data-id=\"2593843\" data-element_type=\"container\">\n\t\t\t\t<div class=\"elementor-element elementor-element-f8285bb elementor-widget elementor-widget-heading\" data-id=\"f8285bb\" data-element_type=\"widget\" data-widget_type=\"heading.default\">\n\t\t\t\t<div class=\"elementor-widget-container\">\n\t\t\t\t\t<h3 class=\"elementor-heading-title elementor-size-default\">Massaggio erotico per donne a Madrid - Scopri l'arte del piacere a Sense\n<\/h3>\t\t\t\t<\/div>\n\t\t\t\t<\/div>\n\t\t\t\t<div class=\"elementor-element elementor-element-baa4090 elementor-widget elementor-widget-text-editor\" data-id=\"baa4090\" data-element_type=\"widget\" data-widget_type=\"text-editor.default\">\n\t\t\t\t<div class=\"elementor-widget-container\">\n\t\t\t\t\t\t\t\t\t<p>Entra in un mondo di <strong>sensualit\u00e0 e piacere<\/strong> con il nostro esclusivo <strong>massaggio erotico per donne a Madrid<\/strong>, pensato per risvegliare i tuoi sensi e liberare la tua energia femminile. Lasciati trasportare da un&#8217;esperienza in cui l&#8217;eccitazione scorre senza limiti e raggiunge livelli di piacere che non avresti mai immaginato. Immergiti in un viaggio di emozioni intense, dove ogni carezza \u00e8 pensata per <strong>accrescere la tua sensibilit\u00e0 e farti entrare in una profonda connessione con te stessa<\/strong>.  <\/p><p> <\/p><p>Al <strong>Sense<\/strong> ti offriamo un&#8217;atmosfera lussuosa e massaggiatrici altamente qualificate che ti guideranno con maestria in un massaggio avvolgente e squisito. Scopri nuovi modi di vivere il desiderio attraverso tecniche studiate per immergerti in uno stato di <strong>puro relax e di estasi assoluta<\/strong>. <\/p>\t\t\t\t\t\t\t\t<\/div>\n\t\t\t\t<\/div>\n\t\t\t\t<div class=\"elementor-element elementor-element-f6f4756 elementor-widget elementor-widget-image\" data-id=\"f6f4756\" data-element_type=\"widget\" data-widget_type=\"image.default\">\n\t\t\t\t<div class=\"elementor-widget-container\">\n\t\t\t\t\t\t\t\t\t\t\t\t\t\t\t<img fetchpriority=\"high\" decoding=\"async\" width=\"800\" height=\"428\" src=\"https:\/\/senseexperience.es\/wp-content\/uploads\/2025\/02\/1-1.webp\" class=\"attachment-large size-large wp-image-1621\" alt=\"\" srcset=\"https:\/\/senseexperience.es\/wp-content\/uploads\/2025\/02\/1-1.webp 800w, https:\/\/senseexperience.es\/wp-content\/uploads\/2025\/02\/1-1-300x161.webp 300w, https:\/\/senseexperience.es\/wp-content\/uploads\/2025\/02\/1-1-768x411.webp 768w\" sizes=\"(max-width: 800px) 100vw, 800px\" \/>\t\t\t\t\t\t\t\t\t\t\t\t\t\t\t<\/div>\n\t\t\t\t<\/div>\n\t\t\t\t<\/div>\n\t\t<div class=\"elementor-element elementor-element-57ce38f e-con-full e-flex e-con e-child\" data-id=\"57ce38f\" data-element_type=\"container\">\n\t\t\t\t<div class=\"elementor-element elementor-element-f3c3de8 elementor-widget elementor-widget-heading\" data-id=\"f3c3de8\" data-element_type=\"widget\" data-widget_type=\"heading.default\">\n\t\t\t\t<div class=\"elementor-widget-container\">\n\t\t\t\t\t<h3 class=\"elementor-heading-title elementor-size-default\">Massaggio tantrico per donne<\/h3>\t\t\t\t<\/div>\n\t\t\t\t<\/div>\n\t\t\t\t<div class=\"elementor-element elementor-element-2bb1c51 elementor-widget elementor-widget-text-editor\" data-id=\"2bb1c51\" data-element_type=\"widget\" data-widget_type=\"text-editor.default\">\n\t\t\t\t<div class=\"elementor-widget-container\">\n\t\t\t\t\t\t\t\t\t<div id=\"jw-element-453140663\" class=\"jw-tree-node jw-element jw-image-text\" data-jw-element-id=\"453140663\"><div class=\"jw-element-imagetext-text\"><p>Ispirato all&#8217;antica tradizione del Tantra, questo massaggio si concentra sulla <strong>scoperta di s\u00e9 e sull&#8217;esplorazione del corpo femminile<\/strong>. Con un&#8217;attenzione particolare alle aree pi\u00f9 sensibili, come la yoni &#8211; il simbolo sacro dell&#8217;energia femminile &#8211; ogni movimento cerca di amplificare la sensibilit\u00e0 e prolungare il piacere. <\/p><p> <\/p><p>Permettiti di vivere un&#8217;esperienza trasformativa in cui corpo, mente e sensualit\u00e0 si fondono in perfetta armonia. Sei pronto a riscoprire il tuo piacere? <\/p><\/div><\/div><div id=\"jw-element-453131829\" class=\"jw-tree-node jw-element jw-image-text\" data-jw-element-id=\"453131829\"><div class=\"jw-element-imagetext-text\"><p>Il <strong>massaggio tantrico<\/strong> ha guadagnato grande popolarit\u00e0 negli ultimi tempi, ma persistono ancora dei malintesi su ci\u00f2 che realmente comporta. Molti centri di massaggio, cercando di capitalizzare la sua crescente domanda, lo promuovono insieme a pratiche erotiche che non hanno nulla a che fare con i suoi veri principi. Di conseguenza, sono nate diverse interpretazioni del massaggio tantrico che non rispettano l&#8217;essenza di questa disciplina. A volte il termine &#8220;tantra&#8221; viene utilizzato in modo impreciso per descrivere trattamenti che non seguono le tecniche tantra originali.   <\/p><p> <\/p><p>\u00c8 fondamentale capire la distinzione tra <strong>massaggio tantrico<\/strong> e <strong>massaggio erotico<\/strong> per evitare confusione. Mentre il massaggio erotico mira principalmente alla stimolazione sessuale diretta, il massaggio tantrico si concentra sul benessere olistico e sull&#8217;equilibrio emotivo e fisico. Alcuni centri che offrono il massaggio tantrico in realt\u00e0 utilizzano il termine per descrivere pratiche pi\u00f9 orientate al risveglio sessuale, il che non riflette il vero scopo del tantra.  <\/p><p> <\/p><p>Il <strong>massaggio tantrico<\/strong> promuove la <strong>salute e il benessere<\/strong> generale e, sebbene l&#8217;energia sessuale faccia parte del suo obiettivo, il suo scopo non \u00e8 la gratificazione sessuale immediata. Piuttosto, cerca di favorire una maggiore connessione con se stessi, con il proprio corpo e con il partner, portando a un profondo senso di armonia e benessere generale. <\/p><\/div><\/div>\t\t\t\t\t\t\t\t<\/div>\n\t\t\t\t<\/div>\n\t\t\t\t<div class=\"elementor-element elementor-element-da9d280 elementor-widget elementor-widget-image\" data-id=\"da9d280\" data-element_type=\"widget\" data-widget_type=\"image.default\">\n\t\t\t\t<div class=\"elementor-widget-container\">\n\t\t\t\t\t\t\t\t\t\t\t\t\t\t\t<img decoding=\"async\" width=\"800\" height=\"313\" src=\"https:\/\/senseexperience.es\/wp-content\/uploads\/2025\/02\/2-1.webp\" class=\"attachment-large size-large wp-image-1622\" alt=\"\" srcset=\"https:\/\/senseexperience.es\/wp-content\/uploads\/2025\/02\/2-1.webp 960w, https:\/\/senseexperience.es\/wp-content\/uploads\/2025\/02\/2-1-300x117.webp 300w, https:\/\/senseexperience.es\/wp-content\/uploads\/2025\/02\/2-1-768x300.webp 768w\" sizes=\"(max-width: 800px) 100vw, 800px\" \/>\t\t\t\t\t\t\t\t\t\t\t\t\t\t\t<\/div>\n\t\t\t\t<\/div>\n\t\t\t\t<\/div>\n\t\t<div class=\"elementor-element elementor-element-8988c5f e-con-full e-flex e-con e-child\" data-id=\"8988c5f\" data-element_type=\"container\">\n\t\t\t\t<div class=\"elementor-element elementor-element-f6a9ecb elementor-widget elementor-widget-heading\" data-id=\"f6a9ecb\" data-element_type=\"widget\" data-widget_type=\"heading.default\">\n\t\t\t\t<div class=\"elementor-widget-container\">\n\t\t\t\t\t<h3 class=\"elementor-heading-title elementor-size-default\">Massaggio Tantra per donne<\/h3>\t\t\t\t<\/div>\n\t\t\t\t<\/div>\n\t\t\t\t<div class=\"elementor-element elementor-element-3d47a48 elementor-widget elementor-widget-text-editor\" data-id=\"3d47a48\" data-element_type=\"widget\" data-widget_type=\"text-editor.default\">\n\t\t\t\t<div class=\"elementor-widget-container\">\n\t\t\t\t\t\t\t\t\t<p><strong>Il rilascio sessuale<\/strong> pu\u00f2 essere una delle conseguenze del massaggio tantrico, ma in realt\u00e0 non \u00e8 mai stato l&#8217;obiettivo principale di questa pratica. Al di l\u00e0 della gratificazione, il <strong>tantra<\/strong> utilizza il <strong>tocco sensuale<\/strong> come parte di un antico rituale che mira a connettere profondamente due persone a tutti i livelli. Questo rituale libera la mente di chi lo riceve da tensioni, preoccupazioni e stress, portandolo su un piano spirituale pi\u00f9 elevato.  <\/p><p> <\/p><p><strong>Il tantra<\/strong> comprende molto di pi\u00f9 del massaggio: \u00e8 una filosofia di vita. Comprende varie attivit\u00e0 come la <strong>meditazione<\/strong>, lo <strong>yoga tantra<\/strong> e tecniche che integrano la sessualit\u00e0 con la spiritualit\u00e0. I benefici fisici del massaggio tantrico, se eseguito da un professionista qualificato, sono molteplici. Ad esempio, pu\u00f2 migliorare la <strong>circolazione sanguigna<\/strong>, far s\u00ec che il corpo elabori l&#8217;ossigeno in modo pi\u00f9 efficiente e sciogliere le tensioni muscolari profonde, alleviando lo stress. Se eseguito correttamente, questo massaggio pu\u00f2 sbloccare i punti di tensione, soprattutto quelli legati all&#8217;intimit\u00e0 e alla sessualit\u00e0.    <\/p><p> <\/p><p>In alcuni rituali di massaggio tantrico, la persona che esegue il massaggio \u00e8 spesso una persona vicina, come un partner o una persona amata, il che rafforza i legami emotivi. Questa pratica ha la capacit\u00e0 di rafforzare il legame tra le coppie, aiutando anche coloro che affrontano barriere emotive o psicologiche legate alla loro sessualit\u00e0. <\/p><p> <\/p><p>Il <strong>massaggio tantrico<\/strong> non \u00e8 solo per gli uomini: anche <strong>le donne<\/strong> possono godere dei suoi benefici. Sebbene all&#8217;inizio fosse pi\u00f9 associato agli uomini a causa delle sue connotazioni sessuali, oggi le donne stanno scoprendo il potere di questo massaggio e lo richiedono in citt\u00e0 liberali come <strong>Madrid<\/strong>. Tuttavia, molte donne non hanno ancora informazioni sufficienti su questo tipo di massaggio. \u00c8 fondamentale capire che c&#8217;\u00e8 una netta differenza tra ricevere un massaggio tantrico a scopo di piacere e uno con un approccio terapeutico.   <\/p>\t\t\t\t\t\t\t\t<\/div>\n\t\t\t\t<\/div>\n\t\t\t\t<div class=\"elementor-element elementor-element-92f434b elementor-widget elementor-widget-image\" data-id=\"92f434b\" data-element_type=\"widget\" data-widget_type=\"image.default\">\n\t\t\t\t<div class=\"elementor-widget-container\">\n\t\t\t\t\t\t\t\t\t\t\t\t\t\t\t<img decoding=\"async\" width=\"800\" height=\"323\" src=\"https:\/\/senseexperience.es\/wp-content\/uploads\/2025\/02\/3-1.webp\" class=\"attachment-large size-large wp-image-1623\" alt=\"\" srcset=\"https:\/\/senseexperience.es\/wp-content\/uploads\/2025\/02\/3-1.webp 960w, https:\/\/senseexperience.es\/wp-content\/uploads\/2025\/02\/3-1-300x121.webp 300w, https:\/\/senseexperience.es\/wp-content\/uploads\/2025\/02\/3-1-768x310.webp 768w\" sizes=\"(max-width: 800px) 100vw, 800px\" \/>\t\t\t\t\t\t\t\t\t\t\t\t\t\t\t<\/div>\n\t\t\t\t<\/div>\n\t\t\t\t<\/div>\n\t\t<div class=\"elementor-element elementor-element-eb03f95 e-con-full e-flex e-con e-child\" data-id=\"eb03f95\" data-element_type=\"container\">\n\t\t<div class=\"elementor-element elementor-element-6d93789 e-con-full e-flex e-con e-child\" data-id=\"6d93789\" data-element_type=\"container\">\n\t\t\t\t<div class=\"elementor-element elementor-element-e23df96 elementor-widget elementor-widget-heading\" data-id=\"e23df96\" data-element_type=\"widget\" data-widget_type=\"heading.default\">\n\t\t\t\t<div class=\"elementor-widget-container\">\n\t\t\t\t\t<h3 class=\"elementor-heading-title elementor-size-default\">Cosa dovrebbero considerare le donne prima di prenotare un massaggio tantrico\n<\/h3>\t\t\t\t<\/div>\n\t\t\t\t<\/div>\n\t\t\t\t<div class=\"elementor-element elementor-element-0f03610 elementor-widget-divider--view-line elementor-widget elementor-widget-divider\" data-id=\"0f03610\" data-element_type=\"widget\" data-widget_type=\"divider.default\">\n\t\t\t\t<div class=\"elementor-widget-container\">\n\t\t\t\t\t\t\t<div class=\"elementor-divider\">\n\t\t\t<span class=\"elementor-divider-separator\">\n\t\t\t\t\t\t<\/span>\n\t\t<\/div>\n\t\t\t\t\t\t<\/div>\n\t\t\t\t<\/div>\n\t\t\t\t<\/div>\n\t\t\t\t<div class=\"elementor-element elementor-element-0686ab6 elementor-widget elementor-widget-heading\" data-id=\"0686ab6\" data-element_type=\"widget\" data-widget_type=\"heading.default\">\n\t\t\t\t<div class=\"elementor-widget-container\">\n\t\t\t\t\t<h3 class=\"elementor-heading-title elementor-size-default\">Massaggio tantrico per il piacere<\/h3>\t\t\t\t<\/div>\n\t\t\t\t<\/div>\n\t\t\t\t<div class=\"elementor-element elementor-element-e4b71c1 elementor-widget elementor-widget-text-editor\" data-id=\"e4b71c1\" data-element_type=\"widget\" data-widget_type=\"text-editor.default\">\n\t\t\t\t<div class=\"elementor-widget-container\">\n\t\t\t\t\t\t\t\t\t<p>Il massaggio tantrico per piacere \u00e8 una delle opzioni pi\u00f9 richieste. Molte donne scelgono questo tipo di massaggio soprattutto per la soddisfazione e il benessere che offre. Questo massaggio pu\u00f2 essere eseguito sia da un uomo che da una donna e molte donne si sentono pi\u00f9 a loro agio e sicure se la massaggiatrice \u00e8 una donna, anche se questo dipende dalle preferenze personali.  <\/p><p> <\/p><p>Questo tipo di massaggio \u00e8 ideale per le donne che desiderano rilassarsi, riconnettersi con la propria sensualit\u00e0 e godere del proprio corpo. Spesso alcune donne possono bloccare il proprio piacere, concentrandosi solo sul soddisfare il partner durante il sesso. Un massaggio tantrico del piacere pu\u00f2 essere un ottimo modo per aiutarle a liberarsi da questa mentalit\u00e0 e a godere appieno della loro sessualit\u00e0.  <\/p><p> <\/p><p>Le donne che scelgono questo massaggio spesso sperimentano un netto miglioramento della loro capacit\u00e0 di provare piacere. Tuttavia, \u00e8 importante notare che questo massaggio non \u00e8 adatto a chi cerca una terapia emotiva o curativa. <\/p>\t\t\t\t\t\t\t\t<\/div>\n\t\t\t\t<\/div>\n\t\t\t\t<div class=\"elementor-element elementor-element-eb9f753 elementor-widget elementor-widget-heading\" data-id=\"eb9f753\" data-element_type=\"widget\" data-widget_type=\"heading.default\">\n\t\t\t\t<div class=\"elementor-widget-container\">\n\t\t\t\t\t<h3 class=\"elementor-heading-title elementor-size-default\">Il massaggio tantrico come terapia<\/h3>\t\t\t\t<\/div>\n\t\t\t\t<\/div>\n\t\t\t\t<div class=\"elementor-element elementor-element-cd529e7 elementor-widget elementor-widget-text-editor\" data-id=\"cd529e7\" data-element_type=\"widget\" data-widget_type=\"text-editor.default\">\n\t\t\t\t<div class=\"elementor-widget-container\">\n\t\t\t\t\t\t\t\t\t<p>Per alcune donne, il massaggio tantrico non ha a che fare con il piacere, ma con la guarigione. Se una donna ha subito esperienze traumatiche, come un abuso o uno stupro, ci\u00f2 di cui ha veramente bisogno non \u00e8 un massaggio incentrato sul piacere, ma un approccio terapeutico che aiuti a guarire le ferite emotive e fisiche. <\/p><p> <\/p><p>Esistono terapisti specializzati che lavorano con il corpo della donna per sciogliere i blocchi e le difese che si generano dopo esperienze traumatiche. Questo tipo di terapia pu\u00f2 includere il lavoro con le aree pi\u00f9 intime del corpo, al fine di sbloccare le emozioni represse e consentire una sana riconnessione con la propria sessualit\u00e0. <\/p><p> <\/p><p>\u00c8 fondamentale che questo tipo di massaggio venga eseguito solo da un terapeuta altamente qualificato ed esperto, poich\u00e9 il lavoro sul trauma pu\u00f2 essere delicato e richiede competenze specifiche. Durante una sessione di terapia, \u00e8 possibile che la donna provi emozioni intense, come flashback del trauma subito. In questi casi, il terapeuta deve saper gestire la situazione con delicatezza, in modo che la donna si senta al sicuro e riconosca il processo come parte della sua guarigione.  <\/p><p> <\/p><p>Purtroppo, alcune donne non distinguono bene tra i due tipi di massaggio tantrico, il che pu\u00f2 portare a un&#8217;esperienza inappropriata se si sceglie un massaggio di piacere quando in realt\u00e0 \u00e8 necessaria una terapia. Pertanto, \u00e8 fondamentale avere le giuste informazioni e prendere decisioni informate per evitare malintesi o esperienze indesiderate. <\/p>\t\t\t\t\t\t\t\t<\/div>\n\t\t\t\t<\/div>\n\t\t\t\t<div class=\"elementor-element elementor-element-53eb316 elementor-widget elementor-widget-image\" data-id=\"53eb316\" data-element_type=\"widget\" data-widget_type=\"image.default\">\n\t\t\t\t<div class=\"elementor-widget-container\">\n\t\t\t\t\t\t\t\t\t\t\t\t\t\t\t<img loading=\"lazy\" decoding=\"async\" width=\"800\" height=\"333\" src=\"https:\/\/senseexperience.es\/wp-content\/uploads\/2025\/02\/4-1.webp\" class=\"attachment-large size-large wp-image-1624\" alt=\"\" srcset=\"https:\/\/senseexperience.es\/wp-content\/uploads\/2025\/02\/4-1.webp 960w, https:\/\/senseexperience.es\/wp-content\/uploads\/2025\/02\/4-1-300x125.webp 300w, https:\/\/senseexperience.es\/wp-content\/uploads\/2025\/02\/4-1-768x319.webp 768w\" sizes=\"(max-width: 800px) 100vw, 800px\" \/>\t\t\t\t\t\t\t\t\t\t\t\t\t\t\t<\/div>\n\t\t\t\t<\/div>\n\t\t\t\t<\/div>\n\t\t\t\t\t<\/div>\n\t\t\t\t<\/div>\n\t\t\t\t<\/div>\n\t\t","protected":false},"excerpt":{"rendered":"<p>MASSAGGIO TANTRICO PER DONNE Massaggio erotico per donne a Madrid &#8211; Scopri l&#8217;arte del piacere a Sense Entra in un mondo di sensualit\u00e0 e piacere con il nostro esclusivo massaggio erotico per donne a Madrid, pensato per risvegliare i tuoi sensi e liberare la tua energia femminile. Lasciati trasportare da un&#8217;esperienza in cui l&#8217;eccitazione scorre [&hellip;]<\/p>\n","protected":false},"author":1,"featured_media":0,"parent":0,"menu_order":0,"comment_status":"closed","ping_status":"closed","template":"elementor_header_footer","meta":{"footnotes":""},"class_list":["post-1620","page","type-page","status-publish","hentry"],"_links":{"self":[{"href":"https:\/\/senseexperience.es\/it\/wp-json\/wp\/v2\/pages\/1620","targetHints":{"allow":["GET"]}}],"collection":[{"href":"https:\/\/senseexperience.es\/it\/wp-json\/wp\/v2\/pages"}],"about":[{"href":"https:\/\/senseexperience.es\/it\/wp-json\/wp\/v2\/types\/page"}],"author":[{"embeddable":true,"href":"https:\/\/senseexperience.es\/it\/wp-json\/wp\/v2\/users\/1"}],"replies":[{"embeddable":true,"href":"https:\/\/senseexperience.es\/it\/wp-json\/wp\/v2\/comments?post=1620"}],"version-history":[{"count":2,"href":"https:\/\/senseexperience.es\/it\/wp-json\/wp\/v2\/pages\/1620\/revisions"}],"predecessor-version":[{"id":1953,"href":"https:\/\/senseexperience.es\/it\/wp-json\/wp\/v2\/pages\/1620\/revisions\/1953"}],"wp:attachment":[{"href":"https:\/\/senseexperience.es\/it\/wp-json\/wp\/v2\/media?parent=1620"}],"curies":[{"name":"wp","href":"https:\/\/api.w.org\/{rel}","templated":true}]}}