{"id":1611,"date":"2025-02-17T02:48:59","date_gmt":"2025-02-17T02:48:59","guid":{"rendered":"https:\/\/senseexperience.es\/coppie\/"},"modified":"2025-02-27T18:42:27","modified_gmt":"2025-02-27T18:42:27","slug":"coppie","status":"publish","type":"page","link":"https:\/\/senseexperience.es\/it\/coppie\/","title":{"rendered":"Coppie"},"content":{"rendered":"\t\t<div data-elementor-type=\"wp-page\" data-elementor-id=\"1611\" class=\"elementor elementor-1611 elementor-332\" data-elementor-post-type=\"page\">\n\t\t\t\t<div class=\"elementor-element elementor-element-656e11c e-flex e-con-boxed e-con e-parent\" data-id=\"656e11c\" data-element_type=\"container\">\n\t\t\t\t\t<div class=\"e-con-inner\">\n\t\t<div class=\"elementor-element elementor-element-6dbc6fc e-con-full e-flex e-con e-child\" data-id=\"6dbc6fc\" data-element_type=\"container\">\n\t\t\t\t<div class=\"elementor-element elementor-element-d55f495 elementor-widget elementor-widget-heading\" data-id=\"d55f495\" data-element_type=\"widget\" data-widget_type=\"heading.default\">\n\t\t\t\t<div class=\"elementor-widget-container\">\n\t\t\t\t\t<h3 class=\"elementor-heading-title elementor-size-default\">Massaggi di coppia a Madrid\n<\/h3>\t\t\t\t<\/div>\n\t\t\t\t<\/div>\n\t\t\t\t<div class=\"elementor-element elementor-element-ecab283 elementor-widget-divider--view-line elementor-widget elementor-widget-divider\" data-id=\"ecab283\" data-element_type=\"widget\" data-widget_type=\"divider.default\">\n\t\t\t\t<div class=\"elementor-widget-container\">\n\t\t\t\t\t\t\t<div class=\"elementor-divider\">\n\t\t\t<span class=\"elementor-divider-separator\">\n\t\t\t\t\t\t<\/span>\n\t\t<\/div>\n\t\t\t\t\t\t<\/div>\n\t\t\t\t<\/div>\n\t\t\t\t<\/div>\n\t\t<div class=\"elementor-element elementor-element-2593843 e-con-full e-flex e-con e-child\" data-id=\"2593843\" data-element_type=\"container\">\n\t\t\t\t<div class=\"elementor-element elementor-element-f8285bb elementor-widget elementor-widget-heading\" data-id=\"f8285bb\" data-element_type=\"widget\" data-widget_type=\"heading.default\">\n\t\t\t\t<div class=\"elementor-widget-container\">\n\t\t\t\t\t<h3 class=\"elementor-heading-title elementor-size-default\">Scopri il piacere di coppia al <b>Sense Madrid<\/b><\/h3>\t\t\t\t<\/div>\n\t\t\t\t<\/div>\n\t\t\t\t<div class=\"elementor-element elementor-element-baa4090 elementor-widget elementor-widget-text-editor\" data-id=\"baa4090\" data-element_type=\"widget\" data-widget_type=\"text-editor.default\">\n\t\t\t\t<div class=\"elementor-widget-container\">\n\t\t\t\t\t\t\t\t\t<p>Se stai cercando un&#8217;esperienza erotica indimenticabile a <strong>Madrid<\/strong>, <strong>Sense<\/strong> \u00e8 il posto perfetto. Che si tratti di sorprendere il tuo partner con un regalo esclusivo o di esplorare insieme nuovi modi per risvegliare la passione, il nostro <strong>massaggio erotico di coppia<\/strong> \u00e8 la scelta ideale. <\/p><p> <\/p><p>Nel nostro centro esclusivo potrai immergerti in un&#8217;atmosfera di raffinatezza e sensualit\u00e0, dove il desiderio scorre senza limiti e le fantasie diventano realt\u00e0. Senza pregiudizi o tab\u00f9, ti invitiamo a lasciarti trasportare dal piacere e dalla connessione reciproca, godendoti un viaggio sensoriale unico. <\/p><p> <\/p><p>Le nostre massaggiatrici, esperte nell&#8217;arte del massaggio erotico, ti guideranno con delicatezza e passione attraverso un&#8217;esperienza stimolante e avvolgente. Inoltre, le nostre strutture di lusso sono state progettate per offrirti il massimo comfort, assicurandoti che ogni momento sia tanto piacevole quanto indimenticabile. <\/p><p> <\/p><p>Vivete insieme un&#8217;esperienza in cui complicit\u00e0, desiderio e benessere si fondono in perfetta armonia.<\/p>\t\t\t\t\t\t\t\t<\/div>\n\t\t\t\t<\/div>\n\t\t\t\t<div class=\"elementor-element elementor-element-f6f4756 elementor-widget elementor-widget-image\" data-id=\"f6f4756\" data-element_type=\"widget\" data-widget_type=\"image.default\">\n\t\t\t\t<div class=\"elementor-widget-container\">\n\t\t\t\t\t\t\t\t\t\t\t\t\t\t\t<img fetchpriority=\"high\" decoding=\"async\" width=\"800\" height=\"343\" src=\"https:\/\/senseexperience.es\/wp-content\/uploads\/2025\/02\/1.webp\" class=\"attachment-large size-large wp-image-1612\" alt=\"\" srcset=\"https:\/\/senseexperience.es\/wp-content\/uploads\/2025\/02\/1.webp 960w, https:\/\/senseexperience.es\/wp-content\/uploads\/2025\/02\/1-300x128.webp 300w, https:\/\/senseexperience.es\/wp-content\/uploads\/2025\/02\/1-768x329.webp 768w\" sizes=\"(max-width: 800px) 100vw, 800px\" \/>\t\t\t\t\t\t\t\t\t\t\t\t\t\t\t<\/div>\n\t\t\t\t<\/div>\n\t\t\t\t<\/div>\n\t\t<div class=\"elementor-element elementor-element-57ce38f e-con-full e-flex e-con e-child\" data-id=\"57ce38f\" data-element_type=\"container\">\n\t\t\t\t<div class=\"elementor-element elementor-element-f3c3de8 elementor-widget elementor-widget-heading\" data-id=\"f3c3de8\" data-element_type=\"widget\" data-widget_type=\"heading.default\">\n\t\t\t\t<div class=\"elementor-widget-container\">\n\t\t\t\t\t<h3 class=\"elementor-heading-title elementor-size-default\">Massaggio di coppia corpo a corpo<\/h3>\t\t\t\t<\/div>\n\t\t\t\t<\/div>\n\t\t\t\t<div class=\"elementor-element elementor-element-2bb1c51 elementor-widget elementor-widget-text-editor\" data-id=\"2bb1c51\" data-element_type=\"widget\" data-widget_type=\"text-editor.default\">\n\t\t\t\t<div class=\"elementor-widget-container\">\n\t\t\t\t\t\t\t\t\t<p>Per le coppie che desiderano esplorare il piacere in modo sensuale e rilassante, il massaggio <strong>Body to Body<\/strong> \u00e8 l&#8217;opzione ideale. Questa esperienza avvolgente e delicata combina l&#8217;arte del contatto pelle a pelle con movimenti fluidi e armoniosi, generando una connessione intima e piacevole. <\/p><p> <\/p><p>In questo massaggio, due massaggiatrici esperte ti guideranno in un viaggio di sensazioni in cui la morbidezza del corpo che scivola sulla pelle diventa la chiave del piacere. Utilizzando oli caldi e texture setose, ogni carezza risveglia i sensi senza fretta, invitandoti a rilassarti e a creare una connessione pi\u00f9 profonda tra voi due. <\/p><p> <\/p><p>A differenza dei massaggi pi\u00f9 intensi, il <strong>Body to Body<\/strong> si concentra sulla stimolazione sensoriale attraverso il tocco, la pressione e il movimento del corpo, senza concentrarsi sulla stimolazione dei genitali. L&#8217;armonia tra il respiro, il tocco e l&#8217;energia fluisce in perfetta sincronia, permettendoti di vivere insieme un&#8217;esperienza eccitante ma delicata. <\/p><p> <\/p><p>Ideale per chi desidera immergersi nel mondo del massaggio erotico in modo elegante e suggestivo, questo massaggio ti far\u00e0 staccare dal mondo esterno e riscoprire il piacere delle carezze.<\/p><p> <\/p><p>Un momento di complicit\u00e0, piacere e relax&#8230; te la senti?<\/p>\t\t\t\t\t\t\t\t<\/div>\n\t\t\t\t<\/div>\n\t\t\t\t<div class=\"elementor-element elementor-element-da9d280 elementor-widget elementor-widget-image\" data-id=\"da9d280\" data-element_type=\"widget\" data-widget_type=\"image.default\">\n\t\t\t\t<div class=\"elementor-widget-container\">\n\t\t\t\t\t\t\t\t\t\t\t\t\t\t\t<img decoding=\"async\" width=\"800\" height=\"353\" src=\"https:\/\/senseexperience.es\/wp-content\/uploads\/2025\/02\/2.webp\" class=\"attachment-large size-large wp-image-1613\" alt=\"\" srcset=\"https:\/\/senseexperience.es\/wp-content\/uploads\/2025\/02\/2.webp 960w, https:\/\/senseexperience.es\/wp-content\/uploads\/2025\/02\/2-300x133.webp 300w, https:\/\/senseexperience.es\/wp-content\/uploads\/2025\/02\/2-768x339.webp 768w\" sizes=\"(max-width: 800px) 100vw, 800px\" \/>\t\t\t\t\t\t\t\t\t\t\t\t\t\t\t<\/div>\n\t\t\t\t<\/div>\n\t\t\t\t<\/div>\n\t\t<div class=\"elementor-element elementor-element-8988c5f e-con-full e-flex e-con e-child\" data-id=\"8988c5f\" data-element_type=\"container\">\n\t\t\t\t<div class=\"elementor-element elementor-element-f6a9ecb elementor-widget elementor-widget-heading\" data-id=\"f6a9ecb\" data-element_type=\"widget\" data-widget_type=\"heading.default\">\n\t\t\t\t<div class=\"elementor-widget-container\">\n\t\t\t\t\t<h3 class=\"elementor-heading-title elementor-size-default\">Massaggio di coppia \"interattivo<\/h3>\t\t\t\t<\/div>\n\t\t\t\t<\/div>\n\t\t\t\t<div class=\"elementor-element elementor-element-3d47a48 elementor-widget elementor-widget-text-editor\" data-id=\"3d47a48\" data-element_type=\"widget\" data-widget_type=\"text-editor.default\">\n\t\t\t\t<div class=\"elementor-widget-container\">\n\t\t\t\t\t\t\t\t\t<p>Il massaggio di coppia &#8220;Interattivo&#8221; \u00e8 la nostra esperienza esclusiva, la pi\u00f9 richiesta da chi \u00e8 alla ricerca di una connessione intensa e piacevole. In questa sessione esclusiva, entrambi godrete di un massaggio sensuale e interattivo, avvolti in un&#8217;atmosfera di erotismo e complicit\u00e0, con due massaggiatrici esperte. <\/p><p> <\/p><p>Puoi personalizzare la tua esperienza scegliendo tra due adorabili massaggiatrici o una combinazione di terapista uomo e donna, a seconda delle tue preferenze.<\/p><p> <\/p><p>Una delle opzioni pi\u00f9 stimolanti, questo massaggio combina raffinate tecniche tantriche con l&#8217;arte del massaggio corpo a corpo, progettato per risvegliare i sensi e portarti a un climax sensoriale senza precedenti. Ogni massaggiatrice si dedica completamente al benessere del partner, permettendoti di osservare e condividere il piacere dell&#8217;altro in ogni momento. <\/p><p> <\/p><p>Inoltre, questo massaggio permette l&#8217;interazione: puoi accarezzare i massaggiatori e godere anche insieme, aumentando l&#8217;intensit\u00e0 del momento.<\/p><p> <\/p><p>Per completare questa esperienza unica, dopo la sessione avrete a disposizione 20 minuti gratuiti per esplorare la vostra intimit\u00e0 in totale privacy, immergendovi nell&#8217;energia sensuale che avrete risvegliato.<\/p><p> <\/p><p>Un viaggio in cui desiderio, passione e complicit\u00e0 si fondono in perfetta armonia.<\/p>\t\t\t\t\t\t\t\t<\/div>\n\t\t\t\t<\/div>\n\t\t\t\t<div class=\"elementor-element elementor-element-92f434b elementor-widget elementor-widget-image\" data-id=\"92f434b\" data-element_type=\"widget\" data-widget_type=\"image.default\">\n\t\t\t\t<div class=\"elementor-widget-container\">\n\t\t\t\t\t\t\t\t\t\t\t\t\t\t\t<img decoding=\"async\" width=\"800\" height=\"360\" src=\"https:\/\/senseexperience.es\/wp-content\/uploads\/2025\/02\/3.webp\" class=\"attachment-large size-large wp-image-1614\" alt=\"\" srcset=\"https:\/\/senseexperience.es\/wp-content\/uploads\/2025\/02\/3.webp 800w, https:\/\/senseexperience.es\/wp-content\/uploads\/2025\/02\/3-300x135.webp 300w, https:\/\/senseexperience.es\/wp-content\/uploads\/2025\/02\/3-768x346.webp 768w\" sizes=\"(max-width: 800px) 100vw, 800px\" \/>\t\t\t\t\t\t\t\t\t\t\t\t\t\t\t<\/div>\n\t\t\t\t<\/div>\n\t\t\t\t<\/div>\n\t\t<div class=\"elementor-element elementor-element-eb03f95 e-con-full e-flex e-con e-child\" data-id=\"eb03f95\" data-element_type=\"container\">\n\t\t\t\t<div class=\"elementor-element elementor-element-0686ab6 elementor-widget elementor-widget-heading\" data-id=\"0686ab6\" data-element_type=\"widget\" data-widget_type=\"heading.default\">\n\t\t\t\t<div class=\"elementor-widget-container\">\n\t\t\t\t\t<h3 class=\"elementor-heading-title elementor-size-default\">Massaggio di coppia \"Nuru\".<\/h3>\t\t\t\t<\/div>\n\t\t\t\t<\/div>\n\t\t\t\t<div class=\"elementor-element elementor-element-e4b71c1 elementor-widget elementor-widget-text-editor\" data-id=\"e4b71c1\" data-element_type=\"widget\" data-widget_type=\"text-editor.default\">\n\t\t\t\t<div class=\"elementor-widget-container\">\n\t\t\t\t\t\t\t\t\t<p>Pensato per le coppie pi\u00f9 audaci, quelle che amano una connessione senza limiti e desiderano esplorare nuove dimensioni del piacere, il massaggio &#8220;Nuru&#8221; \u00e8 un&#8217;esperienza esclusiva, intensa e altamente stimolante, guidata da due massaggiatrici esperte.<\/p><p> <\/p><p>Questo massaggio incorpora sofisticate tecniche tantriche di stimolazione sensoriale, tra cui l&#8217;arte del massaggio Lingam per gli uomini e il massaggio Yoni per le donne. Queste pratiche non solo prolungano e migliorano l&#8217;orgasmo, ma lo trasformano in un&#8217;esperienza pi\u00f9 profonda e intensa. <\/p><p> <\/p><p>A differenza di altri massaggi erotici, nel &#8220;Nuru&#8221; la stimolazione non \u00e8 riservata solo alla fine della sessione, ma fa parte di un viaggio sensoriale che inizia fin dal primo momento. Con una doppia stimolazione, sia all&#8217;inizio che alla fine del massaggio, raggiungerai un climax avvolgente che attraverser\u00e0 ogni fibra del tuo corpo. <\/p><p> <\/p><p>In un&#8217;atmosfera intima e seducente, dove la pelle diventa l&#8217;unico linguaggio, questo massaggio promette sensazioni elettrizzanti e una connessione senza pari.<\/p><p> <\/p><p>Hai il coraggio di scoprire un&#8217;esperienza erotica senza precedenti?<\/p>\t\t\t\t\t\t\t\t<\/div>\n\t\t\t\t<\/div>\n\t\t\t\t<div class=\"elementor-element elementor-element-53eb316 elementor-widget elementor-widget-image\" data-id=\"53eb316\" data-element_type=\"widget\" data-widget_type=\"image.default\">\n\t\t\t\t<div class=\"elementor-widget-container\">\n\t\t\t\t\t\t\t\t\t\t\t\t\t\t\t<img loading=\"lazy\" decoding=\"async\" width=\"800\" height=\"352\" src=\"https:\/\/senseexperience.es\/wp-content\/uploads\/2025\/02\/4.webp\" class=\"attachment-large size-large wp-image-1615\" alt=\"\" srcset=\"https:\/\/senseexperience.es\/wp-content\/uploads\/2025\/02\/4.webp 960w, https:\/\/senseexperience.es\/wp-content\/uploads\/2025\/02\/4-300x132.webp 300w, https:\/\/senseexperience.es\/wp-content\/uploads\/2025\/02\/4-768x338.webp 768w\" sizes=\"(max-width: 800px) 100vw, 800px\" \/>\t\t\t\t\t\t\t\t\t\t\t\t\t\t\t<\/div>\n\t\t\t\t<\/div>\n\t\t\t\t<\/div>\n\t\t\t\t\t<\/div>\n\t\t\t\t<\/div>\n\t\t<div class=\"elementor-element elementor-element-6d808f4 e-flex e-con-boxed e-con e-parent\" data-id=\"6d808f4\" data-element_type=\"container\">\n\t\t\t\t\t<div class=\"e-con-inner\">\n\t\t<div class=\"elementor-element elementor-element-21855e6 e-con-full e-flex e-con e-child\" data-id=\"21855e6\" data-element_type=\"container\">\n\t\t\t\t<div class=\"elementor-element elementor-element-0df0d0a elementor-widget elementor-widget-heading\" data-id=\"0df0d0a\" data-element_type=\"widget\" data-widget_type=\"heading.default\">\n\t\t\t\t<div class=\"elementor-widget-container\">\n\t\t\t\t\t<h3 class=\"elementor-heading-title elementor-size-default\">Massaggio di coppia con Spa e Jacuzzi: un rituale di piacere e relax<\/h3>\t\t\t\t<\/div>\n\t\t\t\t<\/div>\n\t\t\t\t<div class=\"elementor-element elementor-element-8a42c54 elementor-widget-divider--view-line elementor-widget elementor-widget-divider\" data-id=\"8a42c54\" data-element_type=\"widget\" data-widget_type=\"divider.default\">\n\t\t\t\t<div class=\"elementor-widget-container\">\n\t\t\t\t\t\t\t<div class=\"elementor-divider\">\n\t\t\t<span class=\"elementor-divider-separator\">\n\t\t\t\t\t\t<\/span>\n\t\t<\/div>\n\t\t\t\t\t\t<\/div>\n\t\t\t\t<\/div>\n\t\t\t\t<div class=\"elementor-element elementor-element-66cdd9c elementor-widget elementor-widget-text-editor\" data-id=\"66cdd9c\" data-element_type=\"widget\" data-widget_type=\"text-editor.default\">\n\t\t\t\t<div class=\"elementor-widget-container\">\n\t\t\t\t\t\t\t\t\t<p>Immergiti con il tuo partner in un&#8217;esperienza esclusiva che combina l&#8217;arte del <strong>massaggio erotico<\/strong> con i benefici della <strong>spa e della jacuzzi<\/strong>. Un viaggio sensoriale progettato per risvegliare i sensi, rilassare il corpo e rafforzare la connessione intima in un ambiente di assoluta raffinatezza. <\/p><p> <\/p><p>La sessione inizia con un bagno nella nostra <strong>jacuzzi privata<\/strong>, dove l&#8217;acqua calda e le bollicine avvolgono il corpo in una sensazione di totale benessere. La combinazione di aromi squisiti, luci soffuse e un&#8217;atmosfera avvolgente ti invita a disconnetterti dal mondo esterno e a prepararti per ci\u00f2 che seguir\u00e0. <\/p><p> <\/p><p>Verrai poi guidato in una stanza esclusiva, dove le nostre esperte massaggiatrici ti faranno un <strong>massaggio corpo a corpo<\/strong>, utilizzando oli caldi e movimenti delicati che coprono ogni centimetro della tua pelle. La fusione di tecniche rilassanti e sensuali ti porter\u00e0 in uno stato di piacere assoluto, dove le carezze diventeranno un linguaggio di intimit\u00e0 e desiderio. <\/p><p> <\/p><p>Per concludere l&#8217;esperienza, potrai goderti qualche minuto di intimit\u00e0 nella spa, permettendo all&#8217;energia risvegliata di fluire liberamente tra di voi. Un rituale perfetto per le coppie che desiderano rinnovare la passione e vivere un momento indimenticabile. <\/p>\t\t\t\t\t\t\t\t<\/div>\n\t\t\t\t<\/div>\n\t\t\t\t<\/div>\n\t\t<div class=\"elementor-element elementor-element-78202f0 e-con-full e-flex e-con e-child\" data-id=\"78202f0\" data-element_type=\"container\" data-settings=\"{&quot;background_background&quot;:&quot;classic&quot;}\">\n\t\t\t\t<\/div>\n\t\t<div class=\"elementor-element elementor-element-b4141ca e-con-full e-flex e-con e-child\" data-id=\"b4141ca\" data-element_type=\"container\">\n\t\t<div class=\"elementor-element elementor-element-fe9da77 e-con-full e-flex e-con e-child\" data-id=\"fe9da77\" data-element_type=\"container\">\n\t\t\t\t<div class=\"elementor-element elementor-element-48e566f elementor-widget elementor-widget-heading\" data-id=\"48e566f\" data-element_type=\"widget\" data-widget_type=\"heading.default\">\n\t\t\t\t<div class=\"elementor-widget-container\">\n\t\t\t\t\t<h3 class=\"elementor-heading-title elementor-size-default\">Massaggi di coppia a Madrid<\/h3>\t\t\t\t<\/div>\n\t\t\t\t<\/div>\n\t\t\t\t<div class=\"elementor-element elementor-element-1beeab5 elementor-widget-divider--view-line elementor-widget elementor-widget-divider\" data-id=\"1beeab5\" data-element_type=\"widget\" data-widget_type=\"divider.default\">\n\t\t\t\t<div class=\"elementor-widget-container\">\n\t\t\t\t\t\t\t<div class=\"elementor-divider\">\n\t\t\t<span class=\"elementor-divider-separator\">\n\t\t\t\t\t\t<\/span>\n\t\t<\/div>\n\t\t\t\t\t\t<\/div>\n\t\t\t\t<\/div>\n\t\t\t\t<\/div>\n\t\t\t\t<div class=\"elementor-element elementor-element-1b68cd0 elementor-widget elementor-widget-text-editor\" data-id=\"1b68cd0\" data-element_type=\"widget\" data-widget_type=\"text-editor.default\">\n\t\t\t\t<div class=\"elementor-widget-container\">\n\t\t\t\t\t\t\t\t\t<p>I massaggi erotici di coppia a Madrid rappresentano un&#8217;esperienza sensoriale unica, pensata per rafforzare l&#8217;intimit\u00e0 e il legame emotivo. In un ambiente accuratamente preparato con luci soffuse, oli aromatici e musica soft, le coppie possono abbandonarsi a una connessione pi\u00f9 profonda attraverso carezze e pressioni delicate. <\/p><p> <\/p><p>Al di l\u00e0 del piacere fisico, questi massaggi non riguardano solo il sesso, ma risvegliano anche la sensibilit\u00e0 e rafforzano la complicit\u00e0. La sincronizzazione del respiro e del battito cardiaco permette a entrambi i partner di immergersi in uno stato di armonia, scoprendo insieme nuove dimensioni del piacere. <\/p><p> <\/p><p>Uno dei suoi maggiori vantaggi \u00e8 l&#8217;opportunit\u00e0 di dare e ricevere piacere contemporaneamente, senza la necessit\u00e0 di avere un&#8217;esperienza precedente. Pi\u00f9 che la tecnica, ci\u00f2 che \u00e8 essenziale \u00e8 la tenerezza, il rispetto e la connessione reciproca. \u00c8 un gioco di esplorazione in cui la pelle diventa un linguaggio di amore e desiderio.  <\/p><p> <\/p><p>Per chi vuole riaccendere la passione e uscire dalla routine, un massaggio erotico di coppia \u00e8 un&#8217;avventura esaltante. Spegnete il mondo esterno e concentratevi l&#8217;uno sull&#8217;altro, lasciando che le vostre mani esprimano ci\u00f2 che le parole non sempre riescono a dire. <\/p>\t\t\t\t\t\t\t\t<\/div>\n\t\t\t\t<\/div>\n\t\t\t\t<\/div>\n\t\t<div class=\"elementor-element elementor-element-5120320 e-con-full e-flex e-con e-child\" data-id=\"5120320\" data-element_type=\"container\">\n\t\t\t\t<div class=\"elementor-element elementor-element-d17e30c elementor-widget elementor-widget-heading\" data-id=\"d17e30c\" data-element_type=\"widget\" data-widget_type=\"heading.default\">\n\t\t\t\t<div class=\"elementor-widget-container\">\n\t\t\t\t\t<h3 class=\"elementor-heading-title elementor-size-default\">La connessione, la vera arte del massaggio di coppia\n<\/h3>\t\t\t\t<\/div>\n\t\t\t\t<\/div>\n\t\t\t\t<div class=\"elementor-element elementor-element-4be2219 elementor-widget elementor-widget-text-editor\" data-id=\"4be2219\" data-element_type=\"widget\" data-widget_type=\"text-editor.default\">\n\t\t\t\t<div class=\"elementor-widget-container\">\n\t\t\t\t\t\t\t\t\t<p>In un <strong>massaggio erotico di coppia<\/strong>, la connessione emotiva \u00e8 l&#8217;anima dell&#8217;esperienza. Al di l\u00e0 della tecnica, ci\u00f2 che conta davvero \u00e8 la complicit\u00e0, il rispetto e la tenerezza condivisa. \u00c8 un istante in cui il tempo si ferma e la coppia si immerge in un universo di carezze, sensazioni ed emozioni.  <\/p><p> <\/p><p>Per chi non ha mai esplorato questa forma di intimit\u00e0, \u00e8 l&#8217;occasione perfetta per scoprire nuovi modi di dare e ricevere piacere insieme. In un ambiente accuratamente progettato con luci soffuse, oli aromatici e una melodia avvolgente, ogni tocco e sussurro rafforza l&#8217;unione e risveglia i sensi. <\/p><p> <\/p><p>Il segreto \u00e8 spegnere il mondo esterno e concentrarsi esclusivamente sull&#8217;altro. La sincronizzazione del respiro e del battito cardiaco approfondisce la connessione, creando un&#8217;armonia in cui il piacere diventa un linguaggio silenzioso. <\/p><p> <\/p><p>La particolarit\u00e0 di questo massaggio \u00e8 l&#8217;abbandono reciproco: entrambi diventano datori e riceventi di piacere, senza bisogno di conoscenze preliminari. Qui l&#8217;intenzione e la passione superano qualsiasi tecnica, trasformando ogni momento in un viaggio sensoriale unico e profondamente arricchente. <\/p>\t\t\t\t\t\t\t\t<\/div>\n\t\t\t\t<\/div>\n\t\t\t\t<\/div>\n\t\t\t\t\t<\/div>\n\t\t\t\t<\/div>\n\t\t\t\t<\/div>\n\t\t","protected":false},"excerpt":{"rendered":"<p>Massaggi di coppia a Madrid Scopri il piacere di coppia al Sense Madrid Se stai cercando un&#8217;esperienza erotica indimenticabile a Madrid, Sense \u00e8 il posto perfetto. Che si tratti di sorprendere il tuo partner con un regalo esclusivo o di esplorare insieme nuovi modi per risvegliare la passione, il nostro massaggio erotico di coppia \u00e8 [&hellip;]<\/p>\n","protected":false},"author":1,"featured_media":0,"parent":0,"menu_order":0,"comment_status":"closed","ping_status":"closed","template":"elementor_header_footer","meta":{"footnotes":""},"class_list":["post-1611","page","type-page","status-publish","hentry"],"_links":{"self":[{"href":"https:\/\/senseexperience.es\/it\/wp-json\/wp\/v2\/pages\/1611","targetHints":{"allow":["GET"]}}],"collection":[{"href":"https:\/\/senseexperience.es\/it\/wp-json\/wp\/v2\/pages"}],"about":[{"href":"https:\/\/senseexperience.es\/it\/wp-json\/wp\/v2\/types\/page"}],"author":[{"embeddable":true,"href":"https:\/\/senseexperience.es\/it\/wp-json\/wp\/v2\/users\/1"}],"replies":[{"embeddable":true,"href":"https:\/\/senseexperience.es\/it\/wp-json\/wp\/v2\/comments?post=1611"}],"version-history":[{"count":1,"href":"https:\/\/senseexperience.es\/it\/wp-json\/wp\/v2\/pages\/1611\/revisions"}],"predecessor-version":[{"id":1618,"href":"https:\/\/senseexperience.es\/it\/wp-json\/wp\/v2\/pages\/1611\/revisions\/1618"}],"wp:attachment":[{"href":"https:\/\/senseexperience.es\/it\/wp-json\/wp\/v2\/media?parent=1611"}],"curies":[{"name":"wp","href":"https:\/\/api.w.org\/{rel}","templated":true}]}}