{"id":1605,"date":"2025-02-17T02:28:37","date_gmt":"2025-02-17T02:28:37","guid":{"rendered":"https:\/\/senseexperience.es\/tiago\/"},"modified":"2025-02-17T02:28:37","modified_gmt":"2025-02-17T02:28:37","slug":"tiago","status":"publish","type":"page","link":"https:\/\/senseexperience.es\/it\/tiago\/","title":{"rendered":"Tiago"},"content":{"rendered":"\t\t<div data-elementor-type=\"wp-page\" data-elementor-id=\"1605\" class=\"elementor elementor-1605 elementor-311\" data-elementor-post-type=\"page\">\n\t\t\t\t<div class=\"elementor-element elementor-element-f33ac35 e-flex e-con-boxed e-con e-parent\" data-id=\"f33ac35\" data-element_type=\"container\">\n\t\t\t\t\t<div class=\"e-con-inner\">\n\t\t<div class=\"elementor-element elementor-element-c3502b2 e-con-full e-flex e-con e-child\" data-id=\"c3502b2\" data-element_type=\"container\">\n\t\t\t\t<div class=\"elementor-element elementor-element-138abc4 elementor-widget elementor-widget-heading\" data-id=\"138abc4\" data-element_type=\"widget\" data-widget_type=\"heading.default\">\n\t\t\t\t<div class=\"elementor-widget-container\">\n\t\t\t\t\t<h3 class=\"elementor-heading-title elementor-size-default\">Tiago<\/h3>\t\t\t\t<\/div>\n\t\t\t\t<\/div>\n\t\t\t\t<div class=\"elementor-element elementor-element-67fced6 elementor-widget-divider--view-line elementor-widget elementor-widget-divider\" data-id=\"67fced6\" data-element_type=\"widget\" data-widget_type=\"divider.default\">\n\t\t\t\t<div class=\"elementor-widget-container\">\n\t\t\t\t\t\t\t<div class=\"elementor-divider\">\n\t\t\t<span class=\"elementor-divider-separator\">\n\t\t\t\t\t\t<\/span>\n\t\t<\/div>\n\t\t\t\t\t\t<\/div>\n\t\t\t\t<\/div>\n\t\t<div class=\"elementor-element elementor-element-61806a2 e-con-full e-flex e-con e-child\" data-id=\"61806a2\" data-element_type=\"container\">\n\t\t\t\t<div class=\"elementor-element elementor-element-47a2428 elementor-widget elementor-widget-image\" data-id=\"47a2428\" data-element_type=\"widget\" data-widget_type=\"image.default\">\n\t\t\t\t<div class=\"elementor-widget-container\">\n\t\t\t\t\t\t\t\t\t\t\t\t\t\t\t<img fetchpriority=\"high\" decoding=\"async\" width=\"683\" height=\"1024\" src=\"https:\/\/senseexperience.es\/wp-content\/uploads\/2025\/02\/tia1-683x1024.webp\" class=\"attachment-large size-large wp-image-1591\" alt=\"\" srcset=\"https:\/\/senseexperience.es\/wp-content\/uploads\/2025\/02\/tia1-683x1024.webp 683w, https:\/\/senseexperience.es\/wp-content\/uploads\/2025\/02\/tia1-200x300.webp 200w, https:\/\/senseexperience.es\/wp-content\/uploads\/2025\/02\/tia1-768x1151.webp 768w, https:\/\/senseexperience.es\/wp-content\/uploads\/2025\/02\/tia1.webp 800w\" sizes=\"(max-width: 683px) 100vw, 683px\" \/>\t\t\t\t\t\t\t\t\t\t\t\t\t\t\t<\/div>\n\t\t\t\t<\/div>\n\t\t\t\t<div class=\"elementor-element elementor-element-2e981e1 elementor-widget elementor-widget-image\" data-id=\"2e981e1\" data-element_type=\"widget\" data-widget_type=\"image.default\">\n\t\t\t\t<div class=\"elementor-widget-container\">\n\t\t\t\t\t\t\t\t\t\t\t\t\t\t\t<img decoding=\"async\" width=\"683\" height=\"1024\" src=\"https:\/\/senseexperience.es\/wp-content\/uploads\/2025\/02\/tia2-683x1024.webp\" class=\"attachment-large size-large wp-image-1592\" alt=\"\" srcset=\"https:\/\/senseexperience.es\/wp-content\/uploads\/2025\/02\/tia2-683x1024.webp 683w, https:\/\/senseexperience.es\/wp-content\/uploads\/2025\/02\/tia2-200x300.webp 200w, https:\/\/senseexperience.es\/wp-content\/uploads\/2025\/02\/tia2-768x1151.webp 768w, https:\/\/senseexperience.es\/wp-content\/uploads\/2025\/02\/tia2.webp 800w\" sizes=\"(max-width: 683px) 100vw, 683px\" \/>\t\t\t\t\t\t\t\t\t\t\t\t\t\t\t<\/div>\n\t\t\t\t<\/div>\n\t\t\t\t<div class=\"elementor-element elementor-element-ad8f098 elementor-widget elementor-widget-image\" data-id=\"ad8f098\" data-element_type=\"widget\" data-widget_type=\"image.default\">\n\t\t\t\t<div class=\"elementor-widget-container\">\n\t\t\t\t\t\t\t\t\t\t\t\t\t\t\t<img decoding=\"async\" width=\"683\" height=\"1024\" src=\"https:\/\/senseexperience.es\/wp-content\/uploads\/2025\/02\/tia3-683x1024.webp\" class=\"attachment-large size-large wp-image-1593\" alt=\"\" srcset=\"https:\/\/senseexperience.es\/wp-content\/uploads\/2025\/02\/tia3-683x1024.webp 683w, https:\/\/senseexperience.es\/wp-content\/uploads\/2025\/02\/tia3-200x300.webp 200w, https:\/\/senseexperience.es\/wp-content\/uploads\/2025\/02\/tia3-768x1151.webp 768w, https:\/\/senseexperience.es\/wp-content\/uploads\/2025\/02\/tia3.webp 800w\" sizes=\"(max-width: 683px) 100vw, 683px\" \/>\t\t\t\t\t\t\t\t\t\t\t\t\t\t\t<\/div>\n\t\t\t\t<\/div>\n\t\t\t\t<div class=\"elementor-element elementor-element-0750fd0 elementor-widget elementor-widget-image\" data-id=\"0750fd0\" data-element_type=\"widget\" data-widget_type=\"image.default\">\n\t\t\t\t<div class=\"elementor-widget-container\">\n\t\t\t\t\t\t\t\t\t\t\t\t\t\t\t<img loading=\"lazy\" decoding=\"async\" width=\"683\" height=\"1024\" src=\"https:\/\/senseexperience.es\/wp-content\/uploads\/2025\/02\/tia4-683x1024.webp\" class=\"attachment-large size-large wp-image-1594\" alt=\"\" srcset=\"https:\/\/senseexperience.es\/wp-content\/uploads\/2025\/02\/tia4-683x1024.webp 683w, https:\/\/senseexperience.es\/wp-content\/uploads\/2025\/02\/tia4-200x300.webp 200w, https:\/\/senseexperience.es\/wp-content\/uploads\/2025\/02\/tia4-768x1151.webp 768w, https:\/\/senseexperience.es\/wp-content\/uploads\/2025\/02\/tia4.webp 800w\" sizes=\"(max-width: 683px) 100vw, 683px\" \/>\t\t\t\t\t\t\t\t\t\t\t\t\t\t\t<\/div>\n\t\t\t\t<\/div>\n\t\t\t\t<\/div>\n\t\t\t\t<div class=\"elementor-element elementor-element-2f384f0 elementor-widget elementor-widget-text-editor\" data-id=\"2f384f0\" data-element_type=\"widget\" data-widget_type=\"text-editor.default\">\n\t\t\t\t<div class=\"elementor-widget-container\">\n\t\t\t\t\t\t\t\t\t<div id=\"jw-element-421755118\" class=\"jw-tree-node jw-element jw-image-text\" data-jw-element-id=\"421755118\"><div class=\"jw-element-imagetext-text\"><div id=\"jw-element-421759247\" class=\"jw-tree-node jw-element jw-image-text\" data-jw-element-id=\"421759247\"><div class=\"jw-element-imagetext-text\"><p>Exclusivo e irresistible masajista brasile\u00f1o, experto en los mejores masajes sensitivos\u00a0y er\u00f3ticos<strong>\u00a0para mujeres y parejas.<\/strong>\u00a0Te sorprender\u00e1 la reacci\u00f3n de tu cuerpo ante su tacto seductor.<\/p><p>\u00a0<\/p><p>Domina como nadie el\u00a0<strong>masaje<\/strong>\u00a0t\u00e1ntrico y<strong>\u00a0er\u00f3tico<\/strong>, conoce a la perfecci\u00f3n la sexualidad femenina y tiene un talento especial para hacer vibrar cada rinc\u00f3n de tu cuerpo en cada toque. Con su espectacular f\u00edsico moldeado por los dioses, rostro varonil, mirada intensa y labios sensuales, te cautivar\u00e1 desde el primer instante. Deja que sus manos experimentadas, fuertes y suaves sobre tu cuerpo, te gu\u00eden en cada caricia hacia un placer que ni te imaginas.<\/p><p>\u00a0<\/p><p>No encontrar\u00e1s un masajista de su calidad. La clase y la distinci\u00f3n unido a la seducci\u00f3n, la sensualidad y el erotismo. Prueba el lujo de una de sus experiencias y aband\u00f3nate al placer.<\/p><\/div><\/div><\/div><\/div>\t\t\t\t\t\t\t\t<\/div>\n\t\t\t\t<\/div>\n\t\t\t\t<\/div>\n\t\t\t\t\t<\/div>\n\t\t\t\t<\/div>\n\t\t\t\t<\/div>\n\t\t","protected":false},"excerpt":{"rendered":"","protected":false},"author":1,"featured_media":0,"parent":0,"menu_order":0,"comment_status":"closed","ping_status":"closed","template":"elementor_header_footer","meta":{"footnotes":""},"class_list":["post-1605","page","type-page","status-publish","hentry"],"_links":{"self":[{"href":"https:\/\/senseexperience.es\/it\/wp-json\/wp\/v2\/pages\/1605","targetHints":{"allow":["GET"]}}],"collection":[{"href":"https:\/\/senseexperience.es\/it\/wp-json\/wp\/v2\/pages"}],"about":[{"href":"https:\/\/senseexperience.es\/it\/wp-json\/wp\/v2\/types\/page"}],"author":[{"embeddable":true,"href":"https:\/\/senseexperience.es\/it\/wp-json\/wp\/v2\/users\/1"}],"replies":[{"embeddable":true,"href":"https:\/\/senseexperience.es\/it\/wp-json\/wp\/v2\/comments?post=1605"}],"version-history":[{"count":0,"href":"https:\/\/senseexperience.es\/it\/wp-json\/wp\/v2\/pages\/1605\/revisions"}],"wp:attachment":[{"href":"https:\/\/senseexperience.es\/it\/wp-json\/wp\/v2\/media?parent=1605"}],"curies":[{"name":"wp","href":"https:\/\/api.w.org\/{rel}","templated":true}]}}