{"id":1604,"date":"2025-02-17T02:21:30","date_gmt":"2025-02-17T02:21:30","guid":{"rendered":"https:\/\/senseexperience.es\/karuna\/"},"modified":"2025-02-17T02:21:30","modified_gmt":"2025-02-17T02:21:30","slug":"karuna","status":"publish","type":"page","link":"https:\/\/senseexperience.es\/it\/karuna\/","title":{"rendered":"Karuna"},"content":{"rendered":"\t\t<div data-elementor-type=\"wp-page\" data-elementor-id=\"1604\" class=\"elementor elementor-1604\" data-elementor-post-type=\"page\">\n\t\t\t\t<div class=\"elementor-element elementor-element-656e11c e-flex e-con-boxed e-con e-parent\" data-id=\"656e11c\" data-element_type=\"container\">\n\t\t\t\t\t<div class=\"e-con-inner\">\n\t\t<div class=\"elementor-element elementor-element-2593843 e-con-full e-flex e-con e-child\" data-id=\"2593843\" data-element_type=\"container\">\n\t\t\t\t<div class=\"elementor-element elementor-element-d55f495 elementor-widget elementor-widget-heading\" data-id=\"d55f495\" data-element_type=\"widget\" data-widget_type=\"heading.default\">\n\t\t\t\t<div class=\"elementor-widget-container\">\n\t\t\t\t\t<h3 class=\"elementor-heading-title elementor-size-default\">Karuna<\/h3>\t\t\t\t<\/div>\n\t\t\t\t<\/div>\n\t\t\t\t<div class=\"elementor-element elementor-element-ecab283 elementor-widget-divider--view-line elementor-widget elementor-widget-divider\" data-id=\"ecab283\" data-element_type=\"widget\" data-widget_type=\"divider.default\">\n\t\t\t\t<div class=\"elementor-widget-container\">\n\t\t\t\t\t\t\t<div class=\"elementor-divider\">\n\t\t\t<span class=\"elementor-divider-separator\">\n\t\t\t\t\t\t<\/span>\n\t\t<\/div>\n\t\t\t\t\t\t<\/div>\n\t\t\t\t<\/div>\n\t\t<div class=\"elementor-element elementor-element-91004b8 e-con-full e-flex e-con e-child\" data-id=\"91004b8\" data-element_type=\"container\">\n\t\t\t\t<div class=\"elementor-element elementor-element-c557ed1 elementor-widget elementor-widget-image\" data-id=\"c557ed1\" data-element_type=\"widget\" data-widget_type=\"image.default\">\n\t\t\t\t<div class=\"elementor-widget-container\">\n\t\t\t\t\t\t\t\t\t\t\t\t\t\t\t<img fetchpriority=\"high\" decoding=\"async\" width=\"683\" height=\"1024\" src=\"https:\/\/senseexperience.es\/wp-content\/uploads\/2025\/02\/k1-683x1024.webp\" class=\"attachment-large size-large wp-image-1567\" alt=\"\" srcset=\"https:\/\/senseexperience.es\/wp-content\/uploads\/2025\/02\/k1-683x1024.webp 683w, https:\/\/senseexperience.es\/wp-content\/uploads\/2025\/02\/k1-200x300.webp 200w, https:\/\/senseexperience.es\/wp-content\/uploads\/2025\/02\/k1-768x1152.webp 768w, https:\/\/senseexperience.es\/wp-content\/uploads\/2025\/02\/k1.webp 800w\" sizes=\"(max-width: 683px) 100vw, 683px\" \/>\t\t\t\t\t\t\t\t\t\t\t\t\t\t\t<\/div>\n\t\t\t\t<\/div>\n\t\t\t\t<div class=\"elementor-element elementor-element-f2a686e elementor-widget elementor-widget-image\" data-id=\"f2a686e\" data-element_type=\"widget\" data-widget_type=\"image.default\">\n\t\t\t\t<div class=\"elementor-widget-container\">\n\t\t\t\t\t\t\t\t\t\t\t\t\t\t\t<img decoding=\"async\" width=\"683\" height=\"1024\" src=\"https:\/\/senseexperience.es\/wp-content\/uploads\/2025\/02\/k2-683x1024.webp\" class=\"attachment-large size-large wp-image-1568\" alt=\"\" srcset=\"https:\/\/senseexperience.es\/wp-content\/uploads\/2025\/02\/k2-683x1024.webp 683w, https:\/\/senseexperience.es\/wp-content\/uploads\/2025\/02\/k2-200x300.webp 200w, https:\/\/senseexperience.es\/wp-content\/uploads\/2025\/02\/k2-768x1152.webp 768w, https:\/\/senseexperience.es\/wp-content\/uploads\/2025\/02\/k2.webp 800w\" sizes=\"(max-width: 683px) 100vw, 683px\" \/>\t\t\t\t\t\t\t\t\t\t\t\t\t\t\t<\/div>\n\t\t\t\t<\/div>\n\t\t\t\t<div class=\"elementor-element elementor-element-8a1948e elementor-widget elementor-widget-image\" data-id=\"8a1948e\" data-element_type=\"widget\" data-widget_type=\"image.default\">\n\t\t\t\t<div class=\"elementor-widget-container\">\n\t\t\t\t\t\t\t\t\t\t\t\t\t\t\t<img decoding=\"async\" width=\"683\" height=\"1024\" src=\"https:\/\/senseexperience.es\/wp-content\/uploads\/2025\/02\/k3-683x1024.webp\" class=\"attachment-large size-large wp-image-1569\" alt=\"Masajes Er\u00f3ticos Madrid para mujeres y parejas\" srcset=\"https:\/\/senseexperience.es\/wp-content\/uploads\/2025\/02\/k3-683x1024.webp 683w, https:\/\/senseexperience.es\/wp-content\/uploads\/2025\/02\/k3-200x300.webp 200w, https:\/\/senseexperience.es\/wp-content\/uploads\/2025\/02\/k3-768x1152.webp 768w, https:\/\/senseexperience.es\/wp-content\/uploads\/2025\/02\/k3.webp 800w\" sizes=\"(max-width: 683px) 100vw, 683px\" \/>\t\t\t\t\t\t\t\t\t\t\t\t\t\t\t<\/div>\n\t\t\t\t<\/div>\n\t\t\t\t<div class=\"elementor-element elementor-element-d1b2092 elementor-widget elementor-widget-image\" data-id=\"d1b2092\" data-element_type=\"widget\" data-widget_type=\"image.default\">\n\t\t\t\t<div class=\"elementor-widget-container\">\n\t\t\t\t\t\t\t\t\t\t\t\t\t\t\t<img loading=\"lazy\" decoding=\"async\" width=\"683\" height=\"1024\" src=\"https:\/\/senseexperience.es\/wp-content\/uploads\/2025\/02\/k4-683x1024.webp\" class=\"attachment-large size-large wp-image-1570\" alt=\"\" srcset=\"https:\/\/senseexperience.es\/wp-content\/uploads\/2025\/02\/k4-683x1024.webp 683w, https:\/\/senseexperience.es\/wp-content\/uploads\/2025\/02\/k4-200x300.webp 200w, https:\/\/senseexperience.es\/wp-content\/uploads\/2025\/02\/k4-768x1152.webp 768w, https:\/\/senseexperience.es\/wp-content\/uploads\/2025\/02\/k4.webp 800w\" sizes=\"(max-width: 683px) 100vw, 683px\" \/>\t\t\t\t\t\t\t\t\t\t\t\t\t\t\t<\/div>\n\t\t\t\t<\/div>\n\t\t\t\t<\/div>\n\t\t\t\t<div class=\"elementor-element elementor-element-baa4090 elementor-widget elementor-widget-text-editor\" data-id=\"baa4090\" data-element_type=\"widget\" data-widget_type=\"text-editor.default\">\n\t\t\t\t<div class=\"elementor-widget-container\">\n\t\t\t\t\t\t\t\t\t<div id=\"jw-element-421755118\" class=\"jw-tree-node jw-element jw-image-text\" data-jw-element-id=\"421755118\"><div class=\"jw-element-imagetext-text\"><p>Una experta en el arte del masaje t\u00e1ntrico que combina sofisticaci\u00f3n con una energ\u00eda transformadora. Su figura escultural refleja elegancia y sensualidad en perfecta armon\u00eda, destacando su porte refinado. Con movimientos fluidos y un toque delicado pero firme, transmite calma y energ\u00eda transformadora. Su presencia magn\u00e9tica combina lo sexy y lo sofisticado, creando un ambiente de confianza y conexi\u00f3n profunda.<\/p><\/div><\/div>\t\t\t\t\t\t\t\t<\/div>\n\t\t\t\t<\/div>\n\t\t\t\t<\/div>\n\t\t\t\t\t<\/div>\n\t\t\t\t<\/div>\n\t\t\t\t<\/div>\n\t\t","protected":false},"excerpt":{"rendered":"","protected":false},"author":1,"featured_media":0,"parent":0,"menu_order":0,"comment_status":"closed","ping_status":"closed","template":"elementor_header_footer","meta":{"footnotes":""},"class_list":["post-1604","page","type-page","status-publish","hentry"],"_links":{"self":[{"href":"https:\/\/senseexperience.es\/it\/wp-json\/wp\/v2\/pages\/1604","targetHints":{"allow":["GET"]}}],"collection":[{"href":"https:\/\/senseexperience.es\/it\/wp-json\/wp\/v2\/pages"}],"about":[{"href":"https:\/\/senseexperience.es\/it\/wp-json\/wp\/v2\/types\/page"}],"author":[{"embeddable":true,"href":"https:\/\/senseexperience.es\/it\/wp-json\/wp\/v2\/users\/1"}],"replies":[{"embeddable":true,"href":"https:\/\/senseexperience.es\/it\/wp-json\/wp\/v2\/comments?post=1604"}],"version-history":[{"count":0,"href":"https:\/\/senseexperience.es\/it\/wp-json\/wp\/v2\/pages\/1604\/revisions"}],"wp:attachment":[{"href":"https:\/\/senseexperience.es\/it\/wp-json\/wp\/v2\/media?parent=1604"}],"curies":[{"name":"wp","href":"https:\/\/api.w.org\/{rel}","templated":true}]}}