{"id":6937,"date":"2026-02-10T11:23:55","date_gmt":"2026-02-10T11:23:55","guid":{"rendered":"https:\/\/senseexperience.es\/paula\/"},"modified":"2026-04-25T11:50:46","modified_gmt":"2026-04-25T11:50:46","slug":"paula","status":"publish","type":"page","link":"https:\/\/senseexperience.es\/fr\/paula\/","title":{"rendered":"Paula"},"content":{"rendered":"\t\t<div data-elementor-type=\"wp-page\" data-elementor-id=\"6937\" class=\"elementor elementor-6937 elementor-6378\" data-elementor-post-type=\"page\">\n\t\t\t\t<div class=\"elementor-element elementor-element-a6618b3 e-flex e-con-boxed e-con e-parent\" data-id=\"a6618b3\" data-element_type=\"container\">\n\t\t\t\t\t<div class=\"e-con-inner\">\n\t\t<div class=\"elementor-element elementor-element-6f19723 e-con-full e-flex e-con e-child\" data-id=\"6f19723\" data-element_type=\"container\">\n\t\t\t\t<div class=\"elementor-element elementor-element-1b7ee49 elementor-widget elementor-widget-heading\" data-id=\"1b7ee49\" data-element_type=\"widget\" data-widget_type=\"heading.default\">\n\t\t\t\t<div class=\"elementor-widget-container\">\n\t\t\t\t\t<h3 class=\"elementor-heading-title elementor-size-default\">Paula\n<\/h3>\t\t\t\t<\/div>\n\t\t\t\t<\/div>\n\t\t\t\t<div class=\"elementor-element elementor-element-62a3171 elementor-widget-divider--view-line elementor-widget elementor-widget-divider\" data-id=\"62a3171\" data-element_type=\"widget\" data-widget_type=\"divider.default\">\n\t\t\t\t<div class=\"elementor-widget-container\">\n\t\t\t\t\t\t\t<div class=\"elementor-divider\">\n\t\t\t<span class=\"elementor-divider-separator\">\n\t\t\t\t\t\t<\/span>\n\t\t<\/div>\n\t\t\t\t\t\t<\/div>\n\t\t\t\t<\/div>\n\t\t<div class=\"elementor-element elementor-element-bcf5d2e e-con-full e-flex e-con e-child\" data-id=\"bcf5d2e\" data-element_type=\"container\">\n\t\t\t\t<div class=\"elementor-element elementor-element-232e6d7 elementor-widget__width-initial elementor-widget-mobile__width-inherit elementor-widget elementor-widget-image\" data-id=\"232e6d7\" data-element_type=\"widget\" data-widget_type=\"image.default\">\n\t\t\t\t<div class=\"elementor-widget-container\">\n\t\t\t\t\t\t\t\t\t\t\t\t\t\t\t<img fetchpriority=\"high\" decoding=\"async\" width=\"682\" height=\"1024\" src=\"https:\/\/senseexperience.es\/wp-content\/uploads\/2026\/02\/2ad3cb4c-6d0c-416c-b59c-f952c6d2e5d2-682x1024.jpg\" class=\"attachment-large size-large wp-image-6351\" alt=\"Masaje erotico madrid parejas y mujeres\" srcset=\"https:\/\/senseexperience.es\/wp-content\/uploads\/2026\/02\/2ad3cb4c-6d0c-416c-b59c-f952c6d2e5d2-682x1024.jpg 682w, https:\/\/senseexperience.es\/wp-content\/uploads\/2026\/02\/2ad3cb4c-6d0c-416c-b59c-f952c6d2e5d2-200x300.jpg 200w, https:\/\/senseexperience.es\/wp-content\/uploads\/2026\/02\/2ad3cb4c-6d0c-416c-b59c-f952c6d2e5d2-768x1153.jpg 768w, https:\/\/senseexperience.es\/wp-content\/uploads\/2026\/02\/2ad3cb4c-6d0c-416c-b59c-f952c6d2e5d2-1023x1536.jpg 1023w, https:\/\/senseexperience.es\/wp-content\/uploads\/2026\/02\/2ad3cb4c-6d0c-416c-b59c-f952c6d2e5d2.jpg 1066w\" sizes=\"(max-width: 682px) 100vw, 682px\" \/>\t\t\t\t\t\t\t\t\t\t\t\t\t\t\t<\/div>\n\t\t\t\t<\/div>\n\t\t\t\t<div class=\"elementor-element elementor-element-73d10bd elementor-widget__width-initial elementor-widget-mobile__width-inherit elementor-widget elementor-widget-image\" data-id=\"73d10bd\" data-element_type=\"widget\" data-widget_type=\"image.default\">\n\t\t\t\t<div class=\"elementor-widget-container\">\n\t\t\t\t\t\t\t\t\t\t\t\t\t\t\t<img decoding=\"async\" width=\"682\" height=\"1024\" src=\"https:\/\/senseexperience.es\/wp-content\/uploads\/2026\/02\/869c83a7-2aac-4eae-8fee-f97930d65c24-682x1024.jpg\" class=\"attachment-large size-large wp-image-6362\" alt=\"Masaje erotico madrid parejas y mujeres\" srcset=\"https:\/\/senseexperience.es\/wp-content\/uploads\/2026\/02\/869c83a7-2aac-4eae-8fee-f97930d65c24-682x1024.jpg 682w, https:\/\/senseexperience.es\/wp-content\/uploads\/2026\/02\/869c83a7-2aac-4eae-8fee-f97930d65c24-200x300.jpg 200w, https:\/\/senseexperience.es\/wp-content\/uploads\/2026\/02\/869c83a7-2aac-4eae-8fee-f97930d65c24-768x1153.jpg 768w, https:\/\/senseexperience.es\/wp-content\/uploads\/2026\/02\/869c83a7-2aac-4eae-8fee-f97930d65c24-1023x1536.jpg 1023w, https:\/\/senseexperience.es\/wp-content\/uploads\/2026\/02\/869c83a7-2aac-4eae-8fee-f97930d65c24.jpg 1066w\" sizes=\"(max-width: 682px) 100vw, 682px\" \/>\t\t\t\t\t\t\t\t\t\t\t\t\t\t\t<\/div>\n\t\t\t\t<\/div>\n\t\t\t\t<div class=\"elementor-element elementor-element-f7188f6 elementor-widget__width-initial elementor-widget-mobile__width-inherit elementor-widget elementor-widget-image\" data-id=\"f7188f6\" data-element_type=\"widget\" data-widget_type=\"image.default\">\n\t\t\t\t<div class=\"elementor-widget-container\">\n\t\t\t\t\t\t\t\t\t\t\t\t\t\t\t<img decoding=\"async\" width=\"682\" height=\"1024\" src=\"https:\/\/senseexperience.es\/wp-content\/uploads\/2026\/02\/83d38a44-a677-4377-8c1d-bc4203a4cd54-682x1024.jpg\" class=\"attachment-large size-large wp-image-6368\" alt=\"Masaje erotico madrid parejas y mujeres\" srcset=\"https:\/\/senseexperience.es\/wp-content\/uploads\/2026\/02\/83d38a44-a677-4377-8c1d-bc4203a4cd54-682x1024.jpg 682w, https:\/\/senseexperience.es\/wp-content\/uploads\/2026\/02\/83d38a44-a677-4377-8c1d-bc4203a4cd54-200x300.jpg 200w, https:\/\/senseexperience.es\/wp-content\/uploads\/2026\/02\/83d38a44-a677-4377-8c1d-bc4203a4cd54-768x1153.jpg 768w, https:\/\/senseexperience.es\/wp-content\/uploads\/2026\/02\/83d38a44-a677-4377-8c1d-bc4203a4cd54-1023x1536.jpg 1023w, https:\/\/senseexperience.es\/wp-content\/uploads\/2026\/02\/83d38a44-a677-4377-8c1d-bc4203a4cd54.jpg 1066w\" sizes=\"(max-width: 682px) 100vw, 682px\" \/>\t\t\t\t\t\t\t\t\t\t\t\t\t\t\t<\/div>\n\t\t\t\t<\/div>\n\t\t\t\t<div class=\"elementor-element elementor-element-4f55148 elementor-widget__width-initial elementor-widget-mobile__width-inherit elementor-widget elementor-widget-image\" data-id=\"4f55148\" data-element_type=\"widget\" data-widget_type=\"image.default\">\n\t\t\t\t<div class=\"elementor-widget-container\">\n\t\t\t\t\t\t\t\t\t\t\t\t\t\t\t<img loading=\"lazy\" decoding=\"async\" width=\"682\" height=\"1024\" src=\"https:\/\/senseexperience.es\/wp-content\/uploads\/2026\/02\/be22c881-2f1a-4278-ba9c-b5517fc4a7c3-682x1024.jpg\" class=\"attachment-large size-large wp-image-6373\" alt=\"Masaje erotico madrid parejas y mujeres\" srcset=\"https:\/\/senseexperience.es\/wp-content\/uploads\/2026\/02\/be22c881-2f1a-4278-ba9c-b5517fc4a7c3-682x1024.jpg 682w, https:\/\/senseexperience.es\/wp-content\/uploads\/2026\/02\/be22c881-2f1a-4278-ba9c-b5517fc4a7c3-200x300.jpg 200w, https:\/\/senseexperience.es\/wp-content\/uploads\/2026\/02\/be22c881-2f1a-4278-ba9c-b5517fc4a7c3-768x1153.jpg 768w, https:\/\/senseexperience.es\/wp-content\/uploads\/2026\/02\/be22c881-2f1a-4278-ba9c-b5517fc4a7c3-1023x1536.jpg 1023w, https:\/\/senseexperience.es\/wp-content\/uploads\/2026\/02\/be22c881-2f1a-4278-ba9c-b5517fc4a7c3.jpg 1066w\" sizes=\"(max-width: 682px) 100vw, 682px\" \/>\t\t\t\t\t\t\t\t\t\t\t\t\t\t\t<\/div>\n\t\t\t\t<\/div>\n\t\t\t\t<\/div>\n\t\t\t\t<div class=\"elementor-element elementor-element-5881aff elementor-widget elementor-widget-text-editor\" data-id=\"5881aff\" data-element_type=\"widget\" data-widget_type=\"text-editor.default\">\n\t\t\t\t<div class=\"elementor-widget-container\">\n\t\t\t\t\t\t\t\t\t<p>Paula \u2013 Femme de Feu V\u00e9n\u00e9zu\u00e9lienne | Sensualit\u00e9, \u00c9nergie et Plaisir<\/p><p>D\u00e9couvrez Paula, une V\u00e9n\u00e9zu\u00e9lienne captivante aux courbes harmonieuses, \u00e0 la peau chaude et au sourire envo\u00fbtant. Sa pr\u00e9sence allie douceur et caract\u00e8re, cr\u00e9ant un magn\u00e9tisme qui se fait sentir d\u00e8s le premier instant et enveloppe lentement les sens.<\/p><p>Sp\u00e9cialiste des massages \u00e9rotiques, tantriques et corps \u00e0 corps, Paula transforme chaque rencontre en un voyage sensoriel o\u00f9 le temps semble suspendu. Ses caresses sont empreintes de sensualit\u00e9, sa proximit\u00e9 \u00e9veille la peau et son \u00e9nergie cr\u00e9e une connexion intime, profonde et absolument inoubliable.<\/p><p>Elle vous accueille dans un cadre discret et \u00e9l\u00e9gant, id\u00e9al pour ceux qui recherchent un plaisir raffin\u00e9, une complicit\u00e9 authentique et une attention particuli\u00e8re \u00e0 chaque d\u00e9tail. Avec Paula, chaque instant est v\u00e9cu intens\u00e9ment et chaque souvenir reste grav\u00e9 dans les m\u00e9moires.<\/p><p>Paula \u2013 Une passion qui s\u00e9duit, des mains expertes et une exp\u00e9rience qui marque les esprits.<\/p>\t\t\t\t\t\t\t\t<\/div>\n\t\t\t\t<\/div>\n\t\t\t\t<\/div>\n\t\t\t\t\t<\/div>\n\t\t\t\t<\/div>\n\t\t\t\t<\/div>\n\t\t","protected":false},"excerpt":{"rendered":"<p>Paula Paula \u2013 Femme de Feu V\u00e9n\u00e9zu\u00e9lienne | Sensualit\u00e9, \u00c9nergie et Plaisir D\u00e9couvrez Paula, une V\u00e9n\u00e9zu\u00e9lienne captivante aux courbes harmonieuses, \u00e0 la peau chaude et au sourire envo\u00fbtant. Sa pr\u00e9sence allie douceur et caract\u00e8re, cr\u00e9ant un magn\u00e9tisme qui se fait sentir d\u00e8s le premier instant et enveloppe lentement les sens. Sp\u00e9cialiste des massages \u00e9rotiques, tantriques [&hellip;]<\/p>\n","protected":false},"author":1,"featured_media":0,"parent":0,"menu_order":0,"comment_status":"closed","ping_status":"closed","template":"","meta":{"footnotes":""},"class_list":["post-6937","page","type-page","status-publish","hentry"],"_links":{"self":[{"href":"https:\/\/senseexperience.es\/fr\/wp-json\/wp\/v2\/pages\/6937","targetHints":{"allow":["GET"]}}],"collection":[{"href":"https:\/\/senseexperience.es\/fr\/wp-json\/wp\/v2\/pages"}],"about":[{"href":"https:\/\/senseexperience.es\/fr\/wp-json\/wp\/v2\/types\/page"}],"author":[{"embeddable":true,"href":"https:\/\/senseexperience.es\/fr\/wp-json\/wp\/v2\/users\/1"}],"replies":[{"embeddable":true,"href":"https:\/\/senseexperience.es\/fr\/wp-json\/wp\/v2\/comments?post=6937"}],"version-history":[{"count":8,"href":"https:\/\/senseexperience.es\/fr\/wp-json\/wp\/v2\/pages\/6937\/revisions"}],"predecessor-version":[{"id":7046,"href":"https:\/\/senseexperience.es\/fr\/wp-json\/wp\/v2\/pages\/6937\/revisions\/7046"}],"wp:attachment":[{"href":"https:\/\/senseexperience.es\/fr\/wp-json\/wp\/v2\/media?parent=6937"}],"curies":[{"name":"wp","href":"https:\/\/api.w.org\/{rel}","templated":true}]}}