{"id":6901,"date":"2026-04-23T08:07:42","date_gmt":"2026-04-23T08:07:42","guid":{"rendered":"https:\/\/senseexperience.es\/tiago-y-lia\/"},"modified":"2026-04-25T11:44:28","modified_gmt":"2026-04-25T11:44:28","slug":"tiago-y-lia","status":"publish","type":"page","link":"https:\/\/senseexperience.es\/fr\/tiago-y-lia\/","title":{"rendered":"Tiago y Lia"},"content":{"rendered":"\t\t<div data-elementor-type=\"wp-page\" data-elementor-id=\"6901\" class=\"elementor elementor-6901 elementor-6672\" data-elementor-post-type=\"page\">\n\t\t\t\t<div class=\"elementor-element elementor-element-b94963f e-flex e-con-boxed e-con e-parent\" data-id=\"b94963f\" data-element_type=\"container\">\n\t\t\t\t\t<div class=\"e-con-inner\">\n\t\t<div class=\"elementor-element elementor-element-5c75c05 e-con-full e-flex e-con e-child\" data-id=\"5c75c05\" data-element_type=\"container\">\n\t\t\t\t<div class=\"elementor-element elementor-element-a044bff elementor-widget elementor-widget-heading\" data-id=\"a044bff\" data-element_type=\"widget\" data-widget_type=\"heading.default\">\n\t\t\t\t<div class=\"elementor-widget-container\">\n\t\t\t\t\t<h3 class=\"elementor-heading-title elementor-size-default\">Lia y Tiago<\/h3>\t\t\t\t<\/div>\n\t\t\t\t<\/div>\n\t\t\t\t<div class=\"elementor-element elementor-element-1bb7bfd elementor-widget-divider--view-line elementor-widget elementor-widget-divider\" data-id=\"1bb7bfd\" data-element_type=\"widget\" data-widget_type=\"divider.default\">\n\t\t\t\t<div class=\"elementor-widget-container\">\n\t\t\t\t\t\t\t<div class=\"elementor-divider\">\n\t\t\t<span class=\"elementor-divider-separator\">\n\t\t\t\t\t\t<\/span>\n\t\t<\/div>\n\t\t\t\t\t\t<\/div>\n\t\t\t\t<\/div>\n\t\t<div class=\"elementor-element elementor-element-aacfaca e-con-full e-flex e-con e-child\" data-id=\"aacfaca\" data-element_type=\"container\">\n\t\t\t\t<div class=\"elementor-element elementor-element-2fcc17b elementor-widget elementor-widget-image\" data-id=\"2fcc17b\" data-element_type=\"widget\" data-widget_type=\"image.default\">\n\t\t\t\t<div class=\"elementor-widget-container\">\n\t\t\t\t\t\t\t\t\t\t\t\t\t\t\t<img fetchpriority=\"high\" decoding=\"async\" width=\"683\" height=\"1024\" src=\"https:\/\/senseexperience.es\/wp-content\/uploads\/2026\/04\/MG_5923-FINAL-683x1024.jpg\" class=\"attachment-large size-large wp-image-6640\" alt=\"Masaje erotico madrid parejas y mujeres\" srcset=\"https:\/\/senseexperience.es\/wp-content\/uploads\/2026\/04\/MG_5923-FINAL-683x1024.jpg 683w, https:\/\/senseexperience.es\/wp-content\/uploads\/2026\/04\/MG_5923-FINAL-200x300.jpg 200w, https:\/\/senseexperience.es\/wp-content\/uploads\/2026\/04\/MG_5923-FINAL-768x1152.jpg 768w, https:\/\/senseexperience.es\/wp-content\/uploads\/2026\/04\/MG_5923-FINAL-1024x1536.jpg 1024w, https:\/\/senseexperience.es\/wp-content\/uploads\/2026\/04\/MG_5923-FINAL-1365x2048.jpg 1365w, https:\/\/senseexperience.es\/wp-content\/uploads\/2026\/04\/MG_5923-FINAL-scaled.jpg 1707w\" sizes=\"(max-width: 683px) 100vw, 683px\" \/>\t\t\t\t\t\t\t\t\t\t\t\t\t\t\t<\/div>\n\t\t\t\t<\/div>\n\t\t\t\t<div class=\"elementor-element elementor-element-787323d elementor-widget elementor-widget-image\" data-id=\"787323d\" data-element_type=\"widget\" data-widget_type=\"image.default\">\n\t\t\t\t<div class=\"elementor-widget-container\">\n\t\t\t\t\t\t\t\t\t\t\t\t\t\t\t<img decoding=\"async\" width=\"683\" height=\"1024\" src=\"https:\/\/senseexperience.es\/wp-content\/uploads\/2026\/04\/MG_6054-FINAL2-683x1024.jpg\" class=\"attachment-large size-large wp-image-6660\" alt=\"Masaje erotico madrid parejas y mujeres\" srcset=\"https:\/\/senseexperience.es\/wp-content\/uploads\/2026\/04\/MG_6054-FINAL2-683x1024.jpg 683w, https:\/\/senseexperience.es\/wp-content\/uploads\/2026\/04\/MG_6054-FINAL2-200x300.jpg 200w, https:\/\/senseexperience.es\/wp-content\/uploads\/2026\/04\/MG_6054-FINAL2-768x1152.jpg 768w, https:\/\/senseexperience.es\/wp-content\/uploads\/2026\/04\/MG_6054-FINAL2-1024x1536.jpg 1024w, https:\/\/senseexperience.es\/wp-content\/uploads\/2026\/04\/MG_6054-FINAL2-1365x2048.jpg 1365w, https:\/\/senseexperience.es\/wp-content\/uploads\/2026\/04\/MG_6054-FINAL2-scaled.jpg 1707w\" sizes=\"(max-width: 683px) 100vw, 683px\" \/>\t\t\t\t\t\t\t\t\t\t\t\t\t\t\t<\/div>\n\t\t\t\t<\/div>\n\t\t\t\t<div class=\"elementor-element elementor-element-cd51ce9 elementor-widget elementor-widget-image\" data-id=\"cd51ce9\" data-element_type=\"widget\" data-widget_type=\"image.default\">\n\t\t\t\t<div class=\"elementor-widget-container\">\n\t\t\t\t\t\t\t\t\t\t\t\t\t\t\t<img decoding=\"async\" width=\"683\" height=\"1024\" src=\"https:\/\/senseexperience.es\/wp-content\/uploads\/2026\/04\/MG_5997-FINAL-683x1024.jpg\" class=\"attachment-large size-large wp-image-6655\" alt=\"Masaje erotico madrid parejas y mujeres\" srcset=\"https:\/\/senseexperience.es\/wp-content\/uploads\/2026\/04\/MG_5997-FINAL-683x1024.jpg 683w, https:\/\/senseexperience.es\/wp-content\/uploads\/2026\/04\/MG_5997-FINAL-200x300.jpg 200w, https:\/\/senseexperience.es\/wp-content\/uploads\/2026\/04\/MG_5997-FINAL-768x1152.jpg 768w, https:\/\/senseexperience.es\/wp-content\/uploads\/2026\/04\/MG_5997-FINAL-1024x1536.jpg 1024w, https:\/\/senseexperience.es\/wp-content\/uploads\/2026\/04\/MG_5997-FINAL-1365x2048.jpg 1365w, https:\/\/senseexperience.es\/wp-content\/uploads\/2026\/04\/MG_5997-FINAL-scaled.jpg 1707w\" sizes=\"(max-width: 683px) 100vw, 683px\" \/>\t\t\t\t\t\t\t\t\t\t\t\t\t\t\t<\/div>\n\t\t\t\t<\/div>\n\t\t\t\t<div class=\"elementor-element elementor-element-6c9c560 elementor-widget elementor-widget-image\" data-id=\"6c9c560\" data-element_type=\"widget\" data-widget_type=\"image.default\">\n\t\t\t\t<div class=\"elementor-widget-container\">\n\t\t\t\t\t\t\t\t\t\t\t\t\t\t\t<img loading=\"lazy\" decoding=\"async\" width=\"683\" height=\"1024\" src=\"https:\/\/senseexperience.es\/wp-content\/uploads\/2026\/04\/MG_5984-final-683x1024.jpg\" class=\"attachment-large size-large wp-image-6650\" alt=\"Masaje erotico madrid parejas y mujeres\" srcset=\"https:\/\/senseexperience.es\/wp-content\/uploads\/2026\/04\/MG_5984-final-683x1024.jpg 683w, https:\/\/senseexperience.es\/wp-content\/uploads\/2026\/04\/MG_5984-final-200x300.jpg 200w, https:\/\/senseexperience.es\/wp-content\/uploads\/2026\/04\/MG_5984-final-768x1152.jpg 768w, https:\/\/senseexperience.es\/wp-content\/uploads\/2026\/04\/MG_5984-final-1024x1536.jpg 1024w, https:\/\/senseexperience.es\/wp-content\/uploads\/2026\/04\/MG_5984-final-1365x2048.jpg 1365w, https:\/\/senseexperience.es\/wp-content\/uploads\/2026\/04\/MG_5984-final-scaled.jpg 1707w\" sizes=\"(max-width: 683px) 100vw, 683px\" \/>\t\t\t\t\t\t\t\t\t\t\t\t\t\t\t<\/div>\n\t\t\t\t<\/div>\n\t\t\t\t<\/div>\n\t\t\t\t<div class=\"elementor-element elementor-element-97d3abd elementor-widget elementor-widget-text-editor\" data-id=\"97d3abd\" data-element_type=\"widget\" data-widget_type=\"text-editor.default\">\n\t\t\t\t<div class=\"elementor-widget-container\">\n\t\t\t\t\t\t\t\t\t<div id=\"jw-element-421755118\" class=\"jw-tree-node jw-element jw-image-text\" data-jw-element-id=\"421755118\"><div class=\"jw-element-imagetext-text\"><div id=\"jw-element-421759247\" class=\"jw-tree-node jw-element jw-image-text\" data-jw-element-id=\"421759247\"><div class=\"jw-element-imagetext-text\"><p>Tiago et Lia, c&rsquo;est l&rsquo;alchimie \u00e0 l&rsquo;\u00e9tat pur, le d\u00e9sir et une connexion irr\u00e9sistible. Un couple qui \u00e9veille les fantasmes d\u00e8s le premier instant, alliant sensualit\u00e9, \u00e9l\u00e9gance et une \u00e9nergie envo\u00fbtante qui captive tous les sens. Leurs regards sont \u00e9loquents, leurs gestes s\u00e9duisent et leur complicit\u00e9 cr\u00e9e une atmosph\u00e8re intime o\u00f9 tout se d\u00e9roule avec naturel et passion.<\/p><p>Avec un \u00e9quilibre parfait entre douceur et provocation, Tiago et Lia offrent une exp\u00e9rience exclusive, chaleureuse et profond\u00e9ment stimulante, con\u00e7ue pour celles et ceux qui recherchent l&rsquo;in\u00e9dit. Chaque rencontre devient un voyage sensoriel, o\u00f9 plaisir, intimit\u00e9 et tension \u00e9rotique s&rsquo;expriment avec authenticit\u00e9 et raffinement.<\/p><\/div><\/div><\/div><\/div>\t\t\t\t\t\t\t\t<\/div>\n\t\t\t\t<\/div>\n\t\t\t\t<\/div>\n\t\t\t\t\t<\/div>\n\t\t\t\t<\/div>\n\t\t\t\t<\/div>\n\t\t","protected":false},"excerpt":{"rendered":"<p>Lia y Tiago Tiago et Lia, c&rsquo;est l&rsquo;alchimie \u00e0 l&rsquo;\u00e9tat pur, le d\u00e9sir et une connexion irr\u00e9sistible. Un couple qui \u00e9veille les fantasmes d\u00e8s le premier instant, alliant sensualit\u00e9, \u00e9l\u00e9gance et une \u00e9nergie envo\u00fbtante qui captive tous les sens. Leurs regards sont \u00e9loquents, leurs gestes s\u00e9duisent et leur complicit\u00e9 cr\u00e9e une atmosph\u00e8re intime o\u00f9 tout [&hellip;]<\/p>\n","protected":false},"author":1,"featured_media":0,"parent":0,"menu_order":0,"comment_status":"closed","ping_status":"closed","template":"","meta":{"footnotes":""},"class_list":["post-6901","page","type-page","status-publish","hentry"],"_links":{"self":[{"href":"https:\/\/senseexperience.es\/fr\/wp-json\/wp\/v2\/pages\/6901","targetHints":{"allow":["GET"]}}],"collection":[{"href":"https:\/\/senseexperience.es\/fr\/wp-json\/wp\/v2\/pages"}],"about":[{"href":"https:\/\/senseexperience.es\/fr\/wp-json\/wp\/v2\/types\/page"}],"author":[{"embeddable":true,"href":"https:\/\/senseexperience.es\/fr\/wp-json\/wp\/v2\/users\/1"}],"replies":[{"embeddable":true,"href":"https:\/\/senseexperience.es\/fr\/wp-json\/wp\/v2\/comments?post=6901"}],"version-history":[{"count":5,"href":"https:\/\/senseexperience.es\/fr\/wp-json\/wp\/v2\/pages\/6901\/revisions"}],"predecessor-version":[{"id":7047,"href":"https:\/\/senseexperience.es\/fr\/wp-json\/wp\/v2\/pages\/6901\/revisions\/7047"}],"wp:attachment":[{"href":"https:\/\/senseexperience.es\/fr\/wp-json\/wp\/v2\/media?parent=6901"}],"curies":[{"name":"wp","href":"https:\/\/api.w.org\/{rel}","templated":true}]}}