{"id":6857,"date":"2026-04-23T08:26:21","date_gmt":"2026-04-23T08:26:21","guid":{"rendered":"https:\/\/senseexperience.es\/casandra\/"},"modified":"2026-04-25T11:26:30","modified_gmt":"2026-04-25T11:26:30","slug":"casandra","status":"publish","type":"page","link":"https:\/\/senseexperience.es\/fr\/casandra\/","title":{"rendered":"Casandra"},"content":{"rendered":"\t\t<div data-elementor-type=\"wp-page\" data-elementor-id=\"6857\" class=\"elementor elementor-6857 elementor-6690\" data-elementor-post-type=\"page\">\n\t\t\t\t<div class=\"elementor-element elementor-element-451ba04 e-flex e-con-boxed e-con e-parent\" data-id=\"451ba04\" data-element_type=\"container\">\n\t\t\t\t\t<div class=\"e-con-inner\">\n\t\t<div class=\"elementor-element elementor-element-280ebf9 e-con-full e-flex e-con e-child\" data-id=\"280ebf9\" data-element_type=\"container\">\n\t\t\t\t<div class=\"elementor-element elementor-element-b5fe4f7 elementor-widget elementor-widget-heading\" data-id=\"b5fe4f7\" data-element_type=\"widget\" data-widget_type=\"heading.default\">\n\t\t\t\t<div class=\"elementor-widget-container\">\n\t\t\t\t\t<h3 class=\"elementor-heading-title elementor-size-default\">Casandra <\/h3>\t\t\t\t<\/div>\n\t\t\t\t<\/div>\n\t\t\t\t<div class=\"elementor-element elementor-element-8f9ace0 elementor-widget-divider--view-line elementor-widget elementor-widget-divider\" data-id=\"8f9ace0\" data-element_type=\"widget\" data-widget_type=\"divider.default\">\n\t\t\t\t<div class=\"elementor-widget-container\">\n\t\t\t\t\t\t\t<div class=\"elementor-divider\">\n\t\t\t<span class=\"elementor-divider-separator\">\n\t\t\t\t\t\t<\/span>\n\t\t<\/div>\n\t\t\t\t\t\t<\/div>\n\t\t\t\t<\/div>\n\t\t<div class=\"elementor-element elementor-element-c639442 e-con-full e-flex e-con e-child\" data-id=\"c639442\" data-element_type=\"container\">\n\t\t\t\t<div class=\"elementor-element elementor-element-6731e29 elementor-widget elementor-widget-image\" data-id=\"6731e29\" data-element_type=\"widget\" data-widget_type=\"image.default\">\n\t\t\t\t<div class=\"elementor-widget-container\">\n\t\t\t\t\t\t\t\t\t\t\t\t\t\t\t<img fetchpriority=\"high\" decoding=\"async\" width=\"683\" height=\"1024\" src=\"https:\/\/senseexperience.es\/wp-content\/uploads\/2026\/04\/MG_6586-FINAL-683x1024.jpg\" class=\"attachment-large size-large wp-image-6716\" alt=\"Masaje erotico madrid parejas y mujeres\" srcset=\"https:\/\/senseexperience.es\/wp-content\/uploads\/2026\/04\/MG_6586-FINAL-683x1024.jpg 683w, https:\/\/senseexperience.es\/wp-content\/uploads\/2026\/04\/MG_6586-FINAL-200x300.jpg 200w, https:\/\/senseexperience.es\/wp-content\/uploads\/2026\/04\/MG_6586-FINAL-768x1152.jpg 768w, https:\/\/senseexperience.es\/wp-content\/uploads\/2026\/04\/MG_6586-FINAL-1024x1536.jpg 1024w, https:\/\/senseexperience.es\/wp-content\/uploads\/2026\/04\/MG_6586-FINAL-1365x2048.jpg 1365w, https:\/\/senseexperience.es\/wp-content\/uploads\/2026\/04\/MG_6586-FINAL-scaled.jpg 1706w\" sizes=\"(max-width: 683px) 100vw, 683px\" \/>\t\t\t\t\t\t\t\t\t\t\t\t\t\t\t<\/div>\n\t\t\t\t<\/div>\n\t\t\t\t<div class=\"elementor-element elementor-element-2ef8b2f elementor-widget elementor-widget-image\" data-id=\"2ef8b2f\" data-element_type=\"widget\" data-widget_type=\"image.default\">\n\t\t\t\t<div class=\"elementor-widget-container\">\n\t\t\t\t\t\t\t\t\t\t\t\t\t\t\t<img decoding=\"async\" width=\"683\" height=\"1024\" src=\"https:\/\/senseexperience.es\/wp-content\/uploads\/2026\/04\/MG_6451-FINAL-1-683x1024.jpg\" class=\"attachment-large size-large wp-image-6711\" alt=\"Masaje erotico madrid parejas y mujeres\" srcset=\"https:\/\/senseexperience.es\/wp-content\/uploads\/2026\/04\/MG_6451-FINAL-1-683x1024.jpg 683w, https:\/\/senseexperience.es\/wp-content\/uploads\/2026\/04\/MG_6451-FINAL-1-200x300.jpg 200w, https:\/\/senseexperience.es\/wp-content\/uploads\/2026\/04\/MG_6451-FINAL-1-768x1152.jpg 768w, https:\/\/senseexperience.es\/wp-content\/uploads\/2026\/04\/MG_6451-FINAL-1-1024x1536.jpg 1024w, https:\/\/senseexperience.es\/wp-content\/uploads\/2026\/04\/MG_6451-FINAL-1-1365x2048.jpg 1365w, https:\/\/senseexperience.es\/wp-content\/uploads\/2026\/04\/MG_6451-FINAL-1-scaled.jpg 1707w\" sizes=\"(max-width: 683px) 100vw, 683px\" \/>\t\t\t\t\t\t\t\t\t\t\t\t\t\t\t<\/div>\n\t\t\t\t<\/div>\n\t\t\t\t<div class=\"elementor-element elementor-element-a54ed1b elementor-widget elementor-widget-image\" data-id=\"a54ed1b\" data-element_type=\"widget\" data-widget_type=\"image.default\">\n\t\t\t\t<div class=\"elementor-widget-container\">\n\t\t\t\t\t\t\t\t\t\t\t\t\t\t\t<img decoding=\"async\" width=\"683\" height=\"1024\" src=\"https:\/\/senseexperience.es\/wp-content\/uploads\/2026\/04\/MG_6391-FINAL-683x1024.jpg\" class=\"attachment-large size-large wp-image-6706\" alt=\"Masaje erotico madrid parejas y mujeres\" srcset=\"https:\/\/senseexperience.es\/wp-content\/uploads\/2026\/04\/MG_6391-FINAL-683x1024.jpg 683w, https:\/\/senseexperience.es\/wp-content\/uploads\/2026\/04\/MG_6391-FINAL-200x300.jpg 200w, https:\/\/senseexperience.es\/wp-content\/uploads\/2026\/04\/MG_6391-FINAL-768x1152.jpg 768w, https:\/\/senseexperience.es\/wp-content\/uploads\/2026\/04\/MG_6391-FINAL-1024x1536.jpg 1024w, https:\/\/senseexperience.es\/wp-content\/uploads\/2026\/04\/MG_6391-FINAL-1365x2048.jpg 1365w, https:\/\/senseexperience.es\/wp-content\/uploads\/2026\/04\/MG_6391-FINAL-scaled.jpg 1707w\" sizes=\"(max-width: 683px) 100vw, 683px\" \/>\t\t\t\t\t\t\t\t\t\t\t\t\t\t\t<\/div>\n\t\t\t\t<\/div>\n\t\t\t\t<div class=\"elementor-element elementor-element-591087c elementor-widget elementor-widget-image\" data-id=\"591087c\" data-element_type=\"widget\" data-widget_type=\"image.default\">\n\t\t\t\t<div class=\"elementor-widget-container\">\n\t\t\t\t\t\t\t\t\t\t\t\t\t\t\t<img loading=\"lazy\" decoding=\"async\" width=\"683\" height=\"1024\" src=\"https:\/\/senseexperience.es\/wp-content\/uploads\/2026\/04\/MG_6611-final-683x1024.jpg\" class=\"attachment-large size-large wp-image-6725\" alt=\"Masaje erotico madrid parejas y mujeres\" srcset=\"https:\/\/senseexperience.es\/wp-content\/uploads\/2026\/04\/MG_6611-final-683x1024.jpg 683w, https:\/\/senseexperience.es\/wp-content\/uploads\/2026\/04\/MG_6611-final-200x300.jpg 200w, https:\/\/senseexperience.es\/wp-content\/uploads\/2026\/04\/MG_6611-final-768x1152.jpg 768w, https:\/\/senseexperience.es\/wp-content\/uploads\/2026\/04\/MG_6611-final-1024x1536.jpg 1024w, https:\/\/senseexperience.es\/wp-content\/uploads\/2026\/04\/MG_6611-final-1365x2048.jpg 1365w, https:\/\/senseexperience.es\/wp-content\/uploads\/2026\/04\/MG_6611-final-scaled.jpg 1707w\" sizes=\"(max-width: 683px) 100vw, 683px\" \/>\t\t\t\t\t\t\t\t\t\t\t\t\t\t\t<\/div>\n\t\t\t\t<\/div>\n\t\t\t\t<\/div>\n\t\t\t\t<div class=\"elementor-element elementor-element-80e3568 elementor-widget elementor-widget-text-editor\" data-id=\"80e3568\" data-element_type=\"widget\" data-widget_type=\"text-editor.default\">\n\t\t\t\t<div class=\"elementor-widget-container\">\n\t\t\t\t\t\t\t\t\t<p>Casandra es una joven espa\u00f1ola que despierta el deseo con solo una mirada. Su sensualidad es natural, pero profundamente provocadora: cada gesto, cada sonrisa y cada movimiento est\u00e1n cargados de una tensi\u00f3n irresistible que invita a acercarse m\u00e1s\u2026 y a no querer apartarse.<\/p><p>Su presencia envuelve, seduce y juega con los sentidos, creando una atm\u00f3sfera \u00edntima donde la piel se eriza y el tiempo parece detenerse. Cercana, dulce y a la vez intensamente sugerente, Casandra sabe c\u00f3mo generar esa complicidad especial que transforma cada encuentro en una experiencia cargada de emoci\u00f3n, placer y fantas\u00eda.<\/p><p>Entre caricias sutiles, miradas profundas y una energ\u00eda que fluye con elegancia, ofrece un viaje sensorial donde el l\u00edmite lo marca la imaginaci\u00f3n. Discreta, apasionada y completamente entregada a crear momentos \u00fanicos, su esencia deja huella.<\/p>\t\t\t\t\t\t\t\t<\/div>\n\t\t\t\t<\/div>\n\t\t\t\t<\/div>\n\t\t\t\t\t<\/div>\n\t\t\t\t<\/div>\n\t\t\t\t<\/div>\n\t\t","protected":false},"excerpt":{"rendered":"<p>Casandra Casandra es una joven espa\u00f1ola que despierta el deseo con solo una mirada. Su sensualidad es natural, pero profundamente provocadora: cada gesto, cada sonrisa y cada movimiento est\u00e1n cargados de una tensi\u00f3n irresistible que invita a acercarse m\u00e1s\u2026 y a no querer apartarse. Su presencia envuelve, seduce y juega con los sentidos, creando una [&hellip;]<\/p>\n","protected":false},"author":1,"featured_media":0,"parent":0,"menu_order":0,"comment_status":"closed","ping_status":"closed","template":"","meta":{"footnotes":""},"class_list":["post-6857","page","type-page","status-publish","hentry"],"_links":{"self":[{"href":"https:\/\/senseexperience.es\/fr\/wp-json\/wp\/v2\/pages\/6857","targetHints":{"allow":["GET"]}}],"collection":[{"href":"https:\/\/senseexperience.es\/fr\/wp-json\/wp\/v2\/pages"}],"about":[{"href":"https:\/\/senseexperience.es\/fr\/wp-json\/wp\/v2\/types\/page"}],"author":[{"embeddable":true,"href":"https:\/\/senseexperience.es\/fr\/wp-json\/wp\/v2\/users\/1"}],"replies":[{"embeddable":true,"href":"https:\/\/senseexperience.es\/fr\/wp-json\/wp\/v2\/comments?post=6857"}],"version-history":[{"count":7,"href":"https:\/\/senseexperience.es\/fr\/wp-json\/wp\/v2\/pages\/6857\/revisions"}],"predecessor-version":[{"id":6889,"href":"https:\/\/senseexperience.es\/fr\/wp-json\/wp\/v2\/pages\/6857\/revisions\/6889"}],"wp:attachment":[{"href":"https:\/\/senseexperience.es\/fr\/wp-json\/wp\/v2\/media?parent=6857"}],"curies":[{"name":"wp","href":"https:\/\/api.w.org\/{rel}","templated":true}]}}