{"id":1458,"date":"2025-02-17T02:30:15","date_gmt":"2025-02-17T02:30:15","guid":{"rendered":"https:\/\/senseexperience.es\/theo\/"},"modified":"2025-02-27T18:36:39","modified_gmt":"2025-02-27T18:36:39","slug":"theo","status":"publish","type":"page","link":"https:\/\/senseexperience.es\/fr\/theo\/","title":{"rendered":"Th\u00e9o"},"content":{"rendered":"\t\t<div data-elementor-type=\"wp-page\" data-elementor-id=\"1458\" class=\"elementor elementor-1458 elementor-321\" data-elementor-post-type=\"page\">\n\t\t\t\t<div class=\"elementor-element elementor-element-2199fda e-flex e-con-boxed e-con e-parent\" data-id=\"2199fda\" data-element_type=\"container\">\n\t\t\t\t\t<div class=\"e-con-inner\">\n\t\t<div class=\"elementor-element elementor-element-cbf314a e-con-full e-flex e-con e-child\" data-id=\"cbf314a\" data-element_type=\"container\">\n\t\t\t\t<div class=\"elementor-element elementor-element-3be3bba elementor-widget elementor-widget-heading\" data-id=\"3be3bba\" data-element_type=\"widget\" data-widget_type=\"heading.default\">\n\t\t\t\t<div class=\"elementor-widget-container\">\n\t\t\t\t\t<h3 class=\"elementor-heading-title elementor-size-default\">Th\u00e9o<\/h3>\t\t\t\t<\/div>\n\t\t\t\t<\/div>\n\t\t\t\t<div class=\"elementor-element elementor-element-5fcda55 elementor-widget-divider--view-line elementor-widget elementor-widget-divider\" data-id=\"5fcda55\" data-element_type=\"widget\" data-widget_type=\"divider.default\">\n\t\t\t\t<div class=\"elementor-widget-container\">\n\t\t\t\t\t\t\t<div class=\"elementor-divider\">\n\t\t\t<span class=\"elementor-divider-separator\">\n\t\t\t\t\t\t<\/span>\n\t\t<\/div>\n\t\t\t\t\t\t<\/div>\n\t\t\t\t<\/div>\n\t\t<div class=\"elementor-element elementor-element-3a8b72b e-con-full e-flex e-con e-child\" data-id=\"3a8b72b\" data-element_type=\"container\">\n\t\t\t\t<div class=\"elementor-element elementor-element-034df4c elementor-widget elementor-widget-image\" data-id=\"034df4c\" data-element_type=\"widget\" data-widget_type=\"image.default\">\n\t\t\t\t<div class=\"elementor-widget-container\">\n\t\t\t\t\t\t\t\t\t\t\t\t\t\t\t<img fetchpriority=\"high\" decoding=\"async\" width=\"709\" height=\"1024\" src=\"https:\/\/senseexperience.es\/wp-content\/uploads\/2025\/02\/the1-709x1024.webp\" class=\"attachment-large size-large wp-image-1102\" alt=\"\" srcset=\"https:\/\/senseexperience.es\/wp-content\/uploads\/2025\/02\/the1-709x1024.webp 709w, https:\/\/senseexperience.es\/wp-content\/uploads\/2025\/02\/the1-208x300.webp 208w, https:\/\/senseexperience.es\/wp-content\/uploads\/2025\/02\/the1-768x1109.webp 768w, https:\/\/senseexperience.es\/wp-content\/uploads\/2025\/02\/the1.webp 800w\" sizes=\"(max-width: 709px) 100vw, 709px\" \/>\t\t\t\t\t\t\t\t\t\t\t\t\t\t\t<\/div>\n\t\t\t\t<\/div>\n\t\t\t\t<div class=\"elementor-element elementor-element-852b4f7 elementor-widget elementor-widget-image\" data-id=\"852b4f7\" data-element_type=\"widget\" data-widget_type=\"image.default\">\n\t\t\t\t<div class=\"elementor-widget-container\">\n\t\t\t\t\t\t\t\t\t\t\t\t\t\t\t<img decoding=\"async\" width=\"709\" height=\"1024\" src=\"https:\/\/senseexperience.es\/wp-content\/uploads\/2025\/02\/the2-709x1024.webp\" class=\"attachment-large size-large wp-image-1106\" alt=\"\" srcset=\"https:\/\/senseexperience.es\/wp-content\/uploads\/2025\/02\/the2-709x1024.webp 709w, https:\/\/senseexperience.es\/wp-content\/uploads\/2025\/02\/the2-208x300.webp 208w, https:\/\/senseexperience.es\/wp-content\/uploads\/2025\/02\/the2-768x1109.webp 768w, https:\/\/senseexperience.es\/wp-content\/uploads\/2025\/02\/the2.webp 800w\" sizes=\"(max-width: 709px) 100vw, 709px\" \/>\t\t\t\t\t\t\t\t\t\t\t\t\t\t\t<\/div>\n\t\t\t\t<\/div>\n\t\t\t\t<div class=\"elementor-element elementor-element-e9707cd elementor-widget elementor-widget-image\" data-id=\"e9707cd\" data-element_type=\"widget\" data-widget_type=\"image.default\">\n\t\t\t\t<div class=\"elementor-widget-container\">\n\t\t\t\t\t\t\t\t\t\t\t\t\t\t\t<img decoding=\"async\" width=\"728\" height=\"1024\" src=\"https:\/\/senseexperience.es\/wp-content\/uploads\/2025\/02\/the3-728x1024.webp\" class=\"attachment-large size-large wp-image-1110\" alt=\"\" srcset=\"https:\/\/senseexperience.es\/wp-content\/uploads\/2025\/02\/the3-728x1024.webp 728w, https:\/\/senseexperience.es\/wp-content\/uploads\/2025\/02\/the3-213x300.webp 213w, https:\/\/senseexperience.es\/wp-content\/uploads\/2025\/02\/the3-768x1080.webp 768w, https:\/\/senseexperience.es\/wp-content\/uploads\/2025\/02\/the3.webp 799w\" sizes=\"(max-width: 728px) 100vw, 728px\" \/>\t\t\t\t\t\t\t\t\t\t\t\t\t\t\t<\/div>\n\t\t\t\t<\/div>\n\t\t\t\t<div class=\"elementor-element elementor-element-b5c6f7b elementor-widget elementor-widget-image\" data-id=\"b5c6f7b\" data-element_type=\"widget\" data-widget_type=\"image.default\">\n\t\t\t\t<div class=\"elementor-widget-container\">\n\t\t\t\t\t\t\t\t\t\t\t\t\t\t\t<img loading=\"lazy\" decoding=\"async\" width=\"709\" height=\"1024\" src=\"https:\/\/senseexperience.es\/wp-content\/uploads\/2025\/02\/the4-709x1024.webp\" class=\"attachment-large size-large wp-image-1114\" alt=\"\" srcset=\"https:\/\/senseexperience.es\/wp-content\/uploads\/2025\/02\/the4-709x1024.webp 709w, https:\/\/senseexperience.es\/wp-content\/uploads\/2025\/02\/the4-208x300.webp 208w, https:\/\/senseexperience.es\/wp-content\/uploads\/2025\/02\/the4-768x1109.webp 768w, https:\/\/senseexperience.es\/wp-content\/uploads\/2025\/02\/the4.webp 800w\" sizes=\"(max-width: 709px) 100vw, 709px\" \/>\t\t\t\t\t\t\t\t\t\t\t\t\t\t\t<\/div>\n\t\t\t\t<\/div>\n\t\t\t\t<\/div>\n\t\t\t\t<div class=\"elementor-element elementor-element-f1c68b5 elementor-widget elementor-widget-text-editor\" data-id=\"f1c68b5\" data-element_type=\"widget\" data-widget_type=\"text-editor.default\">\n\t\t\t\t<div class=\"elementor-widget-container\">\n\t\t\t\t\t\t\t\t\t<div id=\"jw-element-421755118\" class=\"jw-tree-node jw-element jw-image-text\" data-jw-element-id=\"421755118\"><div class=\"jw-element-imagetext-text\"><div id=\"jw-element-421759247\" class=\"jw-tree-node jw-element jw-image-text\" data-jw-element-id=\"421759247\"><div class=\"jw-element-imagetext-text\"><p>Theo Male masseur pour hommes, femmes et couples<\/p><p> <\/p><p class=\"\">C&rsquo;est notre spectaculaire <strong>masseur masculin<\/strong> qui vous \u00e9blouira non seulement par son physique spectaculaire, mais aussi par sa sympathie et sa sensualit\u00e9. Ce jeune masseur \u00e9rotique a une grande exp\u00e9rience dans le monde des massages tantriques, il sait donc parfaitement comment se d\u00e9tendre tout en stimulant chaque centim\u00e8tre de votre peau en \u00e9veillant les sensations les plus intenses et les plus passionn\u00e9es que vous n&rsquo;ayez jamais connues. Plongez avec lui dans un monde de fantasmes et vivez une exp\u00e9rience unique.  <\/p><\/div><\/div><\/div><\/div>\t\t\t\t\t\t\t\t<\/div>\n\t\t\t\t<\/div>\n\t\t\t\t<\/div>\n\t\t\t\t\t<\/div>\n\t\t\t\t<\/div>\n\t\t\t\t<\/div>\n\t\t","protected":false},"excerpt":{"rendered":"<p>Th\u00e9o Theo Male masseur pour hommes, femmes et couples C&rsquo;est notre spectaculaire masseur masculin qui vous \u00e9blouira non seulement par son physique spectaculaire, mais aussi par sa sympathie et sa sensualit\u00e9. Ce jeune masseur \u00e9rotique a une grande exp\u00e9rience dans le monde des massages tantriques, il sait donc parfaitement comment se d\u00e9tendre tout en stimulant [&hellip;]<\/p>\n","protected":false},"author":1,"featured_media":0,"parent":0,"menu_order":0,"comment_status":"closed","ping_status":"closed","template":"elementor_header_footer","meta":{"footnotes":""},"class_list":["post-1458","page","type-page","status-publish","hentry"],"_links":{"self":[{"href":"https:\/\/senseexperience.es\/fr\/wp-json\/wp\/v2\/pages\/1458","targetHints":{"allow":["GET"]}}],"collection":[{"href":"https:\/\/senseexperience.es\/fr\/wp-json\/wp\/v2\/pages"}],"about":[{"href":"https:\/\/senseexperience.es\/fr\/wp-json\/wp\/v2\/types\/page"}],"author":[{"embeddable":true,"href":"https:\/\/senseexperience.es\/fr\/wp-json\/wp\/v2\/users\/1"}],"replies":[{"embeddable":true,"href":"https:\/\/senseexperience.es\/fr\/wp-json\/wp\/v2\/comments?post=1458"}],"version-history":[{"count":1,"href":"https:\/\/senseexperience.es\/fr\/wp-json\/wp\/v2\/pages\/1458\/revisions"}],"predecessor-version":[{"id":1460,"href":"https:\/\/senseexperience.es\/fr\/wp-json\/wp\/v2\/pages\/1458\/revisions\/1460"}],"wp:attachment":[{"href":"https:\/\/senseexperience.es\/fr\/wp-json\/wp\/v2\/media?parent=1458"}],"curies":[{"name":"wp","href":"https:\/\/api.w.org\/{rel}","templated":true}]}}