{"id":1447,"date":"2025-02-17T02:29:36","date_gmt":"2025-02-17T02:29:36","guid":{"rendered":"https:\/\/senseexperience.es\/darko\/"},"modified":"2025-02-27T18:36:39","modified_gmt":"2025-02-27T18:36:39","slug":"darko","status":"publish","type":"page","link":"https:\/\/senseexperience.es\/fr\/darko\/","title":{"rendered":"Darko"},"content":{"rendered":"\t\t<div data-elementor-type=\"wp-page\" data-elementor-id=\"1447\" class=\"elementor elementor-1447 elementor-316\" data-elementor-post-type=\"page\">\n\t\t\t\t<div class=\"elementor-element elementor-element-ec8cd31 e-flex e-con-boxed e-con e-parent\" data-id=\"ec8cd31\" data-element_type=\"container\">\n\t\t\t\t\t<div class=\"e-con-inner\">\n\t\t<div class=\"elementor-element elementor-element-e480a13 e-con-full e-flex e-con e-child\" data-id=\"e480a13\" data-element_type=\"container\">\n\t\t\t\t<div class=\"elementor-element elementor-element-0a49a00 elementor-widget elementor-widget-heading\" data-id=\"0a49a00\" data-element_type=\"widget\" data-widget_type=\"heading.default\">\n\t\t\t\t<div class=\"elementor-widget-container\">\n\t\t\t\t\t<h3 class=\"elementor-heading-title elementor-size-default\">Darko<\/h3>\t\t\t\t<\/div>\n\t\t\t\t<\/div>\n\t\t\t\t<div class=\"elementor-element elementor-element-ed771c0 elementor-widget-divider--view-line elementor-widget elementor-widget-divider\" data-id=\"ed771c0\" data-element_type=\"widget\" data-widget_type=\"divider.default\">\n\t\t\t\t<div class=\"elementor-widget-container\">\n\t\t\t\t\t\t\t<div class=\"elementor-divider\">\n\t\t\t<span class=\"elementor-divider-separator\">\n\t\t\t\t\t\t<\/span>\n\t\t<\/div>\n\t\t\t\t\t\t<\/div>\n\t\t\t\t<\/div>\n\t\t<div class=\"elementor-element elementor-element-2ba0799 e-con-full e-flex e-con e-child\" data-id=\"2ba0799\" data-element_type=\"container\">\n\t\t\t\t<div class=\"elementor-element elementor-element-f17bea6 elementor-widget elementor-widget-image\" data-id=\"f17bea6\" data-element_type=\"widget\" data-widget_type=\"image.default\">\n\t\t\t\t<div class=\"elementor-widget-container\">\n\t\t\t\t\t\t\t\t\t\t\t\t\t\t\t<img fetchpriority=\"high\" decoding=\"async\" width=\"709\" height=\"1024\" src=\"https:\/\/senseexperience.es\/wp-content\/uploads\/2025\/02\/dar1-709x1024.webp\" class=\"attachment-large size-large wp-image-1086\" alt=\"\" srcset=\"https:\/\/senseexperience.es\/wp-content\/uploads\/2025\/02\/dar1-709x1024.webp 709w, https:\/\/senseexperience.es\/wp-content\/uploads\/2025\/02\/dar1-208x300.webp 208w, https:\/\/senseexperience.es\/wp-content\/uploads\/2025\/02\/dar1-768x1109.webp 768w, https:\/\/senseexperience.es\/wp-content\/uploads\/2025\/02\/dar1.webp 800w\" sizes=\"(max-width: 709px) 100vw, 709px\" \/>\t\t\t\t\t\t\t\t\t\t\t\t\t\t\t<\/div>\n\t\t\t\t<\/div>\n\t\t\t\t<div class=\"elementor-element elementor-element-802ef0b elementor-widget elementor-widget-image\" data-id=\"802ef0b\" data-element_type=\"widget\" data-widget_type=\"image.default\">\n\t\t\t\t<div class=\"elementor-widget-container\">\n\t\t\t\t\t\t\t\t\t\t\t\t\t\t\t<img decoding=\"async\" width=\"709\" height=\"1024\" src=\"https:\/\/senseexperience.es\/wp-content\/uploads\/2025\/02\/dar2-709x1024.webp\" class=\"attachment-large size-large wp-image-1090\" alt=\"\" srcset=\"https:\/\/senseexperience.es\/wp-content\/uploads\/2025\/02\/dar2-709x1024.webp 709w, https:\/\/senseexperience.es\/wp-content\/uploads\/2025\/02\/dar2-208x300.webp 208w, https:\/\/senseexperience.es\/wp-content\/uploads\/2025\/02\/dar2-768x1109.webp 768w, https:\/\/senseexperience.es\/wp-content\/uploads\/2025\/02\/dar2.webp 800w\" sizes=\"(max-width: 709px) 100vw, 709px\" \/>\t\t\t\t\t\t\t\t\t\t\t\t\t\t\t<\/div>\n\t\t\t\t<\/div>\n\t\t\t\t<div class=\"elementor-element elementor-element-161b0ac elementor-widget elementor-widget-image\" data-id=\"161b0ac\" data-element_type=\"widget\" data-widget_type=\"image.default\">\n\t\t\t\t<div class=\"elementor-widget-container\">\n\t\t\t\t\t\t\t\t\t\t\t\t\t\t\t<img decoding=\"async\" width=\"709\" height=\"1024\" src=\"https:\/\/senseexperience.es\/wp-content\/uploads\/2025\/02\/dar3-709x1024.webp\" class=\"attachment-large size-large wp-image-1094\" alt=\"\" srcset=\"https:\/\/senseexperience.es\/wp-content\/uploads\/2025\/02\/dar3-709x1024.webp 709w, https:\/\/senseexperience.es\/wp-content\/uploads\/2025\/02\/dar3-208x300.webp 208w, https:\/\/senseexperience.es\/wp-content\/uploads\/2025\/02\/dar3-768x1109.webp 768w, https:\/\/senseexperience.es\/wp-content\/uploads\/2025\/02\/dar3.webp 800w\" sizes=\"(max-width: 709px) 100vw, 709px\" \/>\t\t\t\t\t\t\t\t\t\t\t\t\t\t\t<\/div>\n\t\t\t\t<\/div>\n\t\t\t\t<div class=\"elementor-element elementor-element-4b82efb elementor-widget elementor-widget-image\" data-id=\"4b82efb\" data-element_type=\"widget\" data-widget_type=\"image.default\">\n\t\t\t\t<div class=\"elementor-widget-container\">\n\t\t\t\t\t\t\t\t\t\t\t\t\t\t\t<img loading=\"lazy\" decoding=\"async\" width=\"709\" height=\"1024\" src=\"https:\/\/senseexperience.es\/wp-content\/uploads\/2025\/02\/dar4-709x1024.webp\" class=\"attachment-large size-large wp-image-1098\" alt=\"\" srcset=\"https:\/\/senseexperience.es\/wp-content\/uploads\/2025\/02\/dar4-709x1024.webp 709w, https:\/\/senseexperience.es\/wp-content\/uploads\/2025\/02\/dar4-208x300.webp 208w, https:\/\/senseexperience.es\/wp-content\/uploads\/2025\/02\/dar4-768x1109.webp 768w, https:\/\/senseexperience.es\/wp-content\/uploads\/2025\/02\/dar4.webp 800w\" sizes=\"(max-width: 709px) 100vw, 709px\" \/>\t\t\t\t\t\t\t\t\t\t\t\t\t\t\t<\/div>\n\t\t\t\t<\/div>\n\t\t\t\t<\/div>\n\t\t\t\t<div class=\"elementor-element elementor-element-2ddd4ae elementor-widget elementor-widget-text-editor\" data-id=\"2ddd4ae\" data-element_type=\"widget\" data-widget_type=\"text-editor.default\">\n\t\t\t\t<div class=\"elementor-widget-container\">\n\t\t\t\t\t\t\t\t\t<div id=\"jw-element-421755118\" class=\"jw-tree-node jw-element jw-image-text\" data-jw-element-id=\"421755118\"><div class=\"jw-element-imagetext-text\"><div id=\"jw-element-421759247\" class=\"jw-tree-node jw-element jw-image-text\" data-jw-element-id=\"421759247\"><div class=\"jw-element-imagetext-text\"><p>Darko est un expert en massage tantrique et \u00e9rotique, avec une formation approfondie en techniques de relaxation et d&rsquo;\u00e9nergisation du corps, qu&rsquo;il associe \u00e0 sa remarquable condition physique. Ax\u00e9 sur l&rsquo;harmonie entre le corps et l&rsquo;esprit, son travail va au-del\u00e0 de la simple relaxation, cherchant \u00e0 r\u00e9tablir l&rsquo;\u00e9quilibre \u00e9nerg\u00e9tique par un toucher conscient et l&rsquo;utilisation de la respiration comme outil essentiel. <\/p><\/div><\/div><\/div><\/div>\t\t\t\t\t\t\t\t<\/div>\n\t\t\t\t<\/div>\n\t\t\t\t<\/div>\n\t\t\t\t\t<\/div>\n\t\t\t\t<\/div>\n\t\t\t\t<\/div>\n\t\t","protected":false},"excerpt":{"rendered":"<p>Darko Darko est un expert en massage tantrique et \u00e9rotique, avec une formation approfondie en techniques de relaxation et d&rsquo;\u00e9nergisation du corps, qu&rsquo;il associe \u00e0 sa remarquable condition physique. Ax\u00e9 sur l&rsquo;harmonie entre le corps et l&rsquo;esprit, son travail va au-del\u00e0 de la simple relaxation, cherchant \u00e0 r\u00e9tablir l&rsquo;\u00e9quilibre \u00e9nerg\u00e9tique par un toucher conscient et [&hellip;]<\/p>\n","protected":false},"author":1,"featured_media":0,"parent":0,"menu_order":0,"comment_status":"closed","ping_status":"closed","template":"elementor_header_footer","meta":{"footnotes":""},"class_list":["post-1447","page","type-page","status-publish","hentry"],"_links":{"self":[{"href":"https:\/\/senseexperience.es\/fr\/wp-json\/wp\/v2\/pages\/1447","targetHints":{"allow":["GET"]}}],"collection":[{"href":"https:\/\/senseexperience.es\/fr\/wp-json\/wp\/v2\/pages"}],"about":[{"href":"https:\/\/senseexperience.es\/fr\/wp-json\/wp\/v2\/types\/page"}],"author":[{"embeddable":true,"href":"https:\/\/senseexperience.es\/fr\/wp-json\/wp\/v2\/users\/1"}],"replies":[{"embeddable":true,"href":"https:\/\/senseexperience.es\/fr\/wp-json\/wp\/v2\/comments?post=1447"}],"version-history":[{"count":1,"href":"https:\/\/senseexperience.es\/fr\/wp-json\/wp\/v2\/pages\/1447\/revisions"}],"predecessor-version":[{"id":1449,"href":"https:\/\/senseexperience.es\/fr\/wp-json\/wp\/v2\/pages\/1447\/revisions\/1449"}],"wp:attachment":[{"href":"https:\/\/senseexperience.es\/fr\/wp-json\/wp\/v2\/media?parent=1447"}],"curies":[{"name":"wp","href":"https:\/\/api.w.org\/{rel}","templated":true}]}}