{"id":1444,"date":"2025-02-17T02:48:59","date_gmt":"2025-02-17T02:48:59","guid":{"rendered":"https:\/\/senseexperience.es\/couples\/"},"modified":"2025-02-27T18:36:40","modified_gmt":"2025-02-27T18:36:40","slug":"couples","status":"publish","type":"page","link":"https:\/\/senseexperience.es\/fr\/couples\/","title":{"rendered":"Couples"},"content":{"rendered":"\t\t<div data-elementor-type=\"wp-page\" data-elementor-id=\"1444\" class=\"elementor elementor-1444 elementor-332\" data-elementor-post-type=\"page\">\n\t\t\t\t<div class=\"elementor-element elementor-element-656e11c e-flex e-con-boxed e-con e-parent\" data-id=\"656e11c\" data-element_type=\"container\">\n\t\t\t\t\t<div class=\"e-con-inner\">\n\t\t<div class=\"elementor-element elementor-element-6dbc6fc e-con-full e-flex e-con e-child\" data-id=\"6dbc6fc\" data-element_type=\"container\">\n\t\t\t\t<div class=\"elementor-element elementor-element-d55f495 elementor-widget elementor-widget-heading\" data-id=\"d55f495\" data-element_type=\"widget\" data-widget_type=\"heading.default\">\n\t\t\t\t<div class=\"elementor-widget-container\">\n\t\t\t\t\t<h3 class=\"elementor-heading-title elementor-size-default\">Massages pour couples \u00e0 Madrid\n<\/h3>\t\t\t\t<\/div>\n\t\t\t\t<\/div>\n\t\t\t\t<div class=\"elementor-element elementor-element-ecab283 elementor-widget-divider--view-line elementor-widget elementor-widget-divider\" data-id=\"ecab283\" data-element_type=\"widget\" data-widget_type=\"divider.default\">\n\t\t\t\t<div class=\"elementor-widget-container\">\n\t\t\t\t\t\t\t<div class=\"elementor-divider\">\n\t\t\t<span class=\"elementor-divider-separator\">\n\t\t\t\t\t\t<\/span>\n\t\t<\/div>\n\t\t\t\t\t\t<\/div>\n\t\t\t\t<\/div>\n\t\t\t\t<\/div>\n\t\t<div class=\"elementor-element elementor-element-2593843 e-con-full e-flex e-con e-child\" data-id=\"2593843\" data-element_type=\"container\">\n\t\t\t\t<div class=\"elementor-element elementor-element-f8285bb elementor-widget elementor-widget-heading\" data-id=\"f8285bb\" data-element_type=\"widget\" data-widget_type=\"heading.default\">\n\t\t\t\t<div class=\"elementor-widget-container\">\n\t\t\t\t\t<h3 class=\"elementor-heading-title elementor-size-default\">D\u00e9couvrez le plaisir en couple \u00e0 <b>Sense Madrid<\/b><\/h3>\t\t\t\t<\/div>\n\t\t\t\t<\/div>\n\t\t\t\t<div class=\"elementor-element elementor-element-baa4090 elementor-widget elementor-widget-text-editor\" data-id=\"baa4090\" data-element_type=\"widget\" data-widget_type=\"text-editor.default\">\n\t\t\t\t<div class=\"elementor-widget-container\">\n\t\t\t\t\t\t\t\t\t<p>Si vous \u00eates \u00e0 la recherche d&rsquo;une exp\u00e9rience \u00e9rotique inoubliable \u00e0 <strong>Madrid<\/strong>, <strong>Sense<\/strong> est l&rsquo;endroit id\u00e9al. Que ce soit pour surprendre votre partenaire avec un cadeau exclusif ou pour explorer ensemble de nouvelles fa\u00e7ons d&rsquo;\u00e9veiller la passion, notre <strong>massage \u00e9rotique pour couples<\/strong> est le choix id\u00e9al. <\/p><p> <\/p><p>Dans notre centre exclusif, vous pouvez vous immerger dans une atmosph\u00e8re de sophistication et de sensualit\u00e9, o\u00f9 le d\u00e9sir coule sans limites et o\u00f9 les fantasmes deviennent r\u00e9alit\u00e9. Sans pr\u00e9jug\u00e9s ni tabous, nous vous invitons \u00e0 vous laisser porter par le plaisir et la connexion mutuelle, en profitant d&rsquo;un voyage sensoriel unique. <\/p><p> <\/p><p>Nos masseuses, expertes dans l&rsquo;art du massage \u00e9rotique, vous guideront avec d\u00e9licatesse et passion dans une exp\u00e9rience stimulante et enveloppante. De plus, nos installations de luxe ont \u00e9t\u00e9 con\u00e7ues pour vous offrir un maximum de confort, afin que chaque moment soit aussi agr\u00e9able qu&rsquo;inoubliable. <\/p><p> <\/p><p>Vivez ensemble une exp\u00e9rience o\u00f9 complicit\u00e9, d\u00e9sir et bien-\u00eatre se m\u00ealent en parfaite harmonie.<\/p>\t\t\t\t\t\t\t\t<\/div>\n\t\t\t\t<\/div>\n\t\t\t\t<div class=\"elementor-element elementor-element-f6f4756 elementor-widget elementor-widget-image\" data-id=\"f6f4756\" data-element_type=\"widget\" data-widget_type=\"image.default\">\n\t\t\t\t<div class=\"elementor-widget-container\">\n\t\t\t\t\t\t\t\t\t\t\t\t\t\t\t<img fetchpriority=\"high\" decoding=\"async\" width=\"800\" height=\"343\" src=\"https:\/\/senseexperience.es\/wp-content\/uploads\/2025\/02\/1.webp\" class=\"attachment-large size-large wp-image-1118\" alt=\"\" srcset=\"https:\/\/senseexperience.es\/wp-content\/uploads\/2025\/02\/1.webp 960w, https:\/\/senseexperience.es\/wp-content\/uploads\/2025\/02\/1-300x128.webp 300w, https:\/\/senseexperience.es\/wp-content\/uploads\/2025\/02\/1-768x329.webp 768w\" sizes=\"(max-width: 800px) 100vw, 800px\" \/>\t\t\t\t\t\t\t\t\t\t\t\t\t\t\t<\/div>\n\t\t\t\t<\/div>\n\t\t\t\t<\/div>\n\t\t<div class=\"elementor-element elementor-element-57ce38f e-con-full e-flex e-con e-child\" data-id=\"57ce38f\" data-element_type=\"container\">\n\t\t\t\t<div class=\"elementor-element elementor-element-f3c3de8 elementor-widget elementor-widget-heading\" data-id=\"f3c3de8\" data-element_type=\"widget\" data-widget_type=\"heading.default\">\n\t\t\t\t<div class=\"elementor-widget-container\">\n\t\t\t\t\t<h3 class=\"elementor-heading-title elementor-size-default\">Massage en couple corps \u00e0 corps<\/h3>\t\t\t\t<\/div>\n\t\t\t\t<\/div>\n\t\t\t\t<div class=\"elementor-element elementor-element-2bb1c51 elementor-widget elementor-widget-text-editor\" data-id=\"2bb1c51\" data-element_type=\"widget\" data-widget_type=\"text-editor.default\">\n\t\t\t\t<div class=\"elementor-widget-container\">\n\t\t\t\t\t\t\t\t\t<p>Pour les couples qui souhaitent explorer le plaisir de mani\u00e8re sensuelle et relaxante, le massage <strong>corps \u00e0 corps<\/strong> est l&rsquo;option id\u00e9ale. Cette exp\u00e9rience enveloppante et d\u00e9licate combine l&rsquo;art du contact peau \u00e0 peau avec des mouvements fluides et harmonieux, g\u00e9n\u00e9rant une connexion intime et agr\u00e9able. <\/p><p> <\/p><p>Dans ce massage, deux masseuses expertes vous guideront dans un voyage de sensations o\u00f9 la douceur du corps glissant sur la peau devient la cl\u00e9 du plaisir. Avec des huiles chaudes et des textures soyeuses, chaque caresse \u00e9veille les sens sans pr\u00e9cipitation, invitant \u00e0 la d\u00e9tente et \u00e0 une connexion plus profonde entre vous deux. <\/p><p> <\/p><p>Contrairement aux massages plus intenses, le <strong>Body to Body<\/strong> se concentre sur la stimulation sensorielle par le toucher, la pression et les mouvements du corps, sans se focaliser sur la stimulation g\u00e9nitale. L&rsquo;harmonie entre la respiration, le toucher et l&rsquo;\u00e9nergie circule en parfaite synchronisation, ce qui vous permet de vivre ensemble une exp\u00e9rience \u00e0 la fois excitante et subtile. <\/p><p> <\/p><p>Id\u00e9al pour ceux qui souhaitent s&rsquo;immerger dans le monde du massage \u00e9rotique de mani\u00e8re \u00e9l\u00e9gante et suggestive, ce massage vous permettra de vous d\u00e9connecter du monde ext\u00e9rieur et de red\u00e9couvrir le plaisir des caresses.<\/p><p> <\/p><p>Un moment de complicit\u00e9, de plaisir et de d\u00e9tente&#8230; \u00e7a vous tente ?<\/p>\t\t\t\t\t\t\t\t<\/div>\n\t\t\t\t<\/div>\n\t\t\t\t<div class=\"elementor-element elementor-element-da9d280 elementor-widget elementor-widget-image\" data-id=\"da9d280\" data-element_type=\"widget\" data-widget_type=\"image.default\">\n\t\t\t\t<div class=\"elementor-widget-container\">\n\t\t\t\t\t\t\t\t\t\t\t\t\t\t\t<img decoding=\"async\" width=\"800\" height=\"353\" src=\"https:\/\/senseexperience.es\/wp-content\/uploads\/2025\/02\/2.webp\" class=\"attachment-large size-large wp-image-1122\" alt=\"\" srcset=\"https:\/\/senseexperience.es\/wp-content\/uploads\/2025\/02\/2.webp 960w, https:\/\/senseexperience.es\/wp-content\/uploads\/2025\/02\/2-300x133.webp 300w, https:\/\/senseexperience.es\/wp-content\/uploads\/2025\/02\/2-768x339.webp 768w\" sizes=\"(max-width: 800px) 100vw, 800px\" \/>\t\t\t\t\t\t\t\t\t\t\t\t\t\t\t<\/div>\n\t\t\t\t<\/div>\n\t\t\t\t<\/div>\n\t\t<div class=\"elementor-element elementor-element-8988c5f e-con-full e-flex e-con e-child\" data-id=\"8988c5f\" data-element_type=\"container\">\n\t\t\t\t<div class=\"elementor-element elementor-element-f6a9ecb elementor-widget elementor-widget-heading\" data-id=\"f6a9ecb\" data-element_type=\"widget\" data-widget_type=\"heading.default\">\n\t\t\t\t<div class=\"elementor-widget-container\">\n\t\t\t\t\t<h3 class=\"elementor-heading-title elementor-size-default\">Massage en couple \"interactif<\/h3>\t\t\t\t<\/div>\n\t\t\t\t<\/div>\n\t\t\t\t<div class=\"elementor-element elementor-element-3d47a48 elementor-widget elementor-widget-text-editor\" data-id=\"3d47a48\" data-element_type=\"widget\" data-widget_type=\"text-editor.default\">\n\t\t\t\t<div class=\"elementor-widget-container\">\n\t\t\t\t\t\t\t\t\t<p>Le massage de couple \u00ab\u00a0interactif\u00a0\u00bb est notre exp\u00e9rience exclusive, la plus demand\u00e9e par ceux qui recherchent une connexion intense et agr\u00e9able. Dans cette s\u00e9ance exclusive, vous profiterez tous les deux d&rsquo;un massage sensuel et interactif, dans une atmosph\u00e8re d&rsquo;\u00e9rotisme et de complicit\u00e9, avec deux masseuses expertes. <\/p><p> <\/p><p>Vous pouvez personnaliser votre exp\u00e9rience en choisissant entre deux charmantes masseuses ou une combinaison de th\u00e9rapeutes homme et femme, selon vos pr\u00e9f\u00e9rences.<\/p><p> <\/p><p>L&rsquo;une des options les plus stimulantes, ce massage associe des techniques tantriques raffin\u00e9es \u00e0 l&rsquo;art du massage corps \u00e0 corps, con\u00e7u pour \u00e9veiller les sens et vous amener \u00e0 un paroxysme sensoriel sans pr\u00e9c\u00e9dent. Chaque masseuse se consacre enti\u00e8rement au bien-\u00eatre de son partenaire, ce qui vous permet d&rsquo;observer et de partager le plaisir de l&rsquo;autre \u00e0 tout moment. <\/p><p> <\/p><p>De plus, ce massage permet l&rsquo;interaction : vous pouvez caresser les masseurs et profiter ensemble, ce qui renforce l&rsquo;intensit\u00e9 du moment.<\/p><p> <\/p><p>Pour compl\u00e9ter cette exp\u00e9rience unique, vous disposerez, apr\u00e8s la s\u00e9ance, de 20 minutes gratuites pour explorer votre intimit\u00e9 en toute intimit\u00e9, en vous immergeant dans l&rsquo;\u00e9nergie sensuelle que vous aurez \u00e9veill\u00e9e.<\/p><p> <\/p><p>Un voyage o\u00f9 d\u00e9sir, passion et complicit\u00e9 se m\u00ealent en parfaite harmonie.<\/p>\t\t\t\t\t\t\t\t<\/div>\n\t\t\t\t<\/div>\n\t\t\t\t<div class=\"elementor-element elementor-element-92f434b elementor-widget elementor-widget-image\" data-id=\"92f434b\" data-element_type=\"widget\" data-widget_type=\"image.default\">\n\t\t\t\t<div class=\"elementor-widget-container\">\n\t\t\t\t\t\t\t\t\t\t\t\t\t\t\t<img decoding=\"async\" width=\"800\" height=\"360\" src=\"https:\/\/senseexperience.es\/wp-content\/uploads\/2025\/02\/3.webp\" class=\"attachment-large size-large wp-image-1126\" alt=\"\" srcset=\"https:\/\/senseexperience.es\/wp-content\/uploads\/2025\/02\/3.webp 800w, https:\/\/senseexperience.es\/wp-content\/uploads\/2025\/02\/3-300x135.webp 300w, https:\/\/senseexperience.es\/wp-content\/uploads\/2025\/02\/3-768x346.webp 768w\" sizes=\"(max-width: 800px) 100vw, 800px\" \/>\t\t\t\t\t\t\t\t\t\t\t\t\t\t\t<\/div>\n\t\t\t\t<\/div>\n\t\t\t\t<\/div>\n\t\t<div class=\"elementor-element elementor-element-eb03f95 e-con-full e-flex e-con e-child\" data-id=\"eb03f95\" data-element_type=\"container\">\n\t\t\t\t<div class=\"elementor-element elementor-element-0686ab6 elementor-widget elementor-widget-heading\" data-id=\"0686ab6\" data-element_type=\"widget\" data-widget_type=\"heading.default\">\n\t\t\t\t<div class=\"elementor-widget-container\">\n\t\t\t\t\t<h3 class=\"elementor-heading-title elementor-size-default\">Massage en couple \"Nuru\".<\/h3>\t\t\t\t<\/div>\n\t\t\t\t<\/div>\n\t\t\t\t<div class=\"elementor-element elementor-element-e4b71c1 elementor-widget elementor-widget-text-editor\" data-id=\"e4b71c1\" data-element_type=\"widget\" data-widget_type=\"text-editor.default\">\n\t\t\t\t<div class=\"elementor-widget-container\">\n\t\t\t\t\t\t\t\t\t<p>Con\u00e7u pour les couples les plus audacieux, ceux qui appr\u00e9cient une connexion sans limites et souhaitent explorer de nouvelles dimensions du plaisir, le massage \u00ab\u00a0Nuru\u00a0\u00bb est une exp\u00e9rience exclusive, intense et hautement stimulante, guid\u00e9e par deux masseuses expertes.<\/p><p> <\/p><p>Ce massage int\u00e8gre des techniques tantriques sophistiqu\u00e9es de stimulation sensorielle, notamment l&rsquo;art du massage Lingam pour les hommes et du massage Yoni pour les femmes. Ces pratiques permettent non seulement de prolonger et d&rsquo;am\u00e9liorer l&rsquo;orgasme, mais aussi de le transformer en une exp\u00e9rience plus profonde et plus intense. <\/p><p> <\/p><p>Contrairement \u00e0 d&rsquo;autres massages \u00e9rotiques, dans le \u00ab\u00a0Nuru\u00a0\u00bb, la stimulation n&rsquo;est pas r\u00e9serv\u00e9e \u00e0 la fin de la s\u00e9ance, mais fait partie d&rsquo;un voyage sensoriel qui commence d\u00e8s le premier instant. Gr\u00e2ce \u00e0 une double stimulation, au d\u00e9but et \u00e0 la fin du massage, vous atteindrez un point culminant enveloppant qui parcourra toutes les fibres de votre corps. <\/p><p> <\/p><p>Dans une atmosph\u00e8re intime et s\u00e9duisante, o\u00f9 la peau devient le seul langage, ce massage promet des sensations \u00e9lectrisantes et une connexion in\u00e9gal\u00e9e.<\/p><p> <\/p><p>Osez-vous d\u00e9couvrir une exp\u00e9rience \u00e9rotique sans pr\u00e9c\u00e9dent ?<\/p>\t\t\t\t\t\t\t\t<\/div>\n\t\t\t\t<\/div>\n\t\t\t\t<div class=\"elementor-element elementor-element-53eb316 elementor-widget elementor-widget-image\" data-id=\"53eb316\" data-element_type=\"widget\" data-widget_type=\"image.default\">\n\t\t\t\t<div class=\"elementor-widget-container\">\n\t\t\t\t\t\t\t\t\t\t\t\t\t\t\t<img loading=\"lazy\" decoding=\"async\" width=\"800\" height=\"352\" src=\"https:\/\/senseexperience.es\/wp-content\/uploads\/2025\/02\/4.webp\" class=\"attachment-large size-large wp-image-1130\" alt=\"\" srcset=\"https:\/\/senseexperience.es\/wp-content\/uploads\/2025\/02\/4.webp 960w, https:\/\/senseexperience.es\/wp-content\/uploads\/2025\/02\/4-300x132.webp 300w, https:\/\/senseexperience.es\/wp-content\/uploads\/2025\/02\/4-768x338.webp 768w\" sizes=\"(max-width: 800px) 100vw, 800px\" \/>\t\t\t\t\t\t\t\t\t\t\t\t\t\t\t<\/div>\n\t\t\t\t<\/div>\n\t\t\t\t<\/div>\n\t\t\t\t\t<\/div>\n\t\t\t\t<\/div>\n\t\t<div class=\"elementor-element elementor-element-6d808f4 e-flex e-con-boxed e-con e-parent\" data-id=\"6d808f4\" data-element_type=\"container\">\n\t\t\t\t\t<div class=\"e-con-inner\">\n\t\t<div class=\"elementor-element elementor-element-21855e6 e-con-full e-flex e-con e-child\" data-id=\"21855e6\" data-element_type=\"container\">\n\t\t\t\t<div class=\"elementor-element elementor-element-0df0d0a elementor-widget elementor-widget-heading\" data-id=\"0df0d0a\" data-element_type=\"widget\" data-widget_type=\"heading.default\">\n\t\t\t\t<div class=\"elementor-widget-container\">\n\t\t\t\t\t<h3 class=\"elementor-heading-title elementor-size-default\">Massage en couple avec spa et jacuzzi : un rituel de plaisir et de d\u00e9tente<\/h3>\t\t\t\t<\/div>\n\t\t\t\t<\/div>\n\t\t\t\t<div class=\"elementor-element elementor-element-8a42c54 elementor-widget-divider--view-line elementor-widget elementor-widget-divider\" data-id=\"8a42c54\" data-element_type=\"widget\" data-widget_type=\"divider.default\">\n\t\t\t\t<div class=\"elementor-widget-container\">\n\t\t\t\t\t\t\t<div class=\"elementor-divider\">\n\t\t\t<span class=\"elementor-divider-separator\">\n\t\t\t\t\t\t<\/span>\n\t\t<\/div>\n\t\t\t\t\t\t<\/div>\n\t\t\t\t<\/div>\n\t\t\t\t<div class=\"elementor-element elementor-element-66cdd9c elementor-widget elementor-widget-text-editor\" data-id=\"66cdd9c\" data-element_type=\"widget\" data-widget_type=\"text-editor.default\">\n\t\t\t\t<div class=\"elementor-widget-container\">\n\t\t\t\t\t\t\t\t\t<p>Plongez avec votre partenaire dans une exp\u00e9rience exclusive qui associe l&rsquo;art du <strong>massage \u00e9rotique<\/strong> aux bienfaits du <strong>spa et du jacuzzi<\/strong>. Un voyage sensoriel con\u00e7u pour \u00e9veiller les sens, d\u00e9tendre le corps et renforcer la connexion intime dans un environnement d&rsquo;une sophistication absolue. <\/p><p> <\/p><p>La s\u00e9ance commence par un bain dans notre <strong>jacuzzi priv\u00e9<\/strong>, o\u00f9 l&rsquo;eau chaude et les bulles enveloppent le corps d&rsquo;une sensation de bien-\u00eatre total. La combinaison d&rsquo;ar\u00f4mes exquis, d&rsquo;une lumi\u00e8re douce et d&rsquo;une atmosph\u00e8re enveloppante vous invite \u00e0 vous d\u00e9connecter du monde ext\u00e9rieur et \u00e0 vous pr\u00e9parer \u00e0 ce qui va suivre. <\/p><p> <\/p><p>Vous serez ensuite guid\u00e9 vers une salle exclusive, o\u00f9 nos masseuses expertes vous prodigueront un <strong>massage corps \u00e0 corps<\/strong>, \u00e0 l&rsquo;aide d&rsquo;huiles chaudes et de mouvements d\u00e9licats qui couvriront chaque centim\u00e8tre de votre peau. La fusion de techniques relaxantes et sensuelles vous conduira \u00e0 un \u00e9tat de plaisir absolu, o\u00f9 les caresses deviennent un langage d&rsquo;intimit\u00e9 et de d\u00e9sir. <\/p><p> <\/p><p>Pour compl\u00e9ter l&rsquo;exp\u00e9rience, vous pouvez profiter de quelques minutes d&rsquo;intimit\u00e9 dans le spa, permettant \u00e0 l&rsquo;\u00e9nergie r\u00e9veill\u00e9e de circuler librement entre vous. Un rituel parfait pour les couples qui souhaitent renouer avec la passion et vivre un moment inoubliable. <\/p>\t\t\t\t\t\t\t\t<\/div>\n\t\t\t\t<\/div>\n\t\t\t\t<\/div>\n\t\t<div class=\"elementor-element elementor-element-78202f0 e-con-full e-flex e-con e-child\" data-id=\"78202f0\" data-element_type=\"container\" data-settings=\"{&quot;background_background&quot;:&quot;classic&quot;}\">\n\t\t\t\t<\/div>\n\t\t<div class=\"elementor-element elementor-element-b4141ca e-con-full e-flex e-con e-child\" data-id=\"b4141ca\" data-element_type=\"container\">\n\t\t<div class=\"elementor-element elementor-element-fe9da77 e-con-full e-flex e-con e-child\" data-id=\"fe9da77\" data-element_type=\"container\">\n\t\t\t\t<div class=\"elementor-element elementor-element-48e566f elementor-widget elementor-widget-heading\" data-id=\"48e566f\" data-element_type=\"widget\" data-widget_type=\"heading.default\">\n\t\t\t\t<div class=\"elementor-widget-container\">\n\t\t\t\t\t<h3 class=\"elementor-heading-title elementor-size-default\">Massages pour couples \u00e0 Madrid<\/h3>\t\t\t\t<\/div>\n\t\t\t\t<\/div>\n\t\t\t\t<div class=\"elementor-element elementor-element-1beeab5 elementor-widget-divider--view-line elementor-widget elementor-widget-divider\" data-id=\"1beeab5\" data-element_type=\"widget\" data-widget_type=\"divider.default\">\n\t\t\t\t<div class=\"elementor-widget-container\">\n\t\t\t\t\t\t\t<div class=\"elementor-divider\">\n\t\t\t<span class=\"elementor-divider-separator\">\n\t\t\t\t\t\t<\/span>\n\t\t<\/div>\n\t\t\t\t\t\t<\/div>\n\t\t\t\t<\/div>\n\t\t\t\t<\/div>\n\t\t\t\t<div class=\"elementor-element elementor-element-1b68cd0 elementor-widget elementor-widget-text-editor\" data-id=\"1b68cd0\" data-element_type=\"widget\" data-widget_type=\"text-editor.default\">\n\t\t\t\t<div class=\"elementor-widget-container\">\n\t\t\t\t\t\t\t\t\t<p>Les massages \u00e9rotiques pour couples \u00e0 Madrid repr\u00e9sentent une exp\u00e9rience sensorielle unique con\u00e7ue pour renforcer l&rsquo;intimit\u00e9 et les liens \u00e9motionnels. Dans un environnement soigneusement pr\u00e9par\u00e9 avec un \u00e9clairage tamis\u00e9, des huiles aromatiques et une musique douce, les couples peuvent se laisser aller \u00e0 une connexion plus profonde par le biais de caresses et de pressions douces. <\/p><p> <\/p><p>Au-del\u00e0 du plaisir physique, ces massages ne se limitent pas au sexe, mais \u00e9veillent la sensibilit\u00e9 et renforcent la complicit\u00e9. La synchronisation de la respiration et du rythme cardiaque permet aux deux partenaires de se plonger dans un \u00e9tat d&rsquo;harmonie et de d\u00e9couvrir ensemble de nouvelles dimensions du plaisir. <\/p><p> <\/p><p>L&rsquo;un de ses plus grands avantages est la possibilit\u00e9 de donner et de recevoir du plaisir simultan\u00e9ment, sans qu&rsquo;il soit n\u00e9cessaire d&rsquo;avoir une exp\u00e9rience pr\u00e9alable. Plus que la technique, ce qui est essentiel, c&rsquo;est la tendresse, le respect et la connexion mutuelle. C&rsquo;est un jeu d&rsquo;exploration o\u00f9 la peau devient un langage d&rsquo;amour et de d\u00e9sir.  <\/p><p> <\/p><p>Pour ceux qui cherchent \u00e0 raviver la passion et \u00e0 sortir de la routine, un massage \u00e9rotique pour couple est une aventure exaltante. \u00c9teignez le monde ext\u00e9rieur et concentrez-vous l&rsquo;un sur l&rsquo;autre, en laissant vos mains exprimer ce que les mots ne peuvent pas toujours dire. <\/p>\t\t\t\t\t\t\t\t<\/div>\n\t\t\t\t<\/div>\n\t\t\t\t<\/div>\n\t\t<div class=\"elementor-element elementor-element-5120320 e-con-full e-flex e-con e-child\" data-id=\"5120320\" data-element_type=\"container\">\n\t\t\t\t<div class=\"elementor-element elementor-element-d17e30c elementor-widget elementor-widget-heading\" data-id=\"d17e30c\" data-element_type=\"widget\" data-widget_type=\"heading.default\">\n\t\t\t\t<div class=\"elementor-widget-container\">\n\t\t\t\t\t<h3 class=\"elementor-heading-title elementor-size-default\">La connexion, l'art v\u00e9ritable du massage en couple\n<\/h3>\t\t\t\t<\/div>\n\t\t\t\t<\/div>\n\t\t\t\t<div class=\"elementor-element elementor-element-4be2219 elementor-widget elementor-widget-text-editor\" data-id=\"4be2219\" data-element_type=\"widget\" data-widget_type=\"text-editor.default\">\n\t\t\t\t<div class=\"elementor-widget-container\">\n\t\t\t\t\t\t\t\t\t<p>Dans un <strong>massage \u00e9rotique en couple<\/strong>, la connexion \u00e9motionnelle est l&rsquo;\u00e2me de l&rsquo;exp\u00e9rience. Au-del\u00e0 de la technique, ce qui compte, c&rsquo;est la complicit\u00e9, le respect et la tendresse partag\u00e9s. C&rsquo;est un instant o\u00f9 le temps s&rsquo;arr\u00eate et o\u00f9 le couple est plong\u00e9 dans un univers de caresses, de sensations et d&rsquo;\u00e9motions.  <\/p><p> <\/p><p>Pour ceux qui n&rsquo;ont jamais explor\u00e9 cette forme d&rsquo;intimit\u00e9, c&rsquo;est l&rsquo;occasion r\u00eav\u00e9e de d\u00e9couvrir de nouvelles fa\u00e7ons de donner et de recevoir du plaisir ensemble. Dans un environnement soigneusement con\u00e7u avec un \u00e9clairage doux, des huiles aromatiques et une m\u00e9lodie enveloppante, chaque toucher et chaque chuchotement renforcent l&rsquo;union et \u00e9veillent les sens. <\/p><p> <\/p><p>L&rsquo;essentiel est de faire abstraction du monde ext\u00e9rieur et de se concentrer exclusivement sur l&rsquo;autre. La synchronisation de la respiration et des battements de c\u0153ur approfondit la connexion, cr\u00e9ant une harmonie o\u00f9 le plaisir devient un langage silencieux. <\/p><p> <\/p><p>La particularit\u00e9 de ce massage r\u00e9side dans l&rsquo;abandon mutuel : chacun devient \u00e0 la fois donneur et receveur de plaisir, sans qu&rsquo;aucune connaissance pr\u00e9alable ne soit n\u00e9cessaire. Ici, l&rsquo;intention et la passion surpassent toute technique, transformant chaque instant en un voyage sensoriel unique et profond\u00e9ment enrichissant. <\/p>\t\t\t\t\t\t\t\t<\/div>\n\t\t\t\t<\/div>\n\t\t\t\t<\/div>\n\t\t\t\t\t<\/div>\n\t\t\t\t<\/div>\n\t\t\t\t<\/div>\n\t\t","protected":false},"excerpt":{"rendered":"<p>Massages pour couples \u00e0 Madrid D\u00e9couvrez le plaisir en couple \u00e0 Sense Madrid Si vous \u00eates \u00e0 la recherche d&rsquo;une exp\u00e9rience \u00e9rotique inoubliable \u00e0 Madrid, Sense est l&rsquo;endroit id\u00e9al. Que ce soit pour surprendre votre partenaire avec un cadeau exclusif ou pour explorer ensemble de nouvelles fa\u00e7ons d&rsquo;\u00e9veiller la passion, notre massage \u00e9rotique pour couples [&hellip;]<\/p>\n","protected":false},"author":1,"featured_media":0,"parent":0,"menu_order":0,"comment_status":"closed","ping_status":"closed","template":"elementor_header_footer","meta":{"footnotes":""},"class_list":["post-1444","page","type-page","status-publish","hentry"],"_links":{"self":[{"href":"https:\/\/senseexperience.es\/fr\/wp-json\/wp\/v2\/pages\/1444","targetHints":{"allow":["GET"]}}],"collection":[{"href":"https:\/\/senseexperience.es\/fr\/wp-json\/wp\/v2\/pages"}],"about":[{"href":"https:\/\/senseexperience.es\/fr\/wp-json\/wp\/v2\/types\/page"}],"author":[{"embeddable":true,"href":"https:\/\/senseexperience.es\/fr\/wp-json\/wp\/v2\/users\/1"}],"replies":[{"embeddable":true,"href":"https:\/\/senseexperience.es\/fr\/wp-json\/wp\/v2\/comments?post=1444"}],"version-history":[{"count":1,"href":"https:\/\/senseexperience.es\/fr\/wp-json\/wp\/v2\/pages\/1444\/revisions"}],"predecessor-version":[{"id":1446,"href":"https:\/\/senseexperience.es\/fr\/wp-json\/wp\/v2\/pages\/1444\/revisions\/1446"}],"wp:attachment":[{"href":"https:\/\/senseexperience.es\/fr\/wp-json\/wp\/v2\/media?parent=1444"}],"curies":[{"name":"wp","href":"https:\/\/api.w.org\/{rel}","templated":true}]}}