{"id":1437,"date":"2025-02-17T02:28:37","date_gmt":"2025-02-17T02:28:37","guid":{"rendered":"https:\/\/senseexperience.es\/tiago\/"},"modified":"2025-02-27T18:36:36","modified_gmt":"2025-02-27T18:36:36","slug":"tiago","status":"publish","type":"page","link":"https:\/\/senseexperience.es\/fr\/tiago\/","title":{"rendered":"Tiago"},"content":{"rendered":"\t\t<div data-elementor-type=\"wp-page\" data-elementor-id=\"1437\" class=\"elementor elementor-1437 elementor-311\" data-elementor-post-type=\"page\">\n\t\t\t\t<div class=\"elementor-element elementor-element-f33ac35 e-flex e-con-boxed e-con e-parent\" data-id=\"f33ac35\" data-element_type=\"container\">\n\t\t\t\t\t<div class=\"e-con-inner\">\n\t\t<div class=\"elementor-element elementor-element-c3502b2 e-con-full e-flex e-con e-child\" data-id=\"c3502b2\" data-element_type=\"container\">\n\t\t\t\t<div class=\"elementor-element elementor-element-138abc4 elementor-widget elementor-widget-heading\" data-id=\"138abc4\" data-element_type=\"widget\" data-widget_type=\"heading.default\">\n\t\t\t\t<div class=\"elementor-widget-container\">\n\t\t\t\t\t<h3 class=\"elementor-heading-title elementor-size-default\">Tiago<\/h3>\t\t\t\t<\/div>\n\t\t\t\t<\/div>\n\t\t\t\t<div class=\"elementor-element elementor-element-67fced6 elementor-widget-divider--view-line elementor-widget elementor-widget-divider\" data-id=\"67fced6\" data-element_type=\"widget\" data-widget_type=\"divider.default\">\n\t\t\t\t<div class=\"elementor-widget-container\">\n\t\t\t\t\t\t\t<div class=\"elementor-divider\">\n\t\t\t<span class=\"elementor-divider-separator\">\n\t\t\t\t\t\t<\/span>\n\t\t<\/div>\n\t\t\t\t\t\t<\/div>\n\t\t\t\t<\/div>\n\t\t<div class=\"elementor-element elementor-element-61806a2 e-con-full e-flex e-con e-child\" data-id=\"61806a2\" data-element_type=\"container\">\n\t\t\t\t<div class=\"elementor-element elementor-element-47a2428 elementor-widget elementor-widget-image\" data-id=\"47a2428\" data-element_type=\"widget\" data-widget_type=\"image.default\">\n\t\t\t\t<div class=\"elementor-widget-container\">\n\t\t\t\t\t\t\t\t\t\t\t\t\t\t\t<img fetchpriority=\"high\" decoding=\"async\" width=\"683\" height=\"1024\" src=\"https:\/\/senseexperience.es\/wp-content\/uploads\/2025\/02\/tia1-683x1024.webp\" class=\"attachment-large size-large wp-image-1070\" alt=\"\" srcset=\"https:\/\/senseexperience.es\/wp-content\/uploads\/2025\/02\/tia1-683x1024.webp 683w, https:\/\/senseexperience.es\/wp-content\/uploads\/2025\/02\/tia1-200x300.webp 200w, https:\/\/senseexperience.es\/wp-content\/uploads\/2025\/02\/tia1-768x1151.webp 768w, https:\/\/senseexperience.es\/wp-content\/uploads\/2025\/02\/tia1.webp 800w\" sizes=\"(max-width: 683px) 100vw, 683px\" \/>\t\t\t\t\t\t\t\t\t\t\t\t\t\t\t<\/div>\n\t\t\t\t<\/div>\n\t\t\t\t<div class=\"elementor-element elementor-element-2e981e1 elementor-widget elementor-widget-image\" data-id=\"2e981e1\" data-element_type=\"widget\" data-widget_type=\"image.default\">\n\t\t\t\t<div class=\"elementor-widget-container\">\n\t\t\t\t\t\t\t\t\t\t\t\t\t\t\t<img decoding=\"async\" width=\"683\" height=\"1024\" src=\"https:\/\/senseexperience.es\/wp-content\/uploads\/2025\/02\/tia2-683x1024.webp\" class=\"attachment-large size-large wp-image-1074\" alt=\"\" srcset=\"https:\/\/senseexperience.es\/wp-content\/uploads\/2025\/02\/tia2-683x1024.webp 683w, https:\/\/senseexperience.es\/wp-content\/uploads\/2025\/02\/tia2-200x300.webp 200w, https:\/\/senseexperience.es\/wp-content\/uploads\/2025\/02\/tia2-768x1151.webp 768w, https:\/\/senseexperience.es\/wp-content\/uploads\/2025\/02\/tia2.webp 800w\" sizes=\"(max-width: 683px) 100vw, 683px\" \/>\t\t\t\t\t\t\t\t\t\t\t\t\t\t\t<\/div>\n\t\t\t\t<\/div>\n\t\t\t\t<div class=\"elementor-element elementor-element-ad8f098 elementor-widget elementor-widget-image\" data-id=\"ad8f098\" data-element_type=\"widget\" data-widget_type=\"image.default\">\n\t\t\t\t<div class=\"elementor-widget-container\">\n\t\t\t\t\t\t\t\t\t\t\t\t\t\t\t<img decoding=\"async\" width=\"683\" height=\"1024\" src=\"https:\/\/senseexperience.es\/wp-content\/uploads\/2025\/02\/tia3-683x1024.webp\" class=\"attachment-large size-large wp-image-1078\" alt=\"\" srcset=\"https:\/\/senseexperience.es\/wp-content\/uploads\/2025\/02\/tia3-683x1024.webp 683w, https:\/\/senseexperience.es\/wp-content\/uploads\/2025\/02\/tia3-200x300.webp 200w, https:\/\/senseexperience.es\/wp-content\/uploads\/2025\/02\/tia3-768x1151.webp 768w, https:\/\/senseexperience.es\/wp-content\/uploads\/2025\/02\/tia3.webp 800w\" sizes=\"(max-width: 683px) 100vw, 683px\" \/>\t\t\t\t\t\t\t\t\t\t\t\t\t\t\t<\/div>\n\t\t\t\t<\/div>\n\t\t\t\t<div class=\"elementor-element elementor-element-0750fd0 elementor-widget elementor-widget-image\" data-id=\"0750fd0\" data-element_type=\"widget\" data-widget_type=\"image.default\">\n\t\t\t\t<div class=\"elementor-widget-container\">\n\t\t\t\t\t\t\t\t\t\t\t\t\t\t\t<img loading=\"lazy\" decoding=\"async\" width=\"683\" height=\"1024\" src=\"https:\/\/senseexperience.es\/wp-content\/uploads\/2025\/02\/tia4-683x1024.webp\" class=\"attachment-large size-large wp-image-1082\" alt=\"\" srcset=\"https:\/\/senseexperience.es\/wp-content\/uploads\/2025\/02\/tia4-683x1024.webp 683w, https:\/\/senseexperience.es\/wp-content\/uploads\/2025\/02\/tia4-200x300.webp 200w, https:\/\/senseexperience.es\/wp-content\/uploads\/2025\/02\/tia4-768x1151.webp 768w, https:\/\/senseexperience.es\/wp-content\/uploads\/2025\/02\/tia4.webp 800w\" sizes=\"(max-width: 683px) 100vw, 683px\" \/>\t\t\t\t\t\t\t\t\t\t\t\t\t\t\t<\/div>\n\t\t\t\t<\/div>\n\t\t\t\t<\/div>\n\t\t\t\t<div class=\"elementor-element elementor-element-2f384f0 elementor-widget elementor-widget-text-editor\" data-id=\"2f384f0\" data-element_type=\"widget\" data-widget_type=\"text-editor.default\">\n\t\t\t\t<div class=\"elementor-widget-container\">\n\t\t\t\t\t\t\t\t\t<div id=\"jw-element-421755118\" class=\"jw-tree-node jw-element jw-image-text\" data-jw-element-id=\"421755118\"><div class=\"jw-element-imagetext-text\"><div id=\"jw-element-421759247\" class=\"jw-tree-node jw-element jw-image-text\" data-jw-element-id=\"421759247\"><div class=\"jw-element-imagetext-text\"><p>Masseur br\u00e9silien exclusif et irr\u00e9sistible, expert en massages sensoriels et \u00e9rotiques<strong> pour femmes et couples.<\/strong> Vous serez surpris par la r\u00e9action de votre corps \u00e0 son toucher s\u00e9duisant.<\/p><p> <\/p><p>Elle ma\u00eetrise le <strong>massage<\/strong> tantrique et<strong> \u00e9rotique<\/strong> comme personne d&rsquo;autre, elle conna\u00eet la sexualit\u00e9 f\u00e9minine \u00e0 la perfection et a un talent particulier pour faire vibrer chaque recoin de votre corps \u00e0 chaque contact. Avec son physique spectaculaire model\u00e9 par les dieux, son visage viril, son regard intense et ses l\u00e8vres sensuelles, elle vous captivera d\u00e8s le premier instant. Laissez ses mains exp\u00e9riment\u00e9es, \u00e0 la fois fortes et douces sur votre corps, vous guider dans chaque caresse vers un plaisir que vous ne pouvez m\u00eame pas imaginer.  <\/p><p> <\/p><p>Vous ne trouverez pas de masseuse de sa qualit\u00e9. Classe et distinction associ\u00e9es \u00e0 la s\u00e9duction, \u00e0 la sensualit\u00e9 et \u00e0 l&rsquo;\u00e9rotisme. Essayez le luxe d&rsquo;une de ses exp\u00e9riences et abandonnez-vous au plaisir.  <\/p><\/div><\/div><\/div><\/div>\t\t\t\t\t\t\t\t<\/div>\n\t\t\t\t<\/div>\n\t\t\t\t<\/div>\n\t\t\t\t\t<\/div>\n\t\t\t\t<\/div>\n\t\t\t\t<\/div>\n\t\t","protected":false},"excerpt":{"rendered":"<p>Tiago Masseur br\u00e9silien exclusif et irr\u00e9sistible, expert en massages sensoriels et \u00e9rotiques pour femmes et couples. Vous serez surpris par la r\u00e9action de votre corps \u00e0 son toucher s\u00e9duisant. Elle ma\u00eetrise le massage tantrique et \u00e9rotique comme personne d&rsquo;autre, elle conna\u00eet la sexualit\u00e9 f\u00e9minine \u00e0 la perfection et a un talent particulier pour faire vibrer [&hellip;]<\/p>\n","protected":false},"author":1,"featured_media":0,"parent":0,"menu_order":0,"comment_status":"closed","ping_status":"closed","template":"elementor_header_footer","meta":{"footnotes":""},"class_list":["post-1437","page","type-page","status-publish","hentry"],"_links":{"self":[{"href":"https:\/\/senseexperience.es\/fr\/wp-json\/wp\/v2\/pages\/1437","targetHints":{"allow":["GET"]}}],"collection":[{"href":"https:\/\/senseexperience.es\/fr\/wp-json\/wp\/v2\/pages"}],"about":[{"href":"https:\/\/senseexperience.es\/fr\/wp-json\/wp\/v2\/types\/page"}],"author":[{"embeddable":true,"href":"https:\/\/senseexperience.es\/fr\/wp-json\/wp\/v2\/users\/1"}],"replies":[{"embeddable":true,"href":"https:\/\/senseexperience.es\/fr\/wp-json\/wp\/v2\/comments?post=1437"}],"version-history":[{"count":1,"href":"https:\/\/senseexperience.es\/fr\/wp-json\/wp\/v2\/pages\/1437\/revisions"}],"predecessor-version":[{"id":1439,"href":"https:\/\/senseexperience.es\/fr\/wp-json\/wp\/v2\/pages\/1437\/revisions\/1439"}],"wp:attachment":[{"href":"https:\/\/senseexperience.es\/fr\/wp-json\/wp\/v2\/media?parent=1437"}],"curies":[{"name":"wp","href":"https:\/\/api.w.org\/{rel}","templated":true}]}}