{"id":1418,"date":"2025-02-17T02:22:26","date_gmt":"2025-02-17T02:22:26","guid":{"rendered":"https:\/\/senseexperience.es\/sol\/"},"modified":"2025-05-03T13:29:49","modified_gmt":"2025-05-03T13:29:49","slug":"sol","status":"publish","type":"page","link":"https:\/\/senseexperience.es\/fr\/sol\/","title":{"rendered":"Sol"},"content":{"rendered":"\t\t<div data-elementor-type=\"wp-page\" data-elementor-id=\"1418\" class=\"elementor elementor-1418 elementor-278\" data-elementor-post-type=\"page\">\n\t\t\t\t<div class=\"elementor-element elementor-element-d153064 e-flex e-con-boxed e-con e-parent\" data-id=\"d153064\" data-element_type=\"container\">\n\t\t\t\t\t<div class=\"e-con-inner\">\n\t\t<div class=\"elementor-element elementor-element-a95da1a e-con-full e-flex e-con e-child\" data-id=\"a95da1a\" data-element_type=\"container\">\n\t\t\t\t<div class=\"elementor-element elementor-element-06596af elementor-widget elementor-widget-heading\" data-id=\"06596af\" data-element_type=\"widget\" data-widget_type=\"heading.default\">\n\t\t\t\t<div class=\"elementor-widget-container\">\n\t\t\t\t\t<h3 class=\"elementor-heading-title elementor-size-default\">Sol<\/h3>\t\t\t\t<\/div>\n\t\t\t\t<\/div>\n\t\t\t\t<div class=\"elementor-element elementor-element-c88398c elementor-widget-divider--view-line elementor-widget elementor-widget-divider\" data-id=\"c88398c\" data-element_type=\"widget\" data-widget_type=\"divider.default\">\n\t\t\t\t<div class=\"elementor-widget-container\">\n\t\t\t\t\t\t\t<div class=\"elementor-divider\">\n\t\t\t<span class=\"elementor-divider-separator\">\n\t\t\t\t\t\t<\/span>\n\t\t<\/div>\n\t\t\t\t\t\t<\/div>\n\t\t\t\t<\/div>\n\t\t<div class=\"elementor-element elementor-element-fa80886 e-con-full e-flex e-con e-child\" data-id=\"fa80886\" data-element_type=\"container\">\n\t\t\t\t<div class=\"elementor-element elementor-element-bdbd354 elementor-widget__width-initial elementor-widget-mobile__width-initial elementor-widget elementor-widget-image\" data-id=\"bdbd354\" data-element_type=\"widget\" data-widget_type=\"image.default\">\n\t\t\t\t<div class=\"elementor-widget-container\">\n\t\t\t\t\t\t\t\t\t\t\t\t\t\t\t<img fetchpriority=\"high\" decoding=\"async\" width=\"1018\" height=\"1252\" src=\"https:\/\/senseexperience.es\/wp-content\/uploads\/2025\/05\/c948b32e-812e-4eca-b00e-b920851599f3-1.jpg\" class=\"attachment-full size-full wp-image-2381\" alt=\"Masaje erotico madrid\" srcset=\"https:\/\/senseexperience.es\/wp-content\/uploads\/2025\/05\/c948b32e-812e-4eca-b00e-b920851599f3-1.jpg 1018w, https:\/\/senseexperience.es\/wp-content\/uploads\/2025\/05\/c948b32e-812e-4eca-b00e-b920851599f3-1-244x300.jpg 244w, https:\/\/senseexperience.es\/wp-content\/uploads\/2025\/05\/c948b32e-812e-4eca-b00e-b920851599f3-1-833x1024.jpg 833w, https:\/\/senseexperience.es\/wp-content\/uploads\/2025\/05\/c948b32e-812e-4eca-b00e-b920851599f3-1-768x945.jpg 768w\" sizes=\"(max-width: 1018px) 100vw, 1018px\" \/>\t\t\t\t\t\t\t\t\t\t\t\t\t\t\t<\/div>\n\t\t\t\t<\/div>\n\t\t\t\t<div class=\"elementor-element elementor-element-6cd6e3c elementor-widget__width-initial elementor-widget-mobile__width-initial elementor-widget elementor-widget-image\" data-id=\"6cd6e3c\" data-element_type=\"widget\" data-widget_type=\"image.default\">\n\t\t\t\t<div class=\"elementor-widget-container\">\n\t\t\t\t\t\t\t\t\t\t\t\t\t\t\t<img decoding=\"async\" width=\"1013\" height=\"1137\" src=\"https:\/\/senseexperience.es\/wp-content\/uploads\/2025\/05\/ea0cafca-97c4-4791-98fd-018e39eaed24-1.jpg\" class=\"attachment-full size-full wp-image-2386\" alt=\"Masaje erotico madrid\" srcset=\"https:\/\/senseexperience.es\/wp-content\/uploads\/2025\/05\/ea0cafca-97c4-4791-98fd-018e39eaed24-1.jpg 1013w, https:\/\/senseexperience.es\/wp-content\/uploads\/2025\/05\/ea0cafca-97c4-4791-98fd-018e39eaed24-1-267x300.jpg 267w, https:\/\/senseexperience.es\/wp-content\/uploads\/2025\/05\/ea0cafca-97c4-4791-98fd-018e39eaed24-1-912x1024.jpg 912w, https:\/\/senseexperience.es\/wp-content\/uploads\/2025\/05\/ea0cafca-97c4-4791-98fd-018e39eaed24-1-768x862.jpg 768w\" sizes=\"(max-width: 1013px) 100vw, 1013px\" \/>\t\t\t\t\t\t\t\t\t\t\t\t\t\t\t<\/div>\n\t\t\t\t<\/div>\n\t\t\t\t<div class=\"elementor-element elementor-element-e46a27a elementor-widget elementor-widget-image\" data-id=\"e46a27a\" data-element_type=\"widget\" data-widget_type=\"image.default\">\n\t\t\t\t<div class=\"elementor-widget-container\">\n\t\t\t\t\t\t\t\t\t\t\t\t\t\t\t<img decoding=\"async\" width=\"685\" height=\"1024\" src=\"https:\/\/senseexperience.es\/wp-content\/uploads\/2025\/02\/sol1-685x1024.webp\" class=\"attachment-large size-large wp-image-990\" alt=\"\" srcset=\"https:\/\/senseexperience.es\/wp-content\/uploads\/2025\/02\/sol1-685x1024.webp 685w, https:\/\/senseexperience.es\/wp-content\/uploads\/2025\/02\/sol1-201x300.webp 201w, https:\/\/senseexperience.es\/wp-content\/uploads\/2025\/02\/sol1-768x1148.webp 768w, https:\/\/senseexperience.es\/wp-content\/uploads\/2025\/02\/sol1.webp 800w\" sizes=\"(max-width: 685px) 100vw, 685px\" \/>\t\t\t\t\t\t\t\t\t\t\t\t\t\t\t<\/div>\n\t\t\t\t<\/div>\n\t\t\t\t<div class=\"elementor-element elementor-element-363968d elementor-widget elementor-widget-image\" data-id=\"363968d\" data-element_type=\"widget\" data-widget_type=\"image.default\">\n\t\t\t\t<div class=\"elementor-widget-container\">\n\t\t\t\t\t\t\t\t\t\t\t\t\t\t\t<img loading=\"lazy\" decoding=\"async\" width=\"685\" height=\"1024\" src=\"https:\/\/senseexperience.es\/wp-content\/uploads\/2025\/02\/sol3-685x1024.webp\" class=\"attachment-large size-large wp-image-998\" alt=\"\" srcset=\"https:\/\/senseexperience.es\/wp-content\/uploads\/2025\/02\/sol3-685x1024.webp 685w, https:\/\/senseexperience.es\/wp-content\/uploads\/2025\/02\/sol3-201x300.webp 201w, https:\/\/senseexperience.es\/wp-content\/uploads\/2025\/02\/sol3-768x1148.webp 768w, https:\/\/senseexperience.es\/wp-content\/uploads\/2025\/02\/sol3.webp 800w\" sizes=\"(max-width: 685px) 100vw, 685px\" \/>\t\t\t\t\t\t\t\t\t\t\t\t\t\t\t<\/div>\n\t\t\t\t<\/div>\n\t\t\t\t<\/div>\n\t\t\t\t<div class=\"elementor-element elementor-element-5fb3480 elementor-widget elementor-widget-text-editor\" data-id=\"5fb3480\" data-element_type=\"widget\" data-widget_type=\"text-editor.default\">\n\t\t\t\t<div class=\"elementor-widget-container\">\n\t\t\t\t\t\t\t\t\t<div id=\"jw-element-421755118\" class=\"jw-tree-node jw-element jw-image-text\" data-jw-element-id=\"421755118\"><div class=\"jw-element-imagetext-text\"><div id=\"jw-element-421759247\" class=\"jw-tree-node jw-element jw-image-text\" data-jw-element-id=\"421759247\"><div class=\"jw-element-imagetext-text\"><p>Exquise et \u00e9blouissante masseuse \u00e9rotique br\u00e9silienne.<\/p><p> <\/p><p>Ses massages sont con\u00e7us pour enflammer vos d\u00e9sirs les plus profonds et vous apporter une satisfaction incomparable. Elle vous enveloppera de son aura d&rsquo;\u00e9rotisme chaud et intense et entre ses mains vous trouverez d\u00e9tente et plaisir. <\/p><p> <\/p><p>Laissez-la vous guider dans un voyage o\u00f9 chaque contact de ses mains est un t\u00e9moignage de son exp\u00e9rience et de sa sensualit\u00e9.  <\/p><p> <\/p><p>Pr\u00e9parez-vous \u00e0 vivre avec elle un moment <span class=\"\" lang=\"es\">unique qui \u00e9veillera lentement vos sens.<\/span><\/p><\/div><\/div><\/div><\/div>\t\t\t\t\t\t\t\t<\/div>\n\t\t\t\t<\/div>\n\t\t\t\t<\/div>\n\t\t\t\t\t<\/div>\n\t\t\t\t<\/div>\n\t\t\t\t<\/div>\n\t\t","protected":false},"excerpt":{"rendered":"<p>Sol Exquise et \u00e9blouissante masseuse \u00e9rotique br\u00e9silienne. Ses massages sont con\u00e7us pour enflammer vos d\u00e9sirs les plus profonds et vous apporter une satisfaction incomparable. Elle vous enveloppera de son aura d&rsquo;\u00e9rotisme chaud et intense et entre ses mains vous trouverez d\u00e9tente et plaisir. Laissez-la vous guider dans un voyage o\u00f9 chaque contact de ses mains [&hellip;]<\/p>\n","protected":false},"author":1,"featured_media":0,"parent":0,"menu_order":0,"comment_status":"closed","ping_status":"closed","template":"elementor_header_footer","meta":{"footnotes":""},"class_list":["post-1418","page","type-page","status-publish","hentry"],"_links":{"self":[{"href":"https:\/\/senseexperience.es\/fr\/wp-json\/wp\/v2\/pages\/1418","targetHints":{"allow":["GET"]}}],"collection":[{"href":"https:\/\/senseexperience.es\/fr\/wp-json\/wp\/v2\/pages"}],"about":[{"href":"https:\/\/senseexperience.es\/fr\/wp-json\/wp\/v2\/types\/page"}],"author":[{"embeddable":true,"href":"https:\/\/senseexperience.es\/fr\/wp-json\/wp\/v2\/users\/1"}],"replies":[{"embeddable":true,"href":"https:\/\/senseexperience.es\/fr\/wp-json\/wp\/v2\/comments?post=1418"}],"version-history":[{"count":7,"href":"https:\/\/senseexperience.es\/fr\/wp-json\/wp\/v2\/pages\/1418\/revisions"}],"predecessor-version":[{"id":2439,"href":"https:\/\/senseexperience.es\/fr\/wp-json\/wp\/v2\/pages\/1418\/revisions\/2439"}],"wp:attachment":[{"href":"https:\/\/senseexperience.es\/fr\/wp-json\/wp\/v2\/media?parent=1418"}],"curies":[{"name":"wp","href":"https:\/\/api.w.org\/{rel}","templated":true}]}}