{"id":1410,"date":"2025-02-17T02:23:11","date_gmt":"2025-02-17T02:23:11","guid":{"rendered":"https:\/\/senseexperience.es\/ximena\/"},"modified":"2025-03-11T12:48:28","modified_gmt":"2025-03-11T12:48:28","slug":"ximena","status":"publish","type":"page","link":"https:\/\/senseexperience.es\/fr\/ximena\/","title":{"rendered":"Ximena"},"content":{"rendered":"\t\t<div data-elementor-type=\"wp-page\" data-elementor-id=\"1410\" class=\"elementor elementor-1410 elementor-283\" data-elementor-post-type=\"page\">\n\t\t\t\t<div class=\"elementor-element elementor-element-e4abe30 e-flex e-con-boxed e-con e-parent\" data-id=\"e4abe30\" data-element_type=\"container\">\n\t\t\t\t\t<div class=\"e-con-inner\">\n\t\t<div class=\"elementor-element elementor-element-b948e1d e-con-full e-flex e-con e-child\" data-id=\"b948e1d\" data-element_type=\"container\">\n\t\t\t\t<div class=\"elementor-element elementor-element-bddc99c elementor-widget elementor-widget-heading\" data-id=\"bddc99c\" data-element_type=\"widget\" data-widget_type=\"heading.default\">\n\t\t\t\t<div class=\"elementor-widget-container\">\n\t\t\t\t\t<h3 class=\"elementor-heading-title elementor-size-default\">Ximena<\/h3>\t\t\t\t<\/div>\n\t\t\t\t<\/div>\n\t\t\t\t<div class=\"elementor-element elementor-element-3ac6747 elementor-widget-divider--view-line elementor-widget elementor-widget-divider\" data-id=\"3ac6747\" data-element_type=\"widget\" data-widget_type=\"divider.default\">\n\t\t\t\t<div class=\"elementor-widget-container\">\n\t\t\t\t\t\t\t<div class=\"elementor-divider\">\n\t\t\t<span class=\"elementor-divider-separator\">\n\t\t\t\t\t\t<\/span>\n\t\t<\/div>\n\t\t\t\t\t\t<\/div>\n\t\t\t\t<\/div>\n\t\t<div class=\"elementor-element elementor-element-dd6294b e-con-full e-flex e-con e-child\" data-id=\"dd6294b\" data-element_type=\"container\">\n\t\t\t\t<div class=\"elementor-element elementor-element-d56cbe6 elementor-widget elementor-widget-image\" data-id=\"d56cbe6\" data-element_type=\"widget\" data-widget_type=\"image.default\">\n\t\t\t\t<div class=\"elementor-widget-container\">\n\t\t\t\t\t\t\t\t\t\t\t\t\t\t\t<img fetchpriority=\"high\" decoding=\"async\" width=\"685\" height=\"1024\" src=\"https:\/\/senseexperience.es\/wp-content\/uploads\/2025\/02\/xi1-685x1024.webp\" class=\"attachment-large size-large wp-image-1006\" alt=\"\" srcset=\"https:\/\/senseexperience.es\/wp-content\/uploads\/2025\/02\/xi1-685x1024.webp 685w, https:\/\/senseexperience.es\/wp-content\/uploads\/2025\/02\/xi1-201x300.webp 201w, https:\/\/senseexperience.es\/wp-content\/uploads\/2025\/02\/xi1-768x1148.webp 768w, https:\/\/senseexperience.es\/wp-content\/uploads\/2025\/02\/xi1.webp 800w\" sizes=\"(max-width: 685px) 100vw, 685px\" \/>\t\t\t\t\t\t\t\t\t\t\t\t\t\t\t<\/div>\n\t\t\t\t<\/div>\n\t\t\t\t<div class=\"elementor-element elementor-element-1bc3562 elementor-widget elementor-widget-image\" data-id=\"1bc3562\" data-element_type=\"widget\" data-widget_type=\"image.default\">\n\t\t\t\t<div class=\"elementor-widget-container\">\n\t\t\t\t\t\t\t\t\t\t\t\t\t\t\t<img decoding=\"async\" width=\"685\" height=\"1024\" src=\"https:\/\/senseexperience.es\/wp-content\/uploads\/2025\/02\/xi2-685x1024.webp\" class=\"attachment-large size-large wp-image-1010\" alt=\"\" srcset=\"https:\/\/senseexperience.es\/wp-content\/uploads\/2025\/02\/xi2-685x1024.webp 685w, https:\/\/senseexperience.es\/wp-content\/uploads\/2025\/02\/xi2-201x300.webp 201w, https:\/\/senseexperience.es\/wp-content\/uploads\/2025\/02\/xi2-768x1148.webp 768w, https:\/\/senseexperience.es\/wp-content\/uploads\/2025\/02\/xi2.webp 800w\" sizes=\"(max-width: 685px) 100vw, 685px\" \/>\t\t\t\t\t\t\t\t\t\t\t\t\t\t\t<\/div>\n\t\t\t\t<\/div>\n\t\t\t\t<div class=\"elementor-element elementor-element-84c7f49 elementor-widget elementor-widget-image\" data-id=\"84c7f49\" data-element_type=\"widget\" data-widget_type=\"image.default\">\n\t\t\t\t<div class=\"elementor-widget-container\">\n\t\t\t\t\t\t\t\t\t\t\t\t\t\t\t<img decoding=\"async\" width=\"683\" height=\"1024\" src=\"https:\/\/senseexperience.es\/wp-content\/uploads\/2025\/03\/DSC06360-683x1024.jpg\" class=\"attachment-large size-large wp-image-1987\" alt=\"Masaje erotico madrid\" srcset=\"https:\/\/senseexperience.es\/wp-content\/uploads\/2025\/03\/DSC06360-683x1024.jpg 683w, https:\/\/senseexperience.es\/wp-content\/uploads\/2025\/03\/DSC06360-200x300.jpg 200w, https:\/\/senseexperience.es\/wp-content\/uploads\/2025\/03\/DSC06360-768x1152.jpg 768w, https:\/\/senseexperience.es\/wp-content\/uploads\/2025\/03\/DSC06360-1024x1536.jpg 1024w, https:\/\/senseexperience.es\/wp-content\/uploads\/2025\/03\/DSC06360-1365x2048.jpg 1365w, https:\/\/senseexperience.es\/wp-content\/uploads\/2025\/03\/DSC06360-scaled.jpg 1707w\" sizes=\"(max-width: 683px) 100vw, 683px\" \/>\t\t\t\t\t\t\t\t\t\t\t\t\t\t\t<\/div>\n\t\t\t\t<\/div>\n\t\t\t\t<div class=\"elementor-element elementor-element-fe4cd4c elementor-widget elementor-widget-image\" data-id=\"fe4cd4c\" data-element_type=\"widget\" data-widget_type=\"image.default\">\n\t\t\t\t<div class=\"elementor-widget-container\">\n\t\t\t\t\t\t\t\t\t\t\t\t\t\t\t<img loading=\"lazy\" decoding=\"async\" width=\"685\" height=\"1024\" src=\"https:\/\/senseexperience.es\/wp-content\/uploads\/2025\/02\/xi4-685x1024.webp\" class=\"attachment-large size-large wp-image-1018\" alt=\"\" srcset=\"https:\/\/senseexperience.es\/wp-content\/uploads\/2025\/02\/xi4-685x1024.webp 685w, https:\/\/senseexperience.es\/wp-content\/uploads\/2025\/02\/xi4-201x300.webp 201w, https:\/\/senseexperience.es\/wp-content\/uploads\/2025\/02\/xi4-768x1148.webp 768w, https:\/\/senseexperience.es\/wp-content\/uploads\/2025\/02\/xi4.webp 800w\" sizes=\"(max-width: 685px) 100vw, 685px\" \/>\t\t\t\t\t\t\t\t\t\t\t\t\t\t\t<\/div>\n\t\t\t\t<\/div>\n\t\t\t\t<\/div>\n\t\t\t\t<div class=\"elementor-element elementor-element-01904ef elementor-widget elementor-widget-text-editor\" data-id=\"01904ef\" data-element_type=\"widget\" data-widget_type=\"text-editor.default\">\n\t\t\t\t<div class=\"elementor-widget-container\">\n\t\t\t\t\t\t\t\t\t<div id=\"jw-element-421755118\" class=\"jw-tree-node jw-element jw-image-text\" data-jw-element-id=\"421755118\"><div class=\"jw-element-imagetext-text\"><div id=\"jw-element-421759247\" class=\"jw-tree-node jw-element jw-image-text\" data-jw-element-id=\"421759247\"><div class=\"jw-element-imagetext-text\"><p>Belle masseuse \u00e9rotique tantra.<\/p><p> <\/p><p>Gr\u00e2ce \u00e0 ses caresses et \u00e0 chaque contact sensuel de son corps, vous aurez l&rsquo;impression d&rsquo;\u00eatre totalement d\u00e9connect\u00e9 de la r\u00e9alit\u00e9 et elle vous emm\u00e8nera dans une dimension o\u00f9 seul le plaisir existe.<\/p><p> <\/p><p>Lors de chaque s\u00e9ance, vous vivrez un voyage sensoriel inoubliable gr\u00e2ce \u00e0 son toucher expert et \u00e0 sa capacit\u00e9 \u00e0 \u00eatre \u00e0 l&rsquo;\u00e9coute de vos besoins et de vos d\u00e9sirs.<\/p><p> <\/p><p>D\u00e9tendez-vous, fermez les yeux et laissez Ximena vous emmener au septi\u00e8me ciel.<\/p><\/div><\/div><\/div><\/div>\t\t\t\t\t\t\t\t<\/div>\n\t\t\t\t<\/div>\n\t\t\t\t<\/div>\n\t\t\t\t\t<\/div>\n\t\t\t\t<\/div>\n\t\t\t\t<\/div>\n\t\t","protected":false},"excerpt":{"rendered":"<p>Ximena Belle masseuse \u00e9rotique tantra. Gr\u00e2ce \u00e0 ses caresses et \u00e0 chaque contact sensuel de son corps, vous aurez l&rsquo;impression d&rsquo;\u00eatre totalement d\u00e9connect\u00e9 de la r\u00e9alit\u00e9 et elle vous emm\u00e8nera dans une dimension o\u00f9 seul le plaisir existe. Lors de chaque s\u00e9ance, vous vivrez un voyage sensoriel inoubliable gr\u00e2ce \u00e0 son toucher expert et \u00e0 [&hellip;]<\/p>\n","protected":false},"author":1,"featured_media":0,"parent":0,"menu_order":0,"comment_status":"closed","ping_status":"closed","template":"elementor_header_footer","meta":{"footnotes":""},"class_list":["post-1410","page","type-page","status-publish","hentry"],"_links":{"self":[{"href":"https:\/\/senseexperience.es\/fr\/wp-json\/wp\/v2\/pages\/1410","targetHints":{"allow":["GET"]}}],"collection":[{"href":"https:\/\/senseexperience.es\/fr\/wp-json\/wp\/v2\/pages"}],"about":[{"href":"https:\/\/senseexperience.es\/fr\/wp-json\/wp\/v2\/types\/page"}],"author":[{"embeddable":true,"href":"https:\/\/senseexperience.es\/fr\/wp-json\/wp\/v2\/users\/1"}],"replies":[{"embeddable":true,"href":"https:\/\/senseexperience.es\/fr\/wp-json\/wp\/v2\/comments?post=1410"}],"version-history":[{"count":2,"href":"https:\/\/senseexperience.es\/fr\/wp-json\/wp\/v2\/pages\/1410\/revisions"}],"predecessor-version":[{"id":1994,"href":"https:\/\/senseexperience.es\/fr\/wp-json\/wp\/v2\/pages\/1410\/revisions\/1994"}],"wp:attachment":[{"href":"https:\/\/senseexperience.es\/fr\/wp-json\/wp\/v2\/media?parent=1410"}],"curies":[{"name":"wp","href":"https:\/\/api.w.org\/{rel}","templated":true}]}}