{"id":5584,"date":"2025-08-07T14:56:02","date_gmt":"2025-08-07T14:56:02","guid":{"rendered":"https:\/\/senseexperience.es\/lia\/"},"modified":"2026-02-04T07:56:08","modified_gmt":"2026-02-04T07:56:08","slug":"lia","status":"publish","type":"page","link":"https:\/\/senseexperience.es\/en\/lia\/","title":{"rendered":"Lia"},"content":{"rendered":"\t\t<div data-elementor-type=\"wp-page\" data-elementor-id=\"5584\" class=\"elementor elementor-5584 elementor-4358\" data-elementor-post-type=\"page\">\n\t\t\t\t<div class=\"elementor-element elementor-element-611a3cb e-flex e-con-boxed e-con e-parent\" data-id=\"611a3cb\" data-element_type=\"container\">\n\t\t\t\t\t<div class=\"e-con-inner\">\n\t\t<div class=\"elementor-element elementor-element-e56f7a0 e-con-full e-flex e-con e-child\" data-id=\"e56f7a0\" data-element_type=\"container\">\n\t\t\t\t<div class=\"elementor-element elementor-element-f4578ae elementor-widget elementor-widget-heading\" data-id=\"f4578ae\" data-element_type=\"widget\" data-widget_type=\"heading.default\">\n\t\t\t\t<div class=\"elementor-widget-container\">\n\t\t\t\t\t<h3 class=\"elementor-heading-title elementor-size-default\">Lia \ud83c\udde8\ud83c\uddf4<\/h3>\t\t\t\t<\/div>\n\t\t\t\t<\/div>\n\t\t\t\t<div class=\"elementor-element elementor-element-de0c499 elementor-widget-divider--view-line elementor-widget elementor-widget-divider\" data-id=\"de0c499\" data-element_type=\"widget\" data-widget_type=\"divider.default\">\n\t\t\t\t<div class=\"elementor-widget-container\">\n\t\t\t\t\t\t\t<div class=\"elementor-divider\">\n\t\t\t<span class=\"elementor-divider-separator\">\n\t\t\t\t\t\t<\/span>\n\t\t<\/div>\n\t\t\t\t\t\t<\/div>\n\t\t\t\t<\/div>\n\t\t<div class=\"elementor-element elementor-element-cf0e39c e-con-full e-flex e-con e-child\" data-id=\"cf0e39c\" data-element_type=\"container\">\n\t\t\t\t<div class=\"elementor-element elementor-element-016d182 elementor-widget elementor-widget-image\" data-id=\"016d182\" data-element_type=\"widget\" data-widget_type=\"image.default\">\n\t\t\t\t<div class=\"elementor-widget-container\">\n\t\t\t\t\t\t\t\t\t\t\t\t\t\t\t<img fetchpriority=\"high\" decoding=\"async\" width=\"683\" height=\"1024\" src=\"https:\/\/senseexperience.es\/wp-content\/uploads\/2025\/12\/IMG_4055-scaled-Edited-683x1024.jpg\" class=\"attachment-large size-large wp-image-5461\" alt=\"Masajes Er\u00f3ticos Madrid para mujeres y parejas\" srcset=\"https:\/\/senseexperience.es\/wp-content\/uploads\/2025\/12\/IMG_4055-scaled-Edited-683x1024.jpg 683w, https:\/\/senseexperience.es\/wp-content\/uploads\/2025\/12\/IMG_4055-scaled-Edited-200x300.jpg 200w, https:\/\/senseexperience.es\/wp-content\/uploads\/2025\/12\/IMG_4055-scaled-Edited-768x1152.jpg 768w, https:\/\/senseexperience.es\/wp-content\/uploads\/2025\/12\/IMG_4055-scaled-Edited-1024x1536.jpg 1024w, https:\/\/senseexperience.es\/wp-content\/uploads\/2025\/12\/IMG_4055-scaled-Edited-1366x2048.jpg 1366w, https:\/\/senseexperience.es\/wp-content\/uploads\/2025\/12\/IMG_4055-scaled-Edited.jpg 1707w\" sizes=\"(max-width: 683px) 100vw, 683px\" \/>\t\t\t\t\t\t\t\t\t\t\t\t\t\t\t<\/div>\n\t\t\t\t<\/div>\n\t\t\t\t<div class=\"elementor-element elementor-element-e4089c5 elementor-widget elementor-widget-image\" data-id=\"e4089c5\" data-element_type=\"widget\" data-widget_type=\"image.default\">\n\t\t\t\t<div class=\"elementor-widget-container\">\n\t\t\t\t\t\t\t\t\t\t\t\t\t\t\t<img decoding=\"async\" width=\"682\" height=\"1024\" src=\"https:\/\/senseexperience.es\/wp-content\/uploads\/2025\/12\/WhatsApp-Image-2025-12-04-at-14.33.39-1-Edited-682x1024.jpg\" class=\"attachment-large size-large wp-image-5466\" alt=\"Masajes Er\u00f3ticos Madrid para mujeres y parejas\" srcset=\"https:\/\/senseexperience.es\/wp-content\/uploads\/2025\/12\/WhatsApp-Image-2025-12-04-at-14.33.39-1-Edited-682x1024.jpg 682w, https:\/\/senseexperience.es\/wp-content\/uploads\/2025\/12\/WhatsApp-Image-2025-12-04-at-14.33.39-1-Edited-200x300.jpg 200w, https:\/\/senseexperience.es\/wp-content\/uploads\/2025\/12\/WhatsApp-Image-2025-12-04-at-14.33.39-1-Edited-768x1153.jpg 768w, https:\/\/senseexperience.es\/wp-content\/uploads\/2025\/12\/WhatsApp-Image-2025-12-04-at-14.33.39-1-Edited-1023x1536.jpg 1023w, https:\/\/senseexperience.es\/wp-content\/uploads\/2025\/12\/WhatsApp-Image-2025-12-04-at-14.33.39-1-Edited.jpg 1066w\" sizes=\"(max-width: 682px) 100vw, 682px\" \/>\t\t\t\t\t\t\t\t\t\t\t\t\t\t\t<\/div>\n\t\t\t\t<\/div>\n\t\t\t\t<div class=\"elementor-element elementor-element-8509a0c elementor-widget elementor-widget-image\" data-id=\"8509a0c\" data-element_type=\"widget\" data-widget_type=\"image.default\">\n\t\t\t\t<div class=\"elementor-widget-container\">\n\t\t\t\t\t\t\t\t\t\t\t\t\t\t\t<img decoding=\"async\" width=\"682\" height=\"1024\" src=\"https:\/\/senseexperience.es\/wp-content\/uploads\/2025\/12\/d7ce992c-9f30-459c-81a1-59e74107cdec-682x1024.jpg\" class=\"attachment-large size-large wp-image-5485\" alt=\"Masaje erotico madrid parejas y mujeres\" srcset=\"https:\/\/senseexperience.es\/wp-content\/uploads\/2025\/12\/d7ce992c-9f30-459c-81a1-59e74107cdec-682x1024.jpg 682w, https:\/\/senseexperience.es\/wp-content\/uploads\/2025\/12\/d7ce992c-9f30-459c-81a1-59e74107cdec-200x300.jpg 200w, https:\/\/senseexperience.es\/wp-content\/uploads\/2025\/12\/d7ce992c-9f30-459c-81a1-59e74107cdec-768x1153.jpg 768w, https:\/\/senseexperience.es\/wp-content\/uploads\/2025\/12\/d7ce992c-9f30-459c-81a1-59e74107cdec-1023x1536.jpg 1023w, https:\/\/senseexperience.es\/wp-content\/uploads\/2025\/12\/d7ce992c-9f30-459c-81a1-59e74107cdec.jpg 1066w\" sizes=\"(max-width: 682px) 100vw, 682px\" \/>\t\t\t\t\t\t\t\t\t\t\t\t\t\t\t<\/div>\n\t\t\t\t<\/div>\n\t\t\t\t<div class=\"elementor-element elementor-element-96bd79e elementor-widget elementor-widget-image\" data-id=\"96bd79e\" data-element_type=\"widget\" data-widget_type=\"image.default\">\n\t\t\t\t<div class=\"elementor-widget-container\">\n\t\t\t\t\t\t\t\t\t\t\t\t\t\t\t<img loading=\"lazy\" decoding=\"async\" width=\"682\" height=\"1024\" src=\"https:\/\/senseexperience.es\/wp-content\/uploads\/2025\/12\/a45bb2d6-c3b0-4489-b70e-666832c8b163-682x1024.jpg\" class=\"attachment-large size-large wp-image-5499\" alt=\"Masajes Er\u00f3ticos Madrid para mujeres y parejas\" srcset=\"https:\/\/senseexperience.es\/wp-content\/uploads\/2025\/12\/a45bb2d6-c3b0-4489-b70e-666832c8b163-682x1024.jpg 682w, https:\/\/senseexperience.es\/wp-content\/uploads\/2025\/12\/a45bb2d6-c3b0-4489-b70e-666832c8b163-200x300.jpg 200w, https:\/\/senseexperience.es\/wp-content\/uploads\/2025\/12\/a45bb2d6-c3b0-4489-b70e-666832c8b163-768x1153.jpg 768w, https:\/\/senseexperience.es\/wp-content\/uploads\/2025\/12\/a45bb2d6-c3b0-4489-b70e-666832c8b163-1023x1536.jpg 1023w, https:\/\/senseexperience.es\/wp-content\/uploads\/2025\/12\/a45bb2d6-c3b0-4489-b70e-666832c8b163.jpg 1066w\" sizes=\"(max-width: 682px) 100vw, 682px\" \/>\t\t\t\t\t\t\t\t\t\t\t\t\t\t\t<\/div>\n\t\t\t\t<\/div>\n\t\t\t\t<\/div>\n\t\t\t\t<div class=\"elementor-element elementor-element-1b53681 elementor-widget elementor-widget-text-editor\" data-id=\"1b53681\" data-element_type=\"widget\" data-widget_type=\"text-editor.default\">\n\t\t\t\t<div class=\"elementor-widget-container\">\n\t\t\t\t\t\t\t\t\t<div id=\"jw-element-421755118\" class=\"jw-tree-node jw-element jw-image-text\" data-jw-element-id=\"421755118\"><div class=\"jw-element-imagetext-text\"><p data-start=\"191\" data-end=\"282\"><strong data-start=\"195\" data-end=\"282\">Lia \u2013 Colombiana Apasionada | Masaje Er\u00f3tico con Calidez y Encanto Latino<\/strong><\/p><p data-start=\"191\" data-end=\"282\"><strong data-start=\"195\" data-end=\"282\">\u00a0<\/strong><\/p><p data-start=\"284\" data-end=\"534\">D\u00e9jate envolver por <strong data-start=\"304\" data-end=\"311\">Lia<\/strong>, una colombiana, de belleza vibrante y presencia magn\u00e9tica. Su piel canela, su sonrisa seductora y su energ\u00eda c\u00e1lida despiertan los sentidos y te invitan a un viaje \u00edntimo donde la pasi\u00f3n se funde con la elegancia.<\/p><p data-start=\"536\" data-end=\"768\">Especialista en <strong data-start=\"552\" data-end=\"615\">masaje t\u00e1ntrico, sensitivo y cuerpo a cuerpo (body to body)<\/strong>, Lia ofrece mucho m\u00e1s que un masaje: una <strong data-start=\"657\" data-end=\"691\">experiencia profunda y sensual<\/strong>, donde cada caricia, cada respiraci\u00f3n y cada mirada conectan con tu esencia.<\/p><p data-start=\"770\" data-end=\"966\">Recibe en un <strong data-start=\"783\" data-end=\"813\">espacio privado y acogedor<\/strong>, dise\u00f1ado para el bienestar de caballeros que buscan algo aut\u00e9ntico, lejos de lo convencional. Un encuentro \u00edntimo, discreto y cargado de conexi\u00f3n real.<\/p><p data-start=\"968\" data-end=\"1051\"><strong data-start=\"968\" data-end=\"1051\">Lia \u2013 calidez colombiana, manos que despiertan y erotismo que acaricia el alma.<\/strong><\/p><\/div><\/div>\t\t\t\t\t\t\t\t<\/div>\n\t\t\t\t<\/div>\n\t\t\t\t<\/div>\n\t\t\t\t\t<\/div>\n\t\t\t\t<\/div>\n\t\t\t\t<\/div>\n\t\t","protected":false},"excerpt":{"rendered":"<p>Lia \ud83c\udde8\ud83c\uddf4 Lia \u2013 Colombiana Apasionada | Masaje Er\u00f3tico con Calidez y Encanto Latino \u00a0 D\u00e9jate envolver por Lia, una colombiana, de belleza vibrante y presencia magn\u00e9tica. Su piel canela, su sonrisa seductora y su energ\u00eda c\u00e1lida despiertan los sentidos y te invitan a un viaje \u00edntimo donde la pasi\u00f3n se funde con la elegancia. [&hellip;]<\/p>\n","protected":false},"author":1,"featured_media":0,"parent":0,"menu_order":0,"comment_status":"closed","ping_status":"closed","template":"","meta":{"footnotes":""},"class_list":["post-5584","page","type-page","status-publish","hentry"],"_links":{"self":[{"href":"https:\/\/senseexperience.es\/en\/wp-json\/wp\/v2\/pages\/5584","targetHints":{"allow":["GET"]}}],"collection":[{"href":"https:\/\/senseexperience.es\/en\/wp-json\/wp\/v2\/pages"}],"about":[{"href":"https:\/\/senseexperience.es\/en\/wp-json\/wp\/v2\/types\/page"}],"author":[{"embeddable":true,"href":"https:\/\/senseexperience.es\/en\/wp-json\/wp\/v2\/users\/1"}],"replies":[{"embeddable":true,"href":"https:\/\/senseexperience.es\/en\/wp-json\/wp\/v2\/comments?post=5584"}],"version-history":[{"count":4,"href":"https:\/\/senseexperience.es\/en\/wp-json\/wp\/v2\/pages\/5584\/revisions"}],"predecessor-version":[{"id":6282,"href":"https:\/\/senseexperience.es\/en\/wp-json\/wp\/v2\/pages\/5584\/revisions\/6282"}],"wp:attachment":[{"href":"https:\/\/senseexperience.es\/en\/wp-json\/wp\/v2\/media?parent=5584"}],"curies":[{"name":"wp","href":"https:\/\/api.w.org\/{rel}","templated":true}]}}