{"id":4519,"date":"2025-08-10T23:08:59","date_gmt":"2025-08-10T23:08:59","guid":{"rendered":"https:\/\/senseexperience.es\/sara\/"},"modified":"2025-08-10T23:10:39","modified_gmt":"2025-08-10T23:10:39","slug":"sara","status":"publish","type":"page","link":"https:\/\/senseexperience.es\/ar\/sara\/","title":{"rendered":"Sara"},"content":{"rendered":"\t\t<div data-elementor-type=\"wp-page\" data-elementor-id=\"4519\" class=\"elementor elementor-4519 elementor-4511\" data-elementor-post-type=\"page\">\n\t\t\t\t<div class=\"elementor-element elementor-element-c46de7f e-flex e-con-boxed e-con e-parent\" data-id=\"c46de7f\" data-element_type=\"container\">\n\t\t\t\t\t<div class=\"e-con-inner\">\n\t\t<div class=\"elementor-element elementor-element-052d723 e-con-full e-flex e-con e-child\" data-id=\"052d723\" data-element_type=\"container\">\n\t\t\t\t<div class=\"elementor-element elementor-element-b965f54 elementor-widget elementor-widget-heading\" data-id=\"b965f54\" data-element_type=\"widget\" data-widget_type=\"heading.default\">\n\t\t\t\t<div class=\"elementor-widget-container\">\n\t\t\t\t\t<h3 class=\"elementor-heading-title elementor-size-default\">Sara \ud83c\udde7\ud83c\uddf7<\/h3>\t\t\t\t<\/div>\n\t\t\t\t<\/div>\n\t\t<div class=\"elementor-element elementor-element-af73d4a e-con-full e-flex e-con e-child\" data-id=\"af73d4a\" data-element_type=\"container\">\n\t\t\t\t<div class=\"elementor-element elementor-element-f4f07ff elementor-widget elementor-widget-image\" data-id=\"f4f07ff\" data-element_type=\"widget\" data-widget_type=\"image.default\">\n\t\t\t\t<div class=\"elementor-widget-container\">\n\t\t\t\t\t\t\t\t\t\t\t\t\t\t\t<img fetchpriority=\"high\" decoding=\"async\" width=\"682\" height=\"1024\" src=\"https:\/\/senseexperience.es\/wp-content\/uploads\/2025\/05\/WhatsApp-Image-2025-05-09-at-19.45.11-682x1024.jpeg\" class=\"attachment-large size-large wp-image-2522\" alt=\"Masaje erotico tantrico madrid\" srcset=\"https:\/\/senseexperience.es\/wp-content\/uploads\/2025\/05\/WhatsApp-Image-2025-05-09-at-19.45.11-682x1024.jpeg 682w, https:\/\/senseexperience.es\/wp-content\/uploads\/2025\/05\/WhatsApp-Image-2025-05-09-at-19.45.11-200x300.jpeg 200w, https:\/\/senseexperience.es\/wp-content\/uploads\/2025\/05\/WhatsApp-Image-2025-05-09-at-19.45.11-768x1153.jpeg 768w, https:\/\/senseexperience.es\/wp-content\/uploads\/2025\/05\/WhatsApp-Image-2025-05-09-at-19.45.11-1023x1536.jpeg 1023w, https:\/\/senseexperience.es\/wp-content\/uploads\/2025\/05\/WhatsApp-Image-2025-05-09-at-19.45.11.jpeg 1066w\" sizes=\"(max-width: 682px) 100vw, 682px\" \/>\t\t\t\t\t\t\t\t\t\t\t\t\t\t\t<\/div>\n\t\t\t\t<\/div>\n\t\t\t\t<div class=\"elementor-element elementor-element-4110de1 elementor-widget elementor-widget-image\" data-id=\"4110de1\" data-element_type=\"widget\" data-widget_type=\"image.default\">\n\t\t\t\t<div class=\"elementor-widget-container\">\n\t\t\t\t\t\t\t\t\t\t\t\t\t\t\t<img decoding=\"async\" width=\"682\" height=\"1024\" src=\"https:\/\/senseexperience.es\/wp-content\/uploads\/2025\/05\/WhatsApp-Image-2025-05-09-at-20.19.05-682x1024.jpeg\" class=\"attachment-large size-large wp-image-2507\" alt=\"Masaje erotico tantrico madrid\" srcset=\"https:\/\/senseexperience.es\/wp-content\/uploads\/2025\/05\/WhatsApp-Image-2025-05-09-at-20.19.05-682x1024.jpeg 682w, https:\/\/senseexperience.es\/wp-content\/uploads\/2025\/05\/WhatsApp-Image-2025-05-09-at-20.19.05-200x300.jpeg 200w, https:\/\/senseexperience.es\/wp-content\/uploads\/2025\/05\/WhatsApp-Image-2025-05-09-at-20.19.05-768x1153.jpeg 768w, https:\/\/senseexperience.es\/wp-content\/uploads\/2025\/05\/WhatsApp-Image-2025-05-09-at-20.19.05-1023x1536.jpeg 1023w, https:\/\/senseexperience.es\/wp-content\/uploads\/2025\/05\/WhatsApp-Image-2025-05-09-at-20.19.05.jpeg 1066w\" sizes=\"(max-width: 682px) 100vw, 682px\" \/>\t\t\t\t\t\t\t\t\t\t\t\t\t\t\t<\/div>\n\t\t\t\t<\/div>\n\t\t\t\t<div class=\"elementor-element elementor-element-70eaecf elementor-widget elementor-widget-image\" data-id=\"70eaecf\" data-element_type=\"widget\" data-widget_type=\"image.default\">\n\t\t\t\t<div class=\"elementor-widget-container\">\n\t\t\t\t\t\t\t\t\t\t\t\t\t\t\t<img decoding=\"async\" width=\"682\" height=\"1024\" src=\"https:\/\/senseexperience.es\/wp-content\/uploads\/2025\/05\/WhatsApp-Image-2025-05-09-at-19.53.18-682x1024.jpeg\" class=\"attachment-large size-large wp-image-2517\" alt=\"Masaje erotico tantrico madrid\" srcset=\"https:\/\/senseexperience.es\/wp-content\/uploads\/2025\/05\/WhatsApp-Image-2025-05-09-at-19.53.18-682x1024.jpeg 682w, https:\/\/senseexperience.es\/wp-content\/uploads\/2025\/05\/WhatsApp-Image-2025-05-09-at-19.53.18-200x300.jpeg 200w, https:\/\/senseexperience.es\/wp-content\/uploads\/2025\/05\/WhatsApp-Image-2025-05-09-at-19.53.18-768x1153.jpeg 768w, https:\/\/senseexperience.es\/wp-content\/uploads\/2025\/05\/WhatsApp-Image-2025-05-09-at-19.53.18-1023x1536.jpeg 1023w, https:\/\/senseexperience.es\/wp-content\/uploads\/2025\/05\/WhatsApp-Image-2025-05-09-at-19.53.18.jpeg 1066w\" sizes=\"(max-width: 682px) 100vw, 682px\" \/>\t\t\t\t\t\t\t\t\t\t\t\t\t\t\t<\/div>\n\t\t\t\t<\/div>\n\t\t\t\t<div class=\"elementor-element elementor-element-e2d266a elementor-widget elementor-widget-image\" data-id=\"e2d266a\" data-element_type=\"widget\" data-widget_type=\"image.default\">\n\t\t\t\t<div class=\"elementor-widget-container\">\n\t\t\t\t\t\t\t\t\t\t\t\t\t\t\t<img loading=\"lazy\" decoding=\"async\" width=\"683\" height=\"1024\" src=\"https:\/\/senseexperience.es\/wp-content\/uploads\/2025\/05\/WhatsApp-Image-2025-05-09-at-20.08.36-683x1024.jpeg\" class=\"attachment-large size-large wp-image-2532\" alt=\"Masaje erotico tantrico madrid\" srcset=\"https:\/\/senseexperience.es\/wp-content\/uploads\/2025\/05\/WhatsApp-Image-2025-05-09-at-20.08.36-683x1024.jpeg 683w, https:\/\/senseexperience.es\/wp-content\/uploads\/2025\/05\/WhatsApp-Image-2025-05-09-at-20.08.36-200x300.jpeg 200w, https:\/\/senseexperience.es\/wp-content\/uploads\/2025\/05\/WhatsApp-Image-2025-05-09-at-20.08.36-768x1152.jpeg 768w, https:\/\/senseexperience.es\/wp-content\/uploads\/2025\/05\/WhatsApp-Image-2025-05-09-at-20.08.36-1024x1536.jpeg 1024w, https:\/\/senseexperience.es\/wp-content\/uploads\/2025\/05\/WhatsApp-Image-2025-05-09-at-20.08.36.jpeg 1067w\" sizes=\"(max-width: 683px) 100vw, 683px\" \/>\t\t\t\t\t\t\t\t\t\t\t\t\t\t\t<\/div>\n\t\t\t\t<\/div>\n\t\t\t\t<\/div>\n\t\t\t\t<div class=\"elementor-element elementor-element-3700496 elementor-widget elementor-widget-text-editor\" data-id=\"3700496\" data-element_type=\"widget\" data-widget_type=\"text-editor.default\">\n\t\t\t\t<div class=\"elementor-widget-container\">\n\t\t\t\t\t\t\t\t\t<div id=\"jw-element-421755118\" class=\"jw-tree-node jw-element jw-image-text\" data-jw-element-id=\"421755118\"><div class=\"jw-element-imagetext-text\"><div id=\"jw-element-421759247\" class=\"jw-tree-node jw-element jw-image-text\" data-jw-element-id=\"421759247\"><div class=\"jw-element-imagetext-text\"><p data-start=\"267\" data-end=\"353\"><strong data-start=\"267\" data-end=\"353\">Sara \u2013 Joven Diosa Brasile\u00f1a de 20 A\u00f1os | Piel Morena y Sensualidad Ardiente <\/strong><\/p><p data-start=\"355\" data-end=\"670\"> <\/p><p data-start=\"355\" data-end=\"670\">Con solo <strong data-start=\"364\" data-end=\"375\">20 a\u00f1os<\/strong>, <strong data-start=\"377\" data-end=\"385\">Sara<\/strong> es una aut\u00e9ntica <strong data-start=\"403\" data-end=\"421\">joya brasile\u00f1a<\/strong>: joven, ardiente y absolutamente irresistible. Su <strong data-start=\"472\" data-end=\"487\">piel morena<\/strong>, suave y c\u00e1lida, su energ\u00eda vibrante y su belleza ex\u00f3tica la convierten en una <strong data-start=\"567\" data-end=\"587\">diosa del placer<\/strong>, hecha para quienes buscan una experiencia fresca, intensa y llena de sensualidad. <\/p><p data-start=\"672\" data-end=\"1031\">Su cuerpo joven y bien cuidado, sus movimientos naturales y su actitud juguetona pero elegante, hacen que cada sesi\u00f3n con ella sea una explosi\u00f3n de <strong data-start=\"820\" data-end=\"846\">placer y conexi\u00f3n real<\/strong>. Experta en <strong data-start=\"859\" data-end=\"885\">masaje cuerpo a cuerpo<\/strong>, <strong data-start=\"887\" data-end=\"899\">t\u00e1ntrico<\/strong> y <strong data-start=\"902\" data-end=\"915\">sensitivo<\/strong>, Sara te invita a dejarte llevar por sus caricias y disfrutar de una atenci\u00f3n delicada, provocadora y muy personal. <\/p><p data-start=\"1033\" data-end=\"1239\">Atiende en un ambiente \u00edntimo, limpio y discreto, ideal para hombres respetuosos que saben apreciar la compa\u00f1\u00eda de una belleza joven y apasionada. Tambi\u00e9n disponible para <strong data-start=\"1204\" data-end=\"1238\">encuentros selectos en hoteles<\/strong>. <\/p><p data-start=\"1241\" data-end=\"1344\"> <\/p><p data-start=\"1241\" data-end=\"1344\"><strong data-start=\"1241\" data-end=\"1344\">Sara \u2013 20 a\u00f1os de fuego brasile\u00f1o en su punto m\u00e1s dulce. Joven, morena y absolutamente inolvidable. <\/strong><\/p><\/div><\/div><\/div><\/div>\t\t\t\t\t\t\t\t<\/div>\n\t\t\t\t<\/div>\n\t\t\t\t<\/div>\n\t\t\t\t\t<\/div>\n\t\t\t\t<\/div>\n\t\t\t\t<\/div>\n\t\t","protected":false},"excerpt":{"rendered":"<p>Sara \ud83c\udde7\ud83c\uddf7 Sara \u2013 Joven Diosa Brasile\u00f1a de 20 A\u00f1os | Piel Morena y Sensualidad Ardiente Con solo 20 a\u00f1os, Sara es una aut\u00e9ntica joya brasile\u00f1a: joven, ardiente y absolutamente irresistible. Su piel morena, suave y c\u00e1lida, su energ\u00eda vibrante y su belleza ex\u00f3tica la convierten en una diosa del placer, hecha para quienes buscan [&hellip;]<\/p>\n","protected":false},"author":1,"featured_media":0,"parent":0,"menu_order":0,"comment_status":"closed","ping_status":"closed","template":"","meta":{"footnotes":""},"class_list":["post-4519","page","type-page","status-publish","hentry"],"_links":{"self":[{"href":"https:\/\/senseexperience.es\/ar\/wp-json\/wp\/v2\/pages\/4519","targetHints":{"allow":["GET"]}}],"collection":[{"href":"https:\/\/senseexperience.es\/ar\/wp-json\/wp\/v2\/pages"}],"about":[{"href":"https:\/\/senseexperience.es\/ar\/wp-json\/wp\/v2\/types\/page"}],"author":[{"embeddable":true,"href":"https:\/\/senseexperience.es\/ar\/wp-json\/wp\/v2\/users\/1"}],"replies":[{"embeddable":true,"href":"https:\/\/senseexperience.es\/ar\/wp-json\/wp\/v2\/comments?post=4519"}],"version-history":[{"count":1,"href":"https:\/\/senseexperience.es\/ar\/wp-json\/wp\/v2\/pages\/4519\/revisions"}],"predecessor-version":[{"id":4520,"href":"https:\/\/senseexperience.es\/ar\/wp-json\/wp\/v2\/pages\/4519\/revisions\/4520"}],"wp:attachment":[{"href":"https:\/\/senseexperience.es\/ar\/wp-json\/wp\/v2\/media?parent=4519"}],"curies":[{"name":"wp","href":"https:\/\/api.w.org\/{rel}","templated":true}]}}